{"id":754,"date":"2025-02-14T10:07:00","date_gmt":"2025-02-14T10:07:00","guid":{"rendered":"https:\/\/manyoki.de\/?page_id=754"},"modified":"2025-04-18T08:26:08","modified_gmt":"2025-04-18T08:26:08","slug":"nevadonk","status":"publish","type":"page","link":"https:\/\/manyoki.de\/de\/nevadonk\/","title":{"rendered":"N\u00e9vad\u00f3nk"},"content":{"rendered":"\t\t<div data-elementor-type=\"wp-page\" data-elementor-id=\"754\" class=\"elementor elementor-754\" data-elementor-post-type=\"page\">\n\t\t\t\t\t\t<section class=\"elementor-section elementor-top-section elementor-element elementor-element-9ada56b elementor-section-boxed elementor-section-height-default elementor-section-height-default\" data-id=\"9ada56b\" data-element_type=\"section\" data-e-type=\"section\">\n\t\t\t\t\t\t<div class=\"elementor-container elementor-column-gap-default\">\n\t\t\t\t\t<div class=\"elementor-column elementor-col-100 elementor-top-column elementor-element elementor-element-45ec2c9\" data-id=\"45ec2c9\" data-element_type=\"column\" data-e-type=\"column\">\n\t\t\t<div class=\"elementor-widget-wrap elementor-element-populated\">\n\t\t\t\t\t\t<div class=\"elementor-element elementor-element-85374a7 elementor-widget elementor-widget-heading\" data-id=\"85374a7\" data-element_type=\"widget\" data-e-type=\"widget\" data-widget_type=\"heading.default\">\n\t\t\t\t<div class=\"elementor-widget-container\">\n\t\t\t\t\t<h2 class=\"elementor-heading-title elementor-size-default\">N\u00e9vad\u00f3nk\n<\/h2>\t\t\t\t<\/div>\n\t\t\t\t<\/div>\n\t\t\t\t<div class=\"elementor-element elementor-element-8a5a3d2 elementor-widget-divider--view-line elementor-widget elementor-widget-divider\" data-id=\"8a5a3d2\" data-element_type=\"widget\" data-e-type=\"widget\" data-widget_type=\"divider.default\">\n\t\t\t\t<div class=\"elementor-widget-container\">\n\t\t\t\t\t\t\t<div class=\"elementor-divider\">\n\t\t\t<span class=\"elementor-divider-separator\">\n\t\t\t\t\t\t<\/span>\n\t\t<\/div>\n\t\t\t\t\t\t<\/div>\n\t\t\t\t<\/div>\n\t\t\t\t<section class=\"elementor-section elementor-inner-section elementor-element elementor-element-b96ef67 elementor-section-boxed elementor-section-height-default elementor-section-height-default\" data-id=\"b96ef67\" data-element_type=\"section\" data-e-type=\"section\">\n\t\t\t\t\t\t<div class=\"elementor-container elementor-column-gap-default\">\n\t\t\t\t\t<div class=\"elementor-column elementor-col-50 elementor-inner-column elementor-element elementor-element-3cfee0d\" data-id=\"3cfee0d\" data-element_type=\"column\" data-e-type=\"column\">\n\t\t\t<div class=\"elementor-widget-wrap elementor-element-populated\">\n\t\t\t\t\t\t<div class=\"elementor-element elementor-element-6917986 elementor-widget elementor-widget-heading\" data-id=\"6917986\" data-element_type=\"widget\" data-e-type=\"widget\" data-widget_type=\"heading.default\">\n\t\t\t\t<div class=\"elementor-widget-container\">\n\t\t\t\t\t<h2 class=\"elementor-heading-title elementor-size-default\">M\u00e1nyoki \u00c1d\u00e1m<\/h2>\t\t\t\t<\/div>\n\t\t\t\t<\/div>\n\t\t\t\t<div class=\"elementor-element elementor-element-77589e8 elementor-widget elementor-widget-text-editor\" data-id=\"77589e8\" data-element_type=\"widget\" data-e-type=\"widget\" data-widget_type=\"text-editor.default\">\n\t\t\t\t<div class=\"elementor-widget-container\">\n\t\t\t\t\t\t\t\t\t<p>M\u00e1nyoki \u00c1d\u00e1m portr\u00e9fest\u0151 els\u0151sorban II. R\u00e1k\u00f3czi Ferencnek tett szolg\u00e1latai ok\u00e1n ismert sz\u00e9les k\u00f6rben napjainkban is. A magyarorsz\u00e1gi sz\u00fclet\u00e9s\u0171 m\u0171v\u00e9szt tev\u00e9kenys\u00e9g\u00e9nek nagy r\u00e9sze azonban nem haz\u00e1j\u00e1hoz k\u00f6ti, hanem a n\u00e9met nyelvter\u00fclethez, ahol els\u0151sorban Berlin, majd hosszabb ideig Drezda fejedelmi udvaraiban dolgozott.<\/p><p>M\u00e1nyoki 1673-ban sz\u00fcletett az egykori Hont v\u00e1rmegy\u00e9ben, a napjainkban Pest megy\u00e9ben tal\u00e1lhat\u00f3 Szokoly\u00e1n, egy nemesi sz\u00e1rmaz\u00e1s\u00fa reform\u00e1tus lelk\u00e9szcsal\u00e1dban. A magyarorsz\u00e1gi t\u00f6r\u00f6k h\u00e1bor\u00fak miatt csal\u00e1dja menek\u00fclni k\u00e9nyszer\u00fclt. 1685-ben, a tizenk\u00e9t \u00e9ves \u00c1d\u00e1mot a braunschweig-l\u00fcneburgi csapatok f\u0151hadb\u00edr\u00e1ja mag\u00e1hoz vette \u00e9s a n\u00e9metorsz\u00e1gi Cell\u00e9be vitte. Itt rajzolni tanult, majd 1692-re, tizenkilenc \u00e9ves kor\u00e1ban m\u00e1r \u00f6n\u00e1ll\u00f3 portr\u00e9fest\u0151k\u00e9nt dolgozott L\u00fcneburgban.<\/p><p>1703-t\u00f3l Berlinben tart\u00f3zkodott, ahol nagyl\u00e9pt\u00e9k\u0171 \u00faj\u00edt\u00e1sok, \u00e9p\u00edtkez\u00e9sek voltak folyamatban I. Frigyes porosz kir\u00e1ly udvar\u00e1ban. A fest\u0151t a tr\u00f3n\u00f6r\u00f6k\u00f6s, a k\u00e9s\u0151bbi I. Frigyes Vilmos b\u00edzta meg a 6. gyalogs\u00e1gi ezred tisztjei portr\u00e9sorozat\u00e1nak megfest\u00e9s\u00e9vel. 1706\u20131707 sor\u00e1n, m\u00e1sf\u00e9l \u00e9vig k\u00e9sz\u00fclt a tisztigal\u00e9ria.<\/p><p>M\u00e1nyokit id\u0151k\u00f6zben felk\u00e9rte II. R\u00e1k\u00f3czi Ferenc vez\u00e9rl\u0151 fejedelem udvari fest\u0151j\u00e9nek, amit el is fogadott. A fest\u0151 1707 \u0151sz\u00e9n \u00e1lt szolg\u00e1latba R\u00e1k\u00f3czi mellett, amikor is a fejedelem elrendelte, hogy M\u00e1nyoki saj\u00e1t\u00edtsa el a r\u00e9zmetsz\u00e9s technik\u00e1j\u00e1t amire a politikai propaganda miatt volt sz\u00fcks\u00e9g, els\u0151sorban R\u00e1k\u00f3czi arck\u00e9p\u00e9nek terjeszt\u00e9se c\u00e9lj\u00e1b\u00f3l. A Berlinben k\u00e9sz\u00fclt R\u00e1k\u00f3czin\u00e9t \u00e1br\u00e1zol\u00f3 portr\u00e9 ut\u00f3lagos p\u00e1rjak\u00e9nt elk\u00e9sz\u00edtette a fejedelem portr\u00e9j\u00e1t is.<\/p><p>V\u00e9g\u00fcl megb\u00edz\u00e1st Er\u0151s \u00c1gost sz\u00e1sz v\u00e1laszt\u00f3fejedelem \u00e9s lengyel kir\u00e1ly megb\u00edz\u00e1s\u00e1b\u00f3l kapott 1713-ban. A fennmaradt m\u0171vek a lengyel udvar n\u0151tagjait \u00e1br\u00e1zolja. A sorozat a fejedelem drezdai Residenzschlo\u00df \u00fagynevezett \u201esz\u00e9ps\u00e9ggal\u00e9ri\u00e1j\u00e1nak\u201d k\u00e9pezte r\u00e9sz\u00e9t.<\/p><p>1723-ban B\u00e9csben tal\u00e1ljuk M\u00e1nyokit, azonban odautaz\u00e1s\u00e1nak oka nem ismert pontosan, k\u00e9t k\u00e9p \u00e1rulkodik r\u00f3la; VI. K\u00e1roly cs\u00e1sz\u00e1r l\u00e1nyair\u00f3l M\u00e1ria Ter\u00e9zi\u00e1r\u00f3l \u00e9s M\u00e1ria Ann\u00e1r\u00f3l k\u00e9sz\u00edtett egy-egy portr\u00e9t majd tov\u00e1bb haladt Magyarorsz\u00e1gra. M\u00e1nyoki id\u0151k\u00f6zben elvesztette a sz\u00e1sz udvari fest\u0151i c\u00edm\u00e9t, t\u00f6bbfel\u00e9 is megfordul N\u00e9metorsz\u00e1gban, v\u00e9g\u00fcl 1731-ben t\u00e9rt vissza a sz\u00e1sz f\u0151v\u00e1rosba, imm\u00e1r v\u00e9gleg. M\u00e1nyoki az 1730-as \u00e9vekt\u0151l egyre kevesebb megrendel\u00e9st kapott. Hosszas levelez\u00e9s ut\u00e1n kapta csak vissza udvari fest\u0151i poz\u00edci\u00f3j\u00e1t 1736-ban. Drezd\u00e1ban hunyt el 1757. augusztus 6-\u00e1n.<\/p><p>M\u00e1nyoki \u00c1d\u00e1m n\u00e9metorsz\u00e1gi tev\u00e9kenys\u00e9g\u00e9r\u0151l ez a r\u00f6vid kivonat a Fodor \u00c1kos dolgozata alapj\u00e1n k\u00e9sz\u00fclt. A teljes dolgozat <a href=\"https:\/\/manyoki.de\/wp-content\/uploads\/2025\/02\/FODOR-Akos-Manyoki-Adam-nemetorszagi-tevekenysege-dolgozat.pdf\" target=\"_blank\" rel=\"noopener\">itt<\/a> \u00e9rhet\u0151 el.<\/p>\t\t\t\t\t\t\t\t<\/div>\n\t\t\t\t<\/div>\n\t\t\t\t\t<\/div>\n\t\t<\/div>\n\t\t\t\t<div class=\"elementor-column elementor-col-50 elementor-inner-column elementor-element elementor-element-e811e65\" data-id=\"e811e65\" data-element_type=\"column\" data-e-type=\"column\">\n\t\t\t<div class=\"elementor-widget-wrap elementor-element-populated\">\n\t\t\t\t\t\t<div class=\"elementor-element elementor-element-f2062a8 elementor-widget elementor-widget-image\" data-id=\"f2062a8\" data-element_type=\"widget\" data-e-type=\"widget\" data-widget_type=\"image.default\">\n\t\t\t\t<div class=\"elementor-widget-container\">\n\t\t\t\t\t\t\t\t\t\t\t\t\t\t\t<img fetchpriority=\"high\" decoding=\"async\" width=\"488\" height=\"691\" src=\"https:\/\/manyoki.de\/wp-content\/uploads\/2025\/02\/ORSZ_NEMG_Kv_11_Manyoki__pages68-68.png\" class=\"attachment-large size-large wp-image-722\" alt=\"\" srcset=\"https:\/\/manyoki.de\/wp-content\/uploads\/2025\/02\/ORSZ_NEMG_Kv_11_Manyoki__pages68-68.png 488w, https:\/\/manyoki.de\/wp-content\/uploads\/2025\/02\/ORSZ_NEMG_Kv_11_Manyoki__pages68-68-212x300.png 212w\" sizes=\"(max-width: 488px) 100vw, 488px\" \/>\t\t\t\t\t\t\t\t\t\t\t\t\t\t\t<\/div>\n\t\t\t\t<\/div>\n\t\t\t\t<div class=\"elementor-element elementor-element-6c984b9 elementor-widget elementor-widget-text-editor\" data-id=\"6c984b9\" data-element_type=\"widget\" data-e-type=\"widget\" data-widget_type=\"text-editor.default\">\n\t\t\t\t<div class=\"elementor-widget-container\">\n\t\t\t\t\t\t\t\t\t<p>\u00d6narck\u00e9p (Selbstbildnis) 1711, Budapest, Magyar Nemzeti Gal\u00e9ria (Ungarische Nationalgalerie) [1]<\/p>\t\t\t\t\t\t\t\t<\/div>\n\t\t\t\t<\/div>\n\t\t\t\t\t<\/div>\n\t\t<\/div>\n\t\t\t\t\t<\/div>\n\t\t<\/section>\n\t\t\t\t<div class=\"elementor-element elementor-element-3db6008 elementor-widget elementor-widget-text-editor\" data-id=\"3db6008\" data-element_type=\"widget\" data-e-type=\"widget\" data-widget_type=\"text-editor.default\">\n\t\t\t\t<div class=\"elementor-widget-container\">\n\t\t\t\t\t\t\t\t\t<p>[1] Enik\u0151 Buz\u00e1si: \u00c1d\u00e1m M\u00e1nyoki (1673\u20131757). Monographie und \u0152uvrekatalog. Ungarische Nationalgalerie und Pannon GSM, Budapest 2003, <a href=\"https:\/\/de.wikipedia.org\/wiki\/Spezial:ISBN-Suche\/9637432868\">ISBN 963-7432-86-8<\/a> (<a href=\"https:\/\/library.hungaricana.hu\/hu\/view\/ORSZ_NEMG_Kv_11_Manyoki\/?pg=4&amp;layout=s&amp;query=Adam%2520Manyoki\">library.hungaricana.hu<\/a>).<\/p>\t\t\t\t\t\t\t\t<\/div>\n\t\t\t\t<\/div>\n\t\t\t\t\t<\/div>\n\t\t<\/div>\n\t\t\t\t\t<\/div>\n\t\t<\/section>\n\t\t\t\t<\/div>\n\t\t","protected":false},"excerpt":{"rendered":"<p>N\u00e9vad\u00f3nk M\u00e1nyoki \u00c1d\u00e1m M\u00e1nyoki \u00c1d\u00e1m portr\u00e9fest\u0151 els\u0151sorban II. R\u00e1k\u00f3czi Ferencnek tett szolg\u00e1latai ok\u00e1n ismert sz\u00e9les k\u00f6rben napjainkban is. A magyarorsz\u00e1gi sz\u00fclet\u00e9s\u0171 m\u0171v\u00e9szt tev\u00e9kenys\u00e9g\u00e9nek nagy r\u00e9sze azonban nem haz\u00e1j\u00e1hoz k\u00f6ti, hanem a n\u00e9met nyelvter\u00fclethez, ahol els\u0151sorban Berlin, majd hosszabb ideig Drezda fejedelmi udvaraiban dolgozott. M\u00e1nyoki 1673-ban sz\u00fcletett az egykori Hont v\u00e1rmegy\u00e9ben, a napjainkban Pest megy\u00e9ben tal\u00e1lhat\u00f3 [&hellip;]<\/p>\n","protected":false},"author":1,"featured_media":0,"parent":0,"menu_order":0,"comment_status":"closed","ping_status":"closed","template":"elementor_header_footer","meta":{"footnotes":""},"class_list":["post-754","page","type-page","status-publish","hentry"],"yoast_head":"<!-- This site is optimized with the Yoast SEO plugin v27.4 - https:\/\/yoast.com\/product\/yoast-seo-wordpress\/ -->\n<title>N\u00e9vad\u00f3nk - M\u00e1nyoki \u00c1d\u00e1m deutsch-ungarischer Kulturverein e.V.<\/title>\n<meta name=\"robots\" content=\"index, follow, max-snippet:-1, max-image-preview:large, max-video-preview:-1\" \/>\n<link rel=\"canonical\" href=\"https:\/\/manyoki.de\/de\/nevadonk\/\" \/>\n<meta property=\"og:locale\" content=\"de_DE\" \/>\n<meta property=\"og:type\" content=\"article\" \/>\n<meta property=\"og:title\" content=\"N\u00e9vad\u00f3nk - M\u00e1nyoki \u00c1d\u00e1m deutsch-ungarischer Kulturverein e.V.\" \/>\n<meta property=\"og:description\" content=\"N\u00e9vad\u00f3nk M\u00e1nyoki \u00c1d\u00e1m M\u00e1nyoki \u00c1d\u00e1m portr\u00e9fest\u0151 els\u0151sorban II. R\u00e1k\u00f3czi Ferencnek tett szolg\u00e1latai ok\u00e1n ismert sz\u00e9les k\u00f6rben napjainkban is. A magyarorsz\u00e1gi sz\u00fclet\u00e9s\u0171 m\u0171v\u00e9szt tev\u00e9kenys\u00e9g\u00e9nek nagy r\u00e9sze azonban nem haz\u00e1j\u00e1hoz k\u00f6ti, hanem a n\u00e9met nyelvter\u00fclethez, ahol els\u0151sorban Berlin, majd hosszabb ideig Drezda fejedelmi udvaraiban dolgozott. M\u00e1nyoki 1673-ban sz\u00fcletett az egykori Hont v\u00e1rmegy\u00e9ben, a napjainkban Pest megy\u00e9ben tal\u00e1lhat\u00f3 [&hellip;]\" \/>\n<meta property=\"og:url\" content=\"https:\/\/manyoki.de\/de\/nevadonk\/\" \/>\n<meta property=\"og:site_name\" content=\"M\u00e1nyoki \u00c1d\u00e1m deutsch-ungarischer Kulturverein e.V.\" \/>\n<meta property=\"article:modified_time\" content=\"2025-04-18T08:26:08+00:00\" \/>\n<meta property=\"og:image\" content=\"https:\/\/manyoki.de\/wp-content\/uploads\/2025\/02\/ORSZ_NEMG_Kv_11_Manyoki__pages68-68.png\" \/>\n\t<meta property=\"og:image:width\" content=\"488\" \/>\n\t<meta property=\"og:image:height\" content=\"691\" \/>\n\t<meta property=\"og:image:type\" content=\"image\/png\" \/>\n<meta name=\"twitter:card\" content=\"summary_large_image\" \/>\n<meta name=\"twitter:label1\" content=\"Gesch\u00e4tzte Lesezeit\" \/>\n\t<meta name=\"twitter:data1\" content=\"3\u00a0Minuten\" \/>\n<script type=\"application\/ld+json\" class=\"yoast-schema-graph\">{\"@context\":\"https:\\\/\\\/schema.org\",\"@graph\":[{\"@type\":\"WebPage\",\"@id\":\"https:\\\/\\\/manyoki.de\\\/nevadonk\\\/\",\"url\":\"https:\\\/\\\/manyoki.de\\\/nevadonk\\\/\",\"name\":\"N\u00e9vad\u00f3nk - M\u00e1nyoki \u00c1d\u00e1m deutsch-ungarischer Kulturverein e.V.\",\"isPartOf\":{\"@id\":\"https:\\\/\\\/manyoki.de\\\/#website\"},\"primaryImageOfPage\":{\"@id\":\"https:\\\/\\\/manyoki.de\\\/nevadonk\\\/#primaryimage\"},\"image\":{\"@id\":\"https:\\\/\\\/manyoki.de\\\/nevadonk\\\/#primaryimage\"},\"thumbnailUrl\":\"https:\\\/\\\/manyoki.de\\\/wp-content\\\/uploads\\\/2025\\\/02\\\/ORSZ_NEMG_Kv_11_Manyoki__pages68-68.png\",\"datePublished\":\"2025-02-14T10:07:00+00:00\",\"dateModified\":\"2025-04-18T08:26:08+00:00\",\"breadcrumb\":{\"@id\":\"https:\\\/\\\/manyoki.de\\\/nevadonk\\\/#breadcrumb\"},\"inLanguage\":\"de\",\"potentialAction\":[{\"@type\":\"ReadAction\",\"target\":[\"https:\\\/\\\/manyoki.de\\\/nevadonk\\\/\"]}]},{\"@type\":\"ImageObject\",\"inLanguage\":\"de\",\"@id\":\"https:\\\/\\\/manyoki.de\\\/nevadonk\\\/#primaryimage\",\"url\":\"https:\\\/\\\/manyoki.de\\\/wp-content\\\/uploads\\\/2025\\\/02\\\/ORSZ_NEMG_Kv_11_Manyoki__pages68-68.png\",\"contentUrl\":\"https:\\\/\\\/manyoki.de\\\/wp-content\\\/uploads\\\/2025\\\/02\\\/ORSZ_NEMG_Kv_11_Manyoki__pages68-68.png\"},{\"@type\":\"BreadcrumbList\",\"@id\":\"https:\\\/\\\/manyoki.de\\\/nevadonk\\\/#breadcrumb\",\"itemListElement\":[{\"@type\":\"ListItem\",\"position\":1,\"name\":\"Home\",\"item\":\"https:\\\/\\\/manyoki.de\\\/\"},{\"@type\":\"ListItem\",\"position\":2,\"name\":\"N\u00e9vad\u00f3nk\"}]},{\"@type\":\"WebSite\",\"@id\":\"https:\\\/\\\/manyoki.de\\\/#website\",\"url\":\"https:\\\/\\\/manyoki.de\\\/\",\"name\":\"M\u00e1nyoki \u00c1d\u00e1m deutsch-ungarischer Kulturverein e.V.\",\"description\":\"Megval\u00f3sult a Magyar Korm\u00e1ny t\u00e1mogat\u00e1s\u00e1val!\",\"publisher\":{\"@id\":\"https:\\\/\\\/manyoki.de\\\/#organization\"},\"potentialAction\":[{\"@type\":\"SearchAction\",\"target\":{\"@type\":\"EntryPoint\",\"urlTemplate\":\"https:\\\/\\\/manyoki.de\\\/?s={search_term_string}\"},\"query-input\":{\"@type\":\"PropertyValueSpecification\",\"valueRequired\":true,\"valueName\":\"search_term_string\"}}],\"inLanguage\":\"de\"},{\"@type\":\"Organization\",\"@id\":\"https:\\\/\\\/manyoki.de\\\/#organization\",\"name\":\"M\u00e1nyoki \u00c1d\u00e1m deutsch-ungarischer Kulturverein e.V.\",\"url\":\"https:\\\/\\\/manyoki.de\\\/\",\"logo\":{\"@type\":\"ImageObject\",\"inLanguage\":\"de\",\"@id\":\"https:\\\/\\\/manyoki.de\\\/#\\\/schema\\\/logo\\\/image\\\/\",\"url\":\"\",\"contentUrl\":\"\",\"caption\":\"M\u00e1nyoki \u00c1d\u00e1m deutsch-ungarischer Kulturverein e.V.\"},\"image\":{\"@id\":\"https:\\\/\\\/manyoki.de\\\/#\\\/schema\\\/logo\\\/image\\\/\"}}]}<\/script>\n<!-- \/ Yoast SEO plugin. -->","yoast_head_json":{"title":"N\u00e9vad\u00f3nk - M\u00e1nyoki \u00c1d\u00e1m deutsch-ungarischer Kulturverein e.V.","robots":{"index":"index","follow":"follow","max-snippet":"max-snippet:-1","max-image-preview":"max-image-preview:large","max-video-preview":"max-video-preview:-1"},"canonical":"https:\/\/manyoki.de\/de\/nevadonk\/","og_locale":"de_DE","og_type":"article","og_title":"N\u00e9vad\u00f3nk - M\u00e1nyoki \u00c1d\u00e1m deutsch-ungarischer Kulturverein e.V.","og_description":"N\u00e9vad\u00f3nk M\u00e1nyoki \u00c1d\u00e1m M\u00e1nyoki \u00c1d\u00e1m portr\u00e9fest\u0151 els\u0151sorban II. R\u00e1k\u00f3czi Ferencnek tett szolg\u00e1latai ok\u00e1n ismert sz\u00e9les k\u00f6rben napjainkban is. A magyarorsz\u00e1gi sz\u00fclet\u00e9s\u0171 m\u0171v\u00e9szt tev\u00e9kenys\u00e9g\u00e9nek nagy r\u00e9sze azonban nem haz\u00e1j\u00e1hoz k\u00f6ti, hanem a n\u00e9met nyelvter\u00fclethez, ahol els\u0151sorban Berlin, majd hosszabb ideig Drezda fejedelmi udvaraiban dolgozott. M\u00e1nyoki 1673-ban sz\u00fcletett az egykori Hont v\u00e1rmegy\u00e9ben, a napjainkban Pest megy\u00e9ben tal\u00e1lhat\u00f3 [&hellip;]","og_url":"https:\/\/manyoki.de\/de\/nevadonk\/","og_site_name":"M\u00e1nyoki \u00c1d\u00e1m deutsch-ungarischer Kulturverein e.V.","article_modified_time":"2025-04-18T08:26:08+00:00","og_image":[{"width":488,"height":691,"url":"https:\/\/manyoki.de\/wp-content\/uploads\/2025\/02\/ORSZ_NEMG_Kv_11_Manyoki__pages68-68.png","type":"image\/png"}],"twitter_card":"summary_large_image","twitter_misc":{"Gesch\u00e4tzte Lesezeit":"3\u00a0Minuten"},"schema":{"@context":"https:\/\/schema.org","@graph":[{"@type":"WebPage","@id":"https:\/\/manyoki.de\/nevadonk\/","url":"https:\/\/manyoki.de\/nevadonk\/","name":"N\u00e9vad\u00f3nk - M\u00e1nyoki \u00c1d\u00e1m deutsch-ungarischer Kulturverein e.V.","isPartOf":{"@id":"https:\/\/manyoki.de\/#website"},"primaryImageOfPage":{"@id":"https:\/\/manyoki.de\/nevadonk\/#primaryimage"},"image":{"@id":"https:\/\/manyoki.de\/nevadonk\/#primaryimage"},"thumbnailUrl":"https:\/\/manyoki.de\/wp-content\/uploads\/2025\/02\/ORSZ_NEMG_Kv_11_Manyoki__pages68-68.png","datePublished":"2025-02-14T10:07:00+00:00","dateModified":"2025-04-18T08:26:08+00:00","breadcrumb":{"@id":"https:\/\/manyoki.de\/nevadonk\/#breadcrumb"},"inLanguage":"de","potentialAction":[{"@type":"ReadAction","target":["https:\/\/manyoki.de\/nevadonk\/"]}]},{"@type":"ImageObject","inLanguage":"de","@id":"https:\/\/manyoki.de\/nevadonk\/#primaryimage","url":"https:\/\/manyoki.de\/wp-content\/uploads\/2025\/02\/ORSZ_NEMG_Kv_11_Manyoki__pages68-68.png","contentUrl":"https:\/\/manyoki.de\/wp-content\/uploads\/2025\/02\/ORSZ_NEMG_Kv_11_Manyoki__pages68-68.png"},{"@type":"BreadcrumbList","@id":"https:\/\/manyoki.de\/nevadonk\/#breadcrumb","itemListElement":[{"@type":"ListItem","position":1,"name":"Home","item":"https:\/\/manyoki.de\/"},{"@type":"ListItem","position":2,"name":"N\u00e9vad\u00f3nk"}]},{"@type":"WebSite","@id":"https:\/\/manyoki.de\/#website","url":"https:\/\/manyoki.de\/","name":"M\u00e1nyoki \u00c1d\u00e1m deutsch-ungarischer Kulturverein e.V.","description":"Megval\u00f3sult a Magyar Korm\u00e1ny t\u00e1mogat\u00e1s\u00e1val!","publisher":{"@id":"https:\/\/manyoki.de\/#organization"},"potentialAction":[{"@type":"SearchAction","target":{"@type":"EntryPoint","urlTemplate":"https:\/\/manyoki.de\/?s={search_term_string}"},"query-input":{"@type":"PropertyValueSpecification","valueRequired":true,"valueName":"search_term_string"}}],"inLanguage":"de"},{"@type":"Organization","@id":"https:\/\/manyoki.de\/#organization","name":"M\u00e1nyoki \u00c1d\u00e1m deutsch-ungarischer Kulturverein e.V.","url":"https:\/\/manyoki.de\/","logo":{"@type":"ImageObject","inLanguage":"de","@id":"https:\/\/manyoki.de\/#\/schema\/logo\/image\/","url":"","contentUrl":"","caption":"M\u00e1nyoki \u00c1d\u00e1m deutsch-ungarischer Kulturverein e.V."},"image":{"@id":"https:\/\/manyoki.de\/#\/schema\/logo\/image\/"}}]}},"_links":{"self":[{"href":"https:\/\/manyoki.de\/de\/wp-json\/wp\/v2\/pages\/754","targetHints":{"allow":["GET"]}}],"collection":[{"href":"https:\/\/manyoki.de\/de\/wp-json\/wp\/v2\/pages"}],"about":[{"href":"https:\/\/manyoki.de\/de\/wp-json\/wp\/v2\/types\/page"}],"author":[{"embeddable":true,"href":"https:\/\/manyoki.de\/de\/wp-json\/wp\/v2\/users\/1"}],"replies":[{"embeddable":true,"href":"https:\/\/manyoki.de\/de\/wp-json\/wp\/v2\/comments?post=754"}],"version-history":[{"count":28,"href":"https:\/\/manyoki.de\/de\/wp-json\/wp\/v2\/pages\/754\/revisions"}],"predecessor-version":[{"id":1470,"href":"https:\/\/manyoki.de\/de\/wp-json\/wp\/v2\/pages\/754\/revisions\/1470"}],"wp:attachment":[{"href":"https:\/\/manyoki.de\/de\/wp-json\/wp\/v2\/media?parent=754"}],"curies":[{"name":"wp","href":"https:\/\/api.w.org\/{rel}","templated":true}]}}