{"id":730,"date":"2025-02-14T09:38:31","date_gmt":"2025-02-14T09:38:31","guid":{"rendered":"https:\/\/manyoki.de\/?page_id=730"},"modified":"2025-08-21T07:56:20","modified_gmt":"2025-08-21T07:56:20","slug":"egyesulet","status":"publish","type":"page","link":"https:\/\/manyoki.de\/de\/egyesulet\/","title":{"rendered":"Egyes\u00fclet"},"content":{"rendered":"<div data-elementor-type=\"wp-page\" data-elementor-id=\"730\" class=\"elementor elementor-730\" data-elementor-post-type=\"page\">\n\t\t\t\t\t\t<section class=\"elementor-section elementor-top-section elementor-element elementor-element-9ada56b elementor-section-boxed elementor-section-height-default elementor-section-height-default\" data-id=\"9ada56b\" data-element_type=\"section\" data-e-type=\"section\">\n\t\t\t\t\t\t<div class=\"elementor-container elementor-column-gap-default\">\n\t\t\t\t\t<div class=\"elementor-column elementor-col-100 elementor-top-column elementor-element elementor-element-45ec2c9\" data-id=\"45ec2c9\" data-element_type=\"column\" data-e-type=\"column\">\n\t\t\t<div class=\"elementor-widget-wrap elementor-element-populated\">\n\t\t\t\t\t\t<section class=\"elementor-section elementor-inner-section elementor-element elementor-element-b96ef67 elementor-section-boxed elementor-section-height-default elementor-section-height-default\" data-id=\"b96ef67\" data-element_type=\"section\" data-e-type=\"section\">\n\t\t\t\t\t\t<div class=\"elementor-container elementor-column-gap-default\">\n\t\t\t\t\t<div class=\"elementor-column elementor-col-100 elementor-inner-column elementor-element elementor-element-3cfee0d\" data-id=\"3cfee0d\" data-element_type=\"column\" data-e-type=\"column\">\n\t\t\t<div class=\"elementor-widget-wrap elementor-element-populated\">\n\t\t\t\t\t\t<div class=\"elementor-element elementor-element-6917986 elementor-widget elementor-widget-heading\" data-id=\"6917986\" data-element_type=\"widget\" data-e-type=\"widget\" data-widget_type=\"heading.default\">\n\t\t\t\t<div class=\"elementor-widget-container\">\n\t\t\t\t\t<h2 class=\"elementor-heading-title elementor-size-default\">Az egyes\u00fcletr\u0151l<\/h2>\t\t\t\t<\/div>\n\t\t\t\t<\/div>\n\t\t\t\t<div class=\"elementor-element elementor-element-9dc8b06 elementor-widget-divider--view-line elementor-widget elementor-widget-divider\" data-id=\"9dc8b06\" data-element_type=\"widget\" data-e-type=\"widget\" data-widget_type=\"divider.default\">\n\t\t\t\t<div class=\"elementor-widget-container\">\n\t\t\t\t\t\t\t<div class=\"elementor-divider\">\n\t\t\t<span class=\"elementor-divider-separator\">\n\t\t\t\t\t\t<\/span>\n\t\t<\/div>\n\t\t\t\t\t\t<\/div>\n\t\t\t\t<\/div>\n\t\t\t\t<div class=\"elementor-element elementor-element-77589e8 elementor-widget elementor-widget-text-editor\" data-id=\"77589e8\" data-element_type=\"widget\" data-e-type=\"widget\" data-widget_type=\"text-editor.default\">\n\t\t\t\t<div class=\"elementor-widget-container\">\n\t\t\t\t\t\t\t\t\t<p>A drezdai M\u00e1nyoki \u00c1d\u00e1m N\u00e9met-Magyar Kultur\u00e1lis Egyes\u00fclet a Turul Sachsen Magyar Kultur\u00e1lis egyes\u00fclet jogut\u00f3dja. Nev\u00e9t az itt tev\u00e9kenyked\u0151 \u00e9s elhunyt magyar fest\u0151r\u0151l, M\u00e1nyoki \u00c1d\u00e1mr\u00f3l kapta. N\u00e9vad\u00f3nkr\u00f3l \u00e9s Drezd\u00e1hoz val\u00f3 k\u00f6t\u0151d\u00e9s\u00e9r\u0151l r\u00e9szletesebben olvashatnak a <a href=\"https:\/\/manyoki.de\/de\/nevadonk\/\">\u201cN\u00e9vad\u00f3nk\u201d<\/a> men\u00fcpont alatt.<\/p><p>Az \u00faj eln\u00f6ks\u00e9g elk\u00f6telezte mag\u00e1t a helyi magyar kultur\u00e1lis \u00e9let fellend\u00edt\u00e9s\u00e9re, a helyi magyar k\u00f6z\u00f6ss\u00e9g meger\u0151s\u00edt\u00e9s\u00e9re, a m\u00e1r megl\u00e9v\u0151 tev\u00e9kenys\u00e9gek, mint a helyi cserk\u00e9szcsapat, t\u00e1nch\u00e1zmozgalom \u00e9s a 2024. \u00e9v j\u00fanius\u00e1t\u00f3l havi rendszeress\u00e9ggel tartott istentiszteletek t\u00e1mogat\u00e1s\u00e1ra.<\/p>\t\t\t\t\t\t\t\t<\/div>\n\t\t\t\t<\/div>\n\t\t\t\t<div class=\"elementor-element elementor-element-0a9c73f elementor-widget elementor-widget-heading\" data-id=\"0a9c73f\" data-element_type=\"widget\" data-e-type=\"widget\" data-widget_type=\"heading.default\">\n\t\t\t\t<div class=\"elementor-widget-container\">\n\t\t\t\t\t<h2 class=\"elementor-heading-title elementor-size-default\">\u00dcber den Verein<\/h2>\t\t\t\t<\/div>\n\t\t\t\t<\/div>\n\t\t\t\t<div class=\"elementor-element elementor-element-0b34b4a elementor-widget-divider--view-line elementor-widget elementor-widget-divider\" data-id=\"0b34b4a\" data-element_type=\"widget\" data-e-type=\"widget\" data-widget_type=\"divider.default\">\n\t\t\t\t<div class=\"elementor-widget-container\">\n\t\t\t\t\t\t\t<div class=\"elementor-divider\">\n\t\t\t<span class=\"elementor-divider-separator\">\n\t\t\t\t\t\t<\/span>\n\t\t<\/div>\n\t\t\t\t\t\t<\/div>\n\t\t\t\t<\/div>\n\t\t\t\t<div class=\"elementor-element elementor-element-53af352 elementor-widget elementor-widget-text-editor\" data-id=\"53af352\" data-element_type=\"widget\" data-e-type=\"widget\" data-widget_type=\"text-editor.default\">\n\t\t\t\t<div class=\"elementor-widget-container\">\n\t\t\t\t\t\t\t\t\t<p>Der M\u00e1nyoki Adam deutsch-ungarischer Kulturverein e.V. aus Dresden ist der Nachfolger des Turul Sachsen Ungarischer Kulturvereins. Er ist benannt nach \u00c1d\u00e1m M\u00e1nyoki, einem ungarischen Maler, der hier arbeitete und starb. Mehr \u00fcber Sie und seine Verbindung zu Dresden k\u00f6nnen Sie unter dem Men\u00fcpunkt <a href=\"https:\/\/manyoki.de\/de\/nevadonk\/\">\u201cN\u00e9vad\u00f3nk\u201d<\/a> lesen.<\/p><p>Der neue Vorstand hat sich zum Ziel gesetzt, das lokale ungarische Kulturleben zu f\u00f6rdern, die lokale ungarische Gemeinschaft zu st\u00e4rken und bestehende Aktivit\u00e4ten wie die \u00f6rtliche Pfadfindergruppe, das Ungarisches Tanzhaus und die monatlichen Gottesdienste ab Juni 2024 zu unterst\u00fctzen.<\/p>\t\t\t\t\t\t\t\t<\/div>\n\t\t\t\t<\/div>\n\t\t\t\t<div class=\"elementor-element elementor-element-f790226 elementor-widget elementor-widget-text-editor\" data-id=\"f790226\" data-element_type=\"widget\" data-e-type=\"widget\" data-widget_type=\"text-editor.default\">\n\t\t\t\t<div class=\"elementor-widget-container\">\n\t\t\t\t\t\t\t\t\t<h2><strong>\u00a0<\/strong><\/h2><h2><strong>T\u00e1mogat\u00f3ink \/ Unsere Unterst\u00fctzer<\/strong><\/h2><h3>\u00a0<\/h3><h3><a href=\"https:\/\/bgazrt.hu\" target=\"_blank\" rel=\"noopener\">Bethlen G\u00e1bor Alapkezel\u0151 Zrt.<\/a><\/h3><h3><a href=\"https:\/\/www.geotechnik-dresden.de\" target=\"_blank\" rel=\"noopener\">B\u00fcro f\u00fcr Geotechnik Ivanics &amp; Neumann PartGmbB Dresden<\/a><\/h3><h3><a href=\"https:\/\/mossandl.de\/\" target=\"_blank\" rel=\"noopener\">MOSSANDL &#8212; Karl Mossandl GmbH &amp; Co.<\/a><\/h3>\t\t\t\t\t\t\t\t<\/div>\n\t\t\t\t<\/div>\n\t\t\t\t<div class=\"elementor-element elementor-element-be09590 elementor-widget elementor-widget-heading\" data-id=\"be09590\" data-element_type=\"widget\" data-e-type=\"widget\" data-widget_type=\"heading.default\">\n\t\t\t\t<div class=\"elementor-widget-container\">\n\t\t\t\t\t<h2 class=\"elementor-heading-title elementor-size-default\">Eln\u00f6ks\u00e9g \/ Vorstand\n<\/h2>\t\t\t\t<\/div>\n\t\t\t\t<\/div>\n\t\t\t\t<div class=\"elementor-element elementor-element-224405c elementor-widget-divider--view-line elementor-widget elementor-widget-divider\" data-id=\"224405c\" data-element_type=\"widget\" data-e-type=\"widget\" data-widget_type=\"divider.default\">\n\t\t\t\t<div class=\"elementor-widget-container\">\n\t\t\t\t\t\t\t<div class=\"elementor-divider\">\n\t\t\t<span class=\"elementor-divider-separator\">\n\t\t\t\t\t\t<\/span>\n\t\t<\/div>\n\t\t\t\t\t\t<\/div>\n\t\t\t\t<\/div>\n\t\t\t\t<div class=\"elementor-element elementor-element-6ffde9f elementor-widget elementor-widget-text-editor\" data-id=\"6ffde9f\" data-element_type=\"widget\" data-e-type=\"widget\" data-widget_type=\"text-editor.default\">\n\t\t\t\t<div class=\"elementor-widget-container\">\n\t\t\t\t\t\t\t\t\t<p>Dr. K\u00e1kay Attila\u00a0<\/p><p>V\u00e1rkonyi Gergely<\/p><p>Sz\u0151cs Zolt\u00e1n<\/p><p><strong>E-mail:<\/strong> <a href=\"mailto:info@manyoki.de\">info@manyoki.de<\/a><\/p>\t\t\t\t\t\t\t\t<\/div>\n\t\t\t\t<\/div>\n\t\t\t\t\t<\/div>\n\t\t<\/div>\n\t\t\t\t\t<\/div>\n\t\t<\/section>\n\t\t\t\t\t<\/div>\n\t\t<\/div>\n\t\t\t\t\t<\/div>\n\t\t<\/section>\n\t\t<div class=\"elementor-element elementor-element-8184090 e-flex e-con-boxed e-con e-parent\" data-id=\"8184090\" data-element_type=\"container\" data-e-type=\"container\">\n\t\t\t\t\t<div class=\"e-con-inner\">\n\t\t<div class=\"elementor-element elementor-element-b5b7e97 e-con-full e-flex e-con e-child\" data-id=\"b5b7e97\" data-element_type=\"container\" data-e-type=\"container\">\n\t\t\t\t<div class=\"elementor-element elementor-element-eff900d elementor-widget elementor-widget-heading\" data-id=\"eff900d\" data-element_type=\"widget\" data-e-type=\"widget\" data-widget_type=\"heading.default\">\n\t\t\t\t<div class=\"elementor-widget-container\">\n\t\t\t\t\t<h2 class=\"elementor-heading-title elementor-size-default\">Let\u00f6ltend\u0151 dokumentumok<\/h2>\t\t\t\t<\/div>\n\t\t\t\t<\/div>\n\t\t\t\t<div class=\"elementor-element elementor-element-31080ee elementor-widget-divider--view-line elementor-widget elementor-widget-divider\" data-id=\"31080ee\" data-element_type=\"widget\" data-e-type=\"widget\" data-widget_type=\"divider.default\">\n\t\t\t\t<div class=\"elementor-widget-container\">\n\t\t\t\t\t\t\t<div class=\"elementor-divider\">\n\t\t\t<span class=\"elementor-divider-separator\">\n\t\t\t\t\t\t<\/span>\n\t\t<\/div>\n\t\t\t\t\t\t<\/div>\n\t\t\t\t<\/div>\n\t\t<div class=\"elementor-element elementor-element-dff04d5 e-con-full e-flex e-con e-child\" data-id=\"dff04d5\" data-element_type=\"container\" data-e-type=\"container\">\n\t\t<a class=\"elementor-element elementor-element-8940aeb e-con-full e-flex e-con e-child\" data-id=\"8940aeb\" data-element_type=\"container\" data-e-type=\"container\" data-settings=\"{&quot;background_background&quot;:&quot;classic&quot;}\" href=\"https:\/\/manyoki.de\/wp-content\/uploads\/2025\/02\/Satzung_12062024_Manyoki-Adam-deutsch-ungarischer-Kulturverein-e.V.pdf\">\n\t\t\t\t<div class=\"elementor-element elementor-element-2861016 elementor-view-default elementor-position-block-start elementor-mobile-position-block-start elementor-widget elementor-widget-icon-box\" data-id=\"2861016\" data-element_type=\"widget\" data-e-type=\"widget\" data-widget_type=\"icon-box.default\">\n\t\t\t\t<div class=\"elementor-widget-container\">\n\t\t\t\t\t\t\t<div class=\"elementor-icon-box-wrapper\">\n\n\t\t\t\t\t\t<div class=\"elementor-icon-box-icon\">\n\t\t\t\t<span  class=\"elementor-icon\">\n\t\t\t\t<i aria-hidden=\"true\" class=\"fas fa-download\"><\/i>\t\t\t\t<\/span>\n\t\t\t<\/div>\n\t\t\t\n\t\t\t\t\t\t<div class=\"elementor-icon-box-content\">\n\n\t\t\t\t\t\t\t\t\t<h3 class=\"elementor-icon-box-title\">\n\t\t\t\t\t\t<span  >\n\t\t\t\t\t\t\tAlapszab\u00e1lyzat\t\t\t\t\t\t<\/span>\n\t\t\t\t\t<\/h3>\n\t\t\t\t\n\t\t\t\t\t\t\t\t\t<p class=\"elementor-icon-box-description\">\n\t\t\t\t\t\tSatzung\t\t\t\t\t<\/p>\n\t\t\t\t\n\t\t\t<\/div>\n\t\t\t\n\t\t<\/div>\n\t\t\t\t\t\t<\/div>\n\t\t\t\t<\/div>\n\t\t\t\t<\/a>\n\t\t<a class=\"elementor-element elementor-element-c8043d7 e-con-full e-flex e-con e-child\" data-id=\"c8043d7\" data-element_type=\"container\" data-e-type=\"container\" data-settings=\"{&quot;background_background&quot;:&quot;classic&quot;}\" href=\"https:\/\/manyoki.de\/wp-content\/uploads\/2025\/04\/Beitrittserklarung_Manyoki.pdf\">\n\t\t\t\t<div class=\"elementor-element elementor-element-b1fa7fc elementor-view-default elementor-position-block-start elementor-mobile-position-block-start elementor-widget elementor-widget-icon-box\" data-id=\"b1fa7fc\" data-element_type=\"widget\" data-e-type=\"widget\" data-widget_type=\"icon-box.default\">\n\t\t\t\t<div class=\"elementor-widget-container\">\n\t\t\t\t\t\t\t<div class=\"elementor-icon-box-wrapper\">\n\n\t\t\t\t\t\t<div class=\"elementor-icon-box-icon\">\n\t\t\t\t<span  class=\"elementor-icon\">\n\t\t\t\t<i aria-hidden=\"true\" class=\"fas fa-download\"><\/i>\t\t\t\t<\/span>\n\t\t\t<\/div>\n\t\t\t\n\t\t\t\t\t\t<div class=\"elementor-icon-box-content\">\n\n\t\t\t\t\t\t\t\t\t<h3 class=\"elementor-icon-box-title\">\n\t\t\t\t\t\t<span  >\n\t\t\t\t\t\t\tBel\u00e9p\u00e9si nyilatkozat\t\t\t\t\t\t<\/span>\n\t\t\t\t\t<\/h3>\n\t\t\t\t\n\t\t\t\t\t\t\t\t\t<p class=\"elementor-icon-box-description\">\n\t\t\t\t\t\tBeitrittsformular\t\t\t\t\t<\/p>\n\t\t\t\t\n\t\t\t<\/div>\n\t\t\t\n\t\t<\/div>\n\t\t\t\t\t\t<\/div>\n\t\t\t\t<\/div>\n\t\t\t\t<\/a>\n\t\t<a class=\"elementor-element elementor-element-46e38e4 e-con-full e-flex e-con e-child\" data-id=\"46e38e4\" data-element_type=\"container\" data-e-type=\"container\" data-settings=\"{&quot;background_background&quot;:&quot;classic&quot;}\" href=\"https:\/\/manyoki.de\/de\/tamogatas\/\">\n\t\t\t\t<div class=\"elementor-element elementor-element-0944f5e elementor-view-default elementor-position-block-start elementor-mobile-position-block-start elementor-widget elementor-widget-icon-box\" data-id=\"0944f5e\" data-element_type=\"widget\" data-e-type=\"widget\" data-widget_type=\"icon-box.default\">\n\t\t\t\t<div class=\"elementor-widget-container\">\n\t\t\t\t\t\t\t<div class=\"elementor-icon-box-wrapper\">\n\n\t\t\t\t\t\t<div class=\"elementor-icon-box-icon\">\n\t\t\t\t<span  class=\"elementor-icon\">\n\t\t\t\t<i aria-hidden=\"true\" class=\"fas fa-download\"><\/i>\t\t\t\t<\/span>\n\t\t\t<\/div>\n\t\t\t\n\t\t\t\t\t\t<div class=\"elementor-icon-box-content\">\n\n\t\t\t\t\t\t\t\t\t<h3 class=\"elementor-icon-box-title\">\n\t\t\t\t\t\t<span  >\n\t\t\t\t\t\t\tT\u00e1mogat\u00e1si lehet\u0151s\u00e9g\t\t\t\t\t\t<\/span>\n\t\t\t\t\t<\/h3>\n\t\t\t\t\n\t\t\t\t\t\t\t\t\t<p class=\"elementor-icon-box-description\">\n\t\t\t\t\t\tSpendenm\u00f6glichkeiten\t\t\t\t\t<\/p>\n\t\t\t\t\n\t\t\t<\/div>\n\t\t\t\n\t\t<\/div>\n\t\t\t\t\t\t<\/div>\n\t\t\t\t<\/div>\n\t\t\t\t<\/a>\n\t\t\t\t<\/div>\n\t\t\t\t<\/div>\n\t\t\t\t\t<\/div>\n\t\t\t\t<\/div>\n\t\t\t\t<\/div>","protected":false},"excerpt":{"rendered":"<p>Az egyes\u00fcletr\u0151l A drezdai M\u00e1nyoki \u00c1d\u00e1m N\u00e9met-Magyar Kultur\u00e1lis Egyes\u00fclet a Turul Sachsen Magyar Kultur\u00e1lis egyes\u00fclet jogut\u00f3dja. Nev\u00e9t az itt tev\u00e9kenyked\u0151 \u00e9s elhunyt magyar fest\u0151r\u0151l, M\u00e1nyoki \u00c1d\u00e1mr\u00f3l kapta. N\u00e9vad\u00f3nkr\u00f3l \u00e9s Drezd\u00e1hoz val\u00f3 k\u00f6t\u0151d\u00e9s\u00e9r\u0151l r\u00e9szletesebben olvashatnak a \u201cN\u00e9vad\u00f3nk\u201d men\u00fcpont alatt. Az \u00faj eln\u00f6ks\u00e9g elk\u00f6telezte mag\u00e1t a helyi magyar kultur\u00e1lis \u00e9let fellend\u00edt\u00e9s\u00e9re, a helyi magyar k\u00f6z\u00f6ss\u00e9g meger\u0151s\u00edt\u00e9s\u00e9re, a [&hellip;]<\/p>\n","protected":false},"author":1,"featured_media":0,"parent":0,"menu_order":0,"comment_status":"closed","ping_status":"closed","template":"elementor_header_footer","meta":{"footnotes":""},"class_list":["post-730","page","type-page","status-publish","hentry"],"yoast_head":"<!-- This site is optimized with the Yoast SEO plugin v27.4 - https:\/\/yoast.com\/product\/yoast-seo-wordpress\/ -->\n<title>Egyes\u00fclet - M\u00e1nyoki \u00c1d\u00e1m deutsch-ungarischer Kulturverein e.V.<\/title>\n<meta name=\"robots\" content=\"index, follow, max-snippet:-1, max-image-preview:large, max-video-preview:-1\" \/>\n<link rel=\"canonical\" href=\"https:\/\/manyoki.de\/de\/egyesulet\/\" \/>\n<meta property=\"og:locale\" content=\"de_DE\" \/>\n<meta property=\"og:type\" content=\"article\" \/>\n<meta property=\"og:title\" content=\"Egyes\u00fclet - M\u00e1nyoki \u00c1d\u00e1m deutsch-ungarischer Kulturverein e.V.\" \/>\n<meta property=\"og:description\" content=\"Az egyes\u00fcletr\u0151l A drezdai M\u00e1nyoki \u00c1d\u00e1m N\u00e9met-Magyar Kultur\u00e1lis Egyes\u00fclet a Turul Sachsen Magyar Kultur\u00e1lis egyes\u00fclet jogut\u00f3dja. Nev\u00e9t az itt tev\u00e9kenyked\u0151 \u00e9s elhunyt magyar fest\u0151r\u0151l, M\u00e1nyoki \u00c1d\u00e1mr\u00f3l kapta. N\u00e9vad\u00f3nkr\u00f3l \u00e9s Drezd\u00e1hoz val\u00f3 k\u00f6t\u0151d\u00e9s\u00e9r\u0151l r\u00e9szletesebben olvashatnak a \u201cN\u00e9vad\u00f3nk\u201d men\u00fcpont alatt. Az \u00faj eln\u00f6ks\u00e9g elk\u00f6telezte mag\u00e1t a helyi magyar kultur\u00e1lis \u00e9let fellend\u00edt\u00e9s\u00e9re, a helyi magyar k\u00f6z\u00f6ss\u00e9g meger\u0151s\u00edt\u00e9s\u00e9re, a [&hellip;]\" \/>\n<meta property=\"og:url\" content=\"https:\/\/manyoki.de\/de\/egyesulet\/\" \/>\n<meta property=\"og:site_name\" content=\"M\u00e1nyoki \u00c1d\u00e1m deutsch-ungarischer Kulturverein e.V.\" \/>\n<meta property=\"article:modified_time\" content=\"2025-08-21T07:56:20+00:00\" \/>\n<meta name=\"twitter:card\" content=\"summary_large_image\" \/>\n<meta name=\"twitter:label1\" content=\"Gesch\u00e4tzte Lesezeit\" \/>\n\t<meta name=\"twitter:data1\" content=\"1\u00a0Minute\" \/>\n<script type=\"application\/ld+json\" class=\"yoast-schema-graph\">{\"@context\":\"https:\\\/\\\/schema.org\",\"@graph\":[{\"@type\":\"WebPage\",\"@id\":\"https:\\\/\\\/manyoki.de\\\/egyesulet\\\/\",\"url\":\"https:\\\/\\\/manyoki.de\\\/egyesulet\\\/\",\"name\":\"Egyes\u00fclet - M\u00e1nyoki \u00c1d\u00e1m deutsch-ungarischer Kulturverein e.V.\",\"isPartOf\":{\"@id\":\"https:\\\/\\\/manyoki.de\\\/#website\"},\"datePublished\":\"2025-02-14T09:38:31+00:00\",\"dateModified\":\"2025-08-21T07:56:20+00:00\",\"breadcrumb\":{\"@id\":\"https:\\\/\\\/manyoki.de\\\/egyesulet\\\/#breadcrumb\"},\"inLanguage\":\"de\",\"potentialAction\":[{\"@type\":\"ReadAction\",\"target\":[\"https:\\\/\\\/manyoki.de\\\/egyesulet\\\/\"]}]},{\"@type\":\"BreadcrumbList\",\"@id\":\"https:\\\/\\\/manyoki.de\\\/egyesulet\\\/#breadcrumb\",\"itemListElement\":[{\"@type\":\"ListItem\",\"position\":1,\"name\":\"Home\",\"item\":\"https:\\\/\\\/manyoki.de\\\/\"},{\"@type\":\"ListItem\",\"position\":2,\"name\":\"Egyes\u00fclet\"}]},{\"@type\":\"WebSite\",\"@id\":\"https:\\\/\\\/manyoki.de\\\/#website\",\"url\":\"https:\\\/\\\/manyoki.de\\\/\",\"name\":\"M\u00e1nyoki \u00c1d\u00e1m deutsch-ungarischer Kulturverein e.V.\",\"description\":\"Megval\u00f3sult a Magyar Korm\u00e1ny t\u00e1mogat\u00e1s\u00e1val!\",\"publisher\":{\"@id\":\"https:\\\/\\\/manyoki.de\\\/#organization\"},\"potentialAction\":[{\"@type\":\"SearchAction\",\"target\":{\"@type\":\"EntryPoint\",\"urlTemplate\":\"https:\\\/\\\/manyoki.de\\\/?s={search_term_string}\"},\"query-input\":{\"@type\":\"PropertyValueSpecification\",\"valueRequired\":true,\"valueName\":\"search_term_string\"}}],\"inLanguage\":\"de\"},{\"@type\":\"Organization\",\"@id\":\"https:\\\/\\\/manyoki.de\\\/#organization\",\"name\":\"M\u00e1nyoki \u00c1d\u00e1m deutsch-ungarischer Kulturverein e.V.\",\"url\":\"https:\\\/\\\/manyoki.de\\\/\",\"logo\":{\"@type\":\"ImageObject\",\"inLanguage\":\"de\",\"@id\":\"https:\\\/\\\/manyoki.de\\\/#\\\/schema\\\/logo\\\/image\\\/\",\"url\":\"\",\"contentUrl\":\"\",\"caption\":\"M\u00e1nyoki \u00c1d\u00e1m deutsch-ungarischer Kulturverein e.V.\"},\"image\":{\"@id\":\"https:\\\/\\\/manyoki.de\\\/#\\\/schema\\\/logo\\\/image\\\/\"}}]}<\/script>\n<!-- \/ Yoast SEO plugin. -->","yoast_head_json":{"title":"Egyes\u00fclet - M\u00e1nyoki \u00c1d\u00e1m deutsch-ungarischer Kulturverein e.V.","robots":{"index":"index","follow":"follow","max-snippet":"max-snippet:-1","max-image-preview":"max-image-preview:large","max-video-preview":"max-video-preview:-1"},"canonical":"https:\/\/manyoki.de\/de\/egyesulet\/","og_locale":"de_DE","og_type":"article","og_title":"Egyes\u00fclet - M\u00e1nyoki \u00c1d\u00e1m deutsch-ungarischer Kulturverein e.V.","og_description":"Az egyes\u00fcletr\u0151l A drezdai M\u00e1nyoki \u00c1d\u00e1m N\u00e9met-Magyar Kultur\u00e1lis Egyes\u00fclet a Turul Sachsen Magyar Kultur\u00e1lis egyes\u00fclet jogut\u00f3dja. Nev\u00e9t az itt tev\u00e9kenyked\u0151 \u00e9s elhunyt magyar fest\u0151r\u0151l, M\u00e1nyoki \u00c1d\u00e1mr\u00f3l kapta. N\u00e9vad\u00f3nkr\u00f3l \u00e9s Drezd\u00e1hoz val\u00f3 k\u00f6t\u0151d\u00e9s\u00e9r\u0151l r\u00e9szletesebben olvashatnak a \u201cN\u00e9vad\u00f3nk\u201d men\u00fcpont alatt. Az \u00faj eln\u00f6ks\u00e9g elk\u00f6telezte mag\u00e1t a helyi magyar kultur\u00e1lis \u00e9let fellend\u00edt\u00e9s\u00e9re, a helyi magyar k\u00f6z\u00f6ss\u00e9g meger\u0151s\u00edt\u00e9s\u00e9re, a [&hellip;]","og_url":"https:\/\/manyoki.de\/de\/egyesulet\/","og_site_name":"M\u00e1nyoki \u00c1d\u00e1m deutsch-ungarischer Kulturverein e.V.","article_modified_time":"2025-08-21T07:56:20+00:00","twitter_card":"summary_large_image","twitter_misc":{"Gesch\u00e4tzte Lesezeit":"1\u00a0Minute"},"schema":{"@context":"https:\/\/schema.org","@graph":[{"@type":"WebPage","@id":"https:\/\/manyoki.de\/egyesulet\/","url":"https:\/\/manyoki.de\/egyesulet\/","name":"Egyes\u00fclet - M\u00e1nyoki \u00c1d\u00e1m deutsch-ungarischer Kulturverein e.V.","isPartOf":{"@id":"https:\/\/manyoki.de\/#website"},"datePublished":"2025-02-14T09:38:31+00:00","dateModified":"2025-08-21T07:56:20+00:00","breadcrumb":{"@id":"https:\/\/manyoki.de\/egyesulet\/#breadcrumb"},"inLanguage":"de","potentialAction":[{"@type":"ReadAction","target":["https:\/\/manyoki.de\/egyesulet\/"]}]},{"@type":"BreadcrumbList","@id":"https:\/\/manyoki.de\/egyesulet\/#breadcrumb","itemListElement":[{"@type":"ListItem","position":1,"name":"Home","item":"https:\/\/manyoki.de\/"},{"@type":"ListItem","position":2,"name":"Egyes\u00fclet"}]},{"@type":"WebSite","@id":"https:\/\/manyoki.de\/#website","url":"https:\/\/manyoki.de\/","name":"M\u00e1nyoki \u00c1d\u00e1m deutsch-ungarischer Kulturverein e.V.","description":"Megval\u00f3sult a Magyar Korm\u00e1ny t\u00e1mogat\u00e1s\u00e1val!","publisher":{"@id":"https:\/\/manyoki.de\/#organization"},"potentialAction":[{"@type":"SearchAction","target":{"@type":"EntryPoint","urlTemplate":"https:\/\/manyoki.de\/?s={search_term_string}"},"query-input":{"@type":"PropertyValueSpecification","valueRequired":true,"valueName":"search_term_string"}}],"inLanguage":"de"},{"@type":"Organization","@id":"https:\/\/manyoki.de\/#organization","name":"M\u00e1nyoki \u00c1d\u00e1m deutsch-ungarischer Kulturverein e.V.","url":"https:\/\/manyoki.de\/","logo":{"@type":"ImageObject","inLanguage":"de","@id":"https:\/\/manyoki.de\/#\/schema\/logo\/image\/","url":"","contentUrl":"","caption":"M\u00e1nyoki \u00c1d\u00e1m deutsch-ungarischer Kulturverein e.V."},"image":{"@id":"https:\/\/manyoki.de\/#\/schema\/logo\/image\/"}}]}},"_links":{"self":[{"href":"https:\/\/manyoki.de\/de\/wp-json\/wp\/v2\/pages\/730","targetHints":{"allow":["GET"]}}],"collection":[{"href":"https:\/\/manyoki.de\/de\/wp-json\/wp\/v2\/pages"}],"about":[{"href":"https:\/\/manyoki.de\/de\/wp-json\/wp\/v2\/types\/page"}],"author":[{"embeddable":true,"href":"https:\/\/manyoki.de\/de\/wp-json\/wp\/v2\/users\/1"}],"replies":[{"embeddable":true,"href":"https:\/\/manyoki.de\/de\/wp-json\/wp\/v2\/comments?post=730"}],"version-history":[{"count":121,"href":"https:\/\/manyoki.de\/de\/wp-json\/wp\/v2\/pages\/730\/revisions"}],"predecessor-version":[{"id":1575,"href":"https:\/\/manyoki.de\/de\/wp-json\/wp\/v2\/pages\/730\/revisions\/1575"}],"wp:attachment":[{"href":"https:\/\/manyoki.de\/de\/wp-json\/wp\/v2\/media?parent=730"}],"curies":[{"name":"wp","href":"https:\/\/api.w.org\/{rel}","templated":true}]}}