{"id":493,"date":"2025-01-13T17:50:11","date_gmt":"2025-01-13T17:50:11","guid":{"rendered":"https:\/\/manyoki.de\/?page_id=493"},"modified":"2025-07-29T15:02:32","modified_gmt":"2025-07-29T15:02:32","slug":"kapcsolat","status":"publish","type":"page","link":"https:\/\/manyoki.de\/de\/kapcsolat\/","title":{"rendered":"Kapcsolat"},"content":{"rendered":"\t\t<div data-elementor-type=\"wp-page\" data-elementor-id=\"493\" class=\"elementor elementor-493\" data-elementor-post-type=\"page\">\n\t\t\t\t\t\t<section class=\"elementor-section elementor-top-section elementor-element elementor-element-a8db552 elementor-section-boxed elementor-section-height-default elementor-section-height-default\" data-id=\"a8db552\" data-element_type=\"section\" data-e-type=\"section\">\n\t\t\t\t\t\t<div class=\"elementor-container elementor-column-gap-default\">\n\t\t\t\t\t<div class=\"elementor-column elementor-col-50 elementor-top-column elementor-element elementor-element-e6a27bd\" data-id=\"e6a27bd\" data-element_type=\"column\" data-e-type=\"column\">\n\t\t\t<div class=\"elementor-widget-wrap elementor-element-populated\">\n\t\t\t\t<div class=\"elementor-element elementor-element-d2685a1 e-flex e-con-boxed e-con e-parent\" data-id=\"d2685a1\" data-element_type=\"container\" data-e-type=\"container\">\n\t\t\t\t\t<div class=\"e-con-inner\">\n\t\t\t\t<div class=\"elementor-element elementor-element-8b695b1 elementor-widget elementor-widget-image\" data-id=\"8b695b1\" data-element_type=\"widget\" data-e-type=\"widget\" data-widget_type=\"image.default\">\n\t\t\t\t<div class=\"elementor-widget-container\">\n\t\t\t\t\t\t\t\t\t\t\t\t\t\t\t<img fetchpriority=\"high\" decoding=\"async\" width=\"488\" height=\"691\" src=\"https:\/\/manyoki.de\/wp-content\/uploads\/2025\/02\/ORSZ_NEMG_Kv_11_Manyoki__pages68-68.png\" class=\"attachment-large size-large wp-image-722\" alt=\"\" srcset=\"https:\/\/manyoki.de\/wp-content\/uploads\/2025\/02\/ORSZ_NEMG_Kv_11_Manyoki__pages68-68.png 488w, https:\/\/manyoki.de\/wp-content\/uploads\/2025\/02\/ORSZ_NEMG_Kv_11_Manyoki__pages68-68-212x300.png 212w\" sizes=\"(max-width: 488px) 100vw, 488px\" \/>\t\t\t\t\t\t\t\t\t\t\t\t\t\t\t<\/div>\n\t\t\t\t<\/div>\n\t\t\t\t<div class=\"elementor-element elementor-element-b4e98c8 elementor-widget elementor-widget-text-editor\" data-id=\"b4e98c8\" data-element_type=\"widget\" data-e-type=\"widget\" data-widget_type=\"text-editor.default\">\n\t\t\t\t<div class=\"elementor-widget-container\">\n\t\t\t\t\t\t\t\t\t<p>\u00d6narck\u00e9p (Selbstbildnis) 1711, Budapest, Magyar Nemzeti Gal\u00e9ria (Ungarische Nationalgalerie) [1]<\/p><p>[1] Enik\u0151 Buz\u00e1si: <i>\u00c1d\u00e1m M\u00e1nyoki (1673\u20131757). Monographie und \u0152uvrekatalog<\/i>. Ungarische Nationalgalerie und Pannon GSM, Budapest 2003, <a href=\"https:\/\/de.wikipedia.org\/wiki\/Spezial:ISBN-Suche\/9637432868\">ISBN 963-7432-86-8<\/a> (<a href=\"https:\/\/library.hungaricana.hu\/hu\/view\/ORSZ_NEMG_Kv_11_Manyoki\/?pg=4&amp;layout=s&amp;query=Adam%2520Manyoki\">library.hungaricana.hu<\/a>).<\/p>\t\t\t\t\t\t\t\t<\/div>\n\t\t\t\t<\/div>\n\t\t\t\t\t<\/div>\n\t\t\t\t<\/div>\n\t\t\t\t\t<\/div>\n\t\t<\/div>\n\t\t\t\t<div class=\"elementor-column elementor-col-50 elementor-top-column elementor-element elementor-element-d74b87b\" data-id=\"d74b87b\" data-element_type=\"column\" data-e-type=\"column\">\n\t\t\t<div class=\"elementor-widget-wrap elementor-element-populated\">\n\t\t\t\t\t\t<div class=\"elementor-element elementor-element-c0ee898 elementor-widget elementor-widget-text-editor\" data-id=\"c0ee898\" data-element_type=\"widget\" data-e-type=\"widget\" data-widget_type=\"text-editor.default\">\n\t\t\t\t<div class=\"elementor-widget-container\">\n\t\t\t\t\t\t\t\t\t<p style=\"text-align: left;\">L\u00e9pjen vel\u00fcnk kapcsolatba!<br \/>Kontaktformular:<\/p>\t\t\t\t\t\t\t\t<\/div>\n\t\t\t\t<\/div>\n\t\t\t\t<div class=\"elementor-element elementor-element-e217082 elementor-button-align-stretch elementor-widget elementor-widget-form\" data-id=\"e217082\" data-element_type=\"widget\" data-e-type=\"widget\" data-settings=\"{&quot;step_next_label&quot;:&quot;K\\u00f6vetkez\\u0151&quot;,&quot;step_previous_label&quot;:&quot;El\\u0151z\\u0151&quot;,&quot;button_width&quot;:&quot;25&quot;,&quot;step_type&quot;:&quot;number_text&quot;,&quot;step_icon_shape&quot;:&quot;circle&quot;}\" data-widget_type=\"form.default\">\n\t\t\t\t<div class=\"elementor-widget-container\">\n\t\t\t\t\t\t\t<form class=\"elementor-form\" method=\"post\" name=\"\u00daj \u0171rlap\" aria-label=\"\u00daj \u0171rlap\">\n\t\t\t<input type=\"hidden\" name=\"post_id\" value=\"493\"\/>\n\t\t\t<input type=\"hidden\" name=\"form_id\" value=\"e217082\"\/>\n\t\t\t<input type=\"hidden\" name=\"referer_title\" value=\"Kapcsolat - M\u00e1nyoki \u00c1d\u00e1m deutsch-ungarischer Kulturverein e.V.\" \/>\n\n\t\t\t\t\t\t\t<input type=\"hidden\" name=\"queried_id\" value=\"493\"\/>\n\t\t\t\n\t\t\t<div class=\"elementor-form-fields-wrapper elementor-labels-above\">\n\t\t\t\t\t\t\t\t<div class=\"elementor-field-type-text elementor-field-group elementor-column elementor-field-group-name elementor-col-100\">\n\t\t\t\t\t\t\t\t\t\t\t\t<label for=\"form-field-name\" class=\"elementor-field-label\">\n\t\t\t\t\t\t\t\tN\u00e9v \/ Name\t\t\t\t\t\t\t<\/label>\n\t\t\t\t\t\t\t\t\t\t\t\t\t\t<input size=\"1\" type=\"text\" name=\"form_fields[name]\" id=\"form-field-name\" class=\"elementor-field elementor-size-sm  elementor-field-textual\">\n\t\t\t\t\t\t\t\t\t\t\t<\/div>\n\t\t\t\t\t\t\t\t<div class=\"elementor-field-type-email elementor-field-group elementor-column elementor-field-group-email elementor-col-100 elementor-field-required\">\n\t\t\t\t\t\t\t\t\t\t\t\t<label for=\"form-field-email\" class=\"elementor-field-label\">\n\t\t\t\t\t\t\t\tEmail\t\t\t\t\t\t\t<\/label>\n\t\t\t\t\t\t\t\t\t\t\t\t\t\t<input size=\"1\" type=\"email\" name=\"form_fields[email]\" id=\"form-field-email\" class=\"elementor-field elementor-size-sm  elementor-field-textual\" required=\"required\">\n\t\t\t\t\t\t\t\t\t\t\t<\/div>\n\t\t\t\t\t\t\t\t<div class=\"elementor-field-type-textarea elementor-field-group elementor-column elementor-field-group-message elementor-col-100\">\n\t\t\t\t\t\t\t\t\t\t\t\t<label for=\"form-field-message\" class=\"elementor-field-label\">\n\t\t\t\t\t\t\t\t\u00dczenet \/ Nachricht\t\t\t\t\t\t\t<\/label>\n\t\t\t\t\t\t<textarea class=\"elementor-field-textual elementor-field  elementor-size-sm\" name=\"form_fields[message]\" id=\"form-field-message\" rows=\"4\"><\/textarea>\t\t\t\t<\/div>\n\t\t\t\t\t\t\t\t<div class=\"elementor-field-group elementor-column elementor-field-type-submit elementor-col-25 e-form__buttons\">\n\t\t\t\t\t<button class=\"elementor-button elementor-size-md\" type=\"submit\">\n\t\t\t\t\t\t<span class=\"elementor-button-content-wrapper\">\n\t\t\t\t\t\t\t\t\t\t\t\t\t\t\t\t\t\t\t\t\t\t<span class=\"elementor-button-text\">K\u00fcld\u00e9s<\/span>\n\t\t\t\t\t\t\t\t\t\t\t\t\t<\/span>\n\t\t\t\t\t<\/button>\n\t\t\t\t<\/div>\n\t\t\t<\/div>\n\t\t<\/form>\n\t\t\t\t\t\t<\/div>\n\t\t\t\t<\/div>\n\t\t\t\t\t<\/div>\n\t\t<\/div>\n\t\t\t\t\t<\/div>\n\t\t<\/section>\n\t\t<div class=\"elementor-element elementor-element-9558d21 e-flex e-con-boxed e-con e-parent\" data-id=\"9558d21\" data-element_type=\"container\" data-e-type=\"container\">\n\t\t\t\t\t<div class=\"e-con-inner\">\n\t\t\t\t<div class=\"elementor-element elementor-element-fa80c47 elementor-widget elementor-widget-html\" data-id=\"fa80c47\" data-element_type=\"widget\" data-e-type=\"widget\" data-widget_type=\"html.default\">\n\t\t\t\t<div class=\"elementor-widget-container\">\n\t\t\t\t\t<iframe width=\"540\" height=\"455\" src=\"https:\/\/sibforms.com\/serve\/MUIFAGye6vde5e1U5Tb9gGdXtF2XZ7DAzhiWQkKU0h_MTt5it4KSAMo1NQLViS93OcPv8AUZ7C86j0LTU1sv8VJTTZuSKWi25vu3H57W-3yZNZro4n82012aaoBeHCsUm4qCugGOvXG4C1cvUpWfpyCDZR42Z91NAfUBH9-WMHaMptl6lO1a3cFl2c5nEXeIfK67veoxZFVzNrt9\" frameborder=\"0\" scrolling=\"auto\" allowfullscreen style=\"display: block;margin-left: auto;margin-right: auto;max-width: 100%;\"><\/iframe>\t\t\t\t<\/div>\n\t\t\t\t<\/div>\n\t\t\t\t\t<\/div>\n\t\t\t\t<\/div>\n\t\t\t\t<\/div>\n\t\t","protected":false},"excerpt":{"rendered":"<p>\u00d6narck\u00e9p (Selbstbildnis) 1711, Budapest, Magyar Nemzeti Gal\u00e9ria (Ungarische Nationalgalerie) [1] [1] Enik\u0151 Buz\u00e1si: \u00c1d\u00e1m M\u00e1nyoki (1673\u20131757). Monographie und \u0152uvrekatalog. Ungarische Nationalgalerie und Pannon GSM, Budapest 2003, ISBN 963-7432-86-8 (library.hungaricana.hu). L\u00e9pjen vel\u00fcnk kapcsolatba!Kontaktformular:<\/p>\n","protected":false},"author":1,"featured_media":0,"parent":0,"menu_order":0,"comment_status":"closed","ping_status":"closed","template":"elementor_header_footer","meta":{"footnotes":""},"class_list":["post-493","page","type-page","status-publish","hentry"],"yoast_head":"<!-- This site is optimized with the Yoast SEO plugin v27.4 - https:\/\/yoast.com\/product\/yoast-seo-wordpress\/ -->\n<title>Kapcsolat - M\u00e1nyoki \u00c1d\u00e1m deutsch-ungarischer Kulturverein e.V.<\/title>\n<meta name=\"robots\" content=\"index, follow, max-snippet:-1, max-image-preview:large, max-video-preview:-1\" \/>\n<link rel=\"canonical\" href=\"https:\/\/manyoki.de\/de\/kapcsolat\/\" \/>\n<meta property=\"og:locale\" content=\"de_DE\" \/>\n<meta property=\"og:type\" content=\"article\" \/>\n<meta property=\"og:title\" content=\"Kapcsolat - M\u00e1nyoki \u00c1d\u00e1m deutsch-ungarischer Kulturverein e.V.\" \/>\n<meta property=\"og:description\" content=\"\u00d6narck\u00e9p (Selbstbildnis) 1711, Budapest, Magyar Nemzeti Gal\u00e9ria (Ungarische Nationalgalerie) [1] [1] Enik\u0151 Buz\u00e1si: \u00c1d\u00e1m M\u00e1nyoki (1673\u20131757). Monographie und \u0152uvrekatalog. Ungarische Nationalgalerie und Pannon GSM, Budapest 2003, ISBN 963-7432-86-8 (library.hungaricana.hu). L\u00e9pjen vel\u00fcnk kapcsolatba!Kontaktformular:\" \/>\n<meta property=\"og:url\" content=\"https:\/\/manyoki.de\/de\/kapcsolat\/\" \/>\n<meta property=\"og:site_name\" content=\"M\u00e1nyoki \u00c1d\u00e1m deutsch-ungarischer Kulturverein e.V.\" \/>\n<meta property=\"article:modified_time\" content=\"2025-07-29T15:02:32+00:00\" \/>\n<meta property=\"og:image\" content=\"https:\/\/manyoki.de\/wp-content\/uploads\/2025\/02\/ORSZ_NEMG_Kv_11_Manyoki__pages68-68.png\" \/>\n\t<meta property=\"og:image:width\" content=\"488\" \/>\n\t<meta property=\"og:image:height\" content=\"691\" \/>\n\t<meta property=\"og:image:type\" content=\"image\/png\" \/>\n<meta name=\"twitter:card\" content=\"summary_large_image\" \/>\n<meta name=\"twitter:label1\" content=\"Gesch\u00e4tzte Lesezeit\" \/>\n\t<meta name=\"twitter:data1\" content=\"1\u00a0Minute\" \/>\n<script type=\"application\/ld+json\" class=\"yoast-schema-graph\">{\"@context\":\"https:\\\/\\\/schema.org\",\"@graph\":[{\"@type\":\"WebPage\",\"@id\":\"https:\\\/\\\/manyoki.de\\\/kapcsolat\\\/\",\"url\":\"https:\\\/\\\/manyoki.de\\\/kapcsolat\\\/\",\"name\":\"Kapcsolat - M\u00e1nyoki \u00c1d\u00e1m deutsch-ungarischer Kulturverein e.V.\",\"isPartOf\":{\"@id\":\"https:\\\/\\\/manyoki.de\\\/#website\"},\"primaryImageOfPage\":{\"@id\":\"https:\\\/\\\/manyoki.de\\\/kapcsolat\\\/#primaryimage\"},\"image\":{\"@id\":\"https:\\\/\\\/manyoki.de\\\/kapcsolat\\\/#primaryimage\"},\"thumbnailUrl\":\"https:\\\/\\\/manyoki.de\\\/wp-content\\\/uploads\\\/2025\\\/02\\\/ORSZ_NEMG_Kv_11_Manyoki__pages68-68.png\",\"datePublished\":\"2025-01-13T17:50:11+00:00\",\"dateModified\":\"2025-07-29T15:02:32+00:00\",\"breadcrumb\":{\"@id\":\"https:\\\/\\\/manyoki.de\\\/kapcsolat\\\/#breadcrumb\"},\"inLanguage\":\"de\",\"potentialAction\":[{\"@type\":\"ReadAction\",\"target\":[\"https:\\\/\\\/manyoki.de\\\/kapcsolat\\\/\"]}]},{\"@type\":\"ImageObject\",\"inLanguage\":\"de\",\"@id\":\"https:\\\/\\\/manyoki.de\\\/kapcsolat\\\/#primaryimage\",\"url\":\"https:\\\/\\\/manyoki.de\\\/wp-content\\\/uploads\\\/2025\\\/02\\\/ORSZ_NEMG_Kv_11_Manyoki__pages68-68.png\",\"contentUrl\":\"https:\\\/\\\/manyoki.de\\\/wp-content\\\/uploads\\\/2025\\\/02\\\/ORSZ_NEMG_Kv_11_Manyoki__pages68-68.png\"},{\"@type\":\"BreadcrumbList\",\"@id\":\"https:\\\/\\\/manyoki.de\\\/kapcsolat\\\/#breadcrumb\",\"itemListElement\":[{\"@type\":\"ListItem\",\"position\":1,\"name\":\"Home\",\"item\":\"https:\\\/\\\/manyoki.de\\\/\"},{\"@type\":\"ListItem\",\"position\":2,\"name\":\"Kapcsolat\"}]},{\"@type\":\"WebSite\",\"@id\":\"https:\\\/\\\/manyoki.de\\\/#website\",\"url\":\"https:\\\/\\\/manyoki.de\\\/\",\"name\":\"M\u00e1nyoki \u00c1d\u00e1m deutsch-ungarischer Kulturverein e.V.\",\"description\":\"Megval\u00f3sult a Magyar Korm\u00e1ny t\u00e1mogat\u00e1s\u00e1val!\",\"publisher\":{\"@id\":\"https:\\\/\\\/manyoki.de\\\/#organization\"},\"potentialAction\":[{\"@type\":\"SearchAction\",\"target\":{\"@type\":\"EntryPoint\",\"urlTemplate\":\"https:\\\/\\\/manyoki.de\\\/?s={search_term_string}\"},\"query-input\":{\"@type\":\"PropertyValueSpecification\",\"valueRequired\":true,\"valueName\":\"search_term_string\"}}],\"inLanguage\":\"de\"},{\"@type\":\"Organization\",\"@id\":\"https:\\\/\\\/manyoki.de\\\/#organization\",\"name\":\"M\u00e1nyoki \u00c1d\u00e1m deutsch-ungarischer Kulturverein e.V.\",\"url\":\"https:\\\/\\\/manyoki.de\\\/\",\"logo\":{\"@type\":\"ImageObject\",\"inLanguage\":\"de\",\"@id\":\"https:\\\/\\\/manyoki.de\\\/#\\\/schema\\\/logo\\\/image\\\/\",\"url\":\"\",\"contentUrl\":\"\",\"caption\":\"M\u00e1nyoki \u00c1d\u00e1m deutsch-ungarischer Kulturverein e.V.\"},\"image\":{\"@id\":\"https:\\\/\\\/manyoki.de\\\/#\\\/schema\\\/logo\\\/image\\\/\"}}]}<\/script>\n<!-- \/ Yoast SEO plugin. -->","yoast_head_json":{"title":"Kapcsolat - M\u00e1nyoki \u00c1d\u00e1m deutsch-ungarischer Kulturverein e.V.","robots":{"index":"index","follow":"follow","max-snippet":"max-snippet:-1","max-image-preview":"max-image-preview:large","max-video-preview":"max-video-preview:-1"},"canonical":"https:\/\/manyoki.de\/de\/kapcsolat\/","og_locale":"de_DE","og_type":"article","og_title":"Kapcsolat - M\u00e1nyoki \u00c1d\u00e1m deutsch-ungarischer Kulturverein e.V.","og_description":"\u00d6narck\u00e9p (Selbstbildnis) 1711, Budapest, Magyar Nemzeti Gal\u00e9ria (Ungarische Nationalgalerie) [1] [1] Enik\u0151 Buz\u00e1si: \u00c1d\u00e1m M\u00e1nyoki (1673\u20131757). Monographie und \u0152uvrekatalog. Ungarische Nationalgalerie und Pannon GSM, Budapest 2003, ISBN 963-7432-86-8 (library.hungaricana.hu). L\u00e9pjen vel\u00fcnk kapcsolatba!Kontaktformular:","og_url":"https:\/\/manyoki.de\/de\/kapcsolat\/","og_site_name":"M\u00e1nyoki \u00c1d\u00e1m deutsch-ungarischer Kulturverein e.V.","article_modified_time":"2025-07-29T15:02:32+00:00","og_image":[{"width":488,"height":691,"url":"https:\/\/manyoki.de\/wp-content\/uploads\/2025\/02\/ORSZ_NEMG_Kv_11_Manyoki__pages68-68.png","type":"image\/png"}],"twitter_card":"summary_large_image","twitter_misc":{"Gesch\u00e4tzte Lesezeit":"1\u00a0Minute"},"schema":{"@context":"https:\/\/schema.org","@graph":[{"@type":"WebPage","@id":"https:\/\/manyoki.de\/kapcsolat\/","url":"https:\/\/manyoki.de\/kapcsolat\/","name":"Kapcsolat - M\u00e1nyoki \u00c1d\u00e1m deutsch-ungarischer Kulturverein e.V.","isPartOf":{"@id":"https:\/\/manyoki.de\/#website"},"primaryImageOfPage":{"@id":"https:\/\/manyoki.de\/kapcsolat\/#primaryimage"},"image":{"@id":"https:\/\/manyoki.de\/kapcsolat\/#primaryimage"},"thumbnailUrl":"https:\/\/manyoki.de\/wp-content\/uploads\/2025\/02\/ORSZ_NEMG_Kv_11_Manyoki__pages68-68.png","datePublished":"2025-01-13T17:50:11+00:00","dateModified":"2025-07-29T15:02:32+00:00","breadcrumb":{"@id":"https:\/\/manyoki.de\/kapcsolat\/#breadcrumb"},"inLanguage":"de","potentialAction":[{"@type":"ReadAction","target":["https:\/\/manyoki.de\/kapcsolat\/"]}]},{"@type":"ImageObject","inLanguage":"de","@id":"https:\/\/manyoki.de\/kapcsolat\/#primaryimage","url":"https:\/\/manyoki.de\/wp-content\/uploads\/2025\/02\/ORSZ_NEMG_Kv_11_Manyoki__pages68-68.png","contentUrl":"https:\/\/manyoki.de\/wp-content\/uploads\/2025\/02\/ORSZ_NEMG_Kv_11_Manyoki__pages68-68.png"},{"@type":"BreadcrumbList","@id":"https:\/\/manyoki.de\/kapcsolat\/#breadcrumb","itemListElement":[{"@type":"ListItem","position":1,"name":"Home","item":"https:\/\/manyoki.de\/"},{"@type":"ListItem","position":2,"name":"Kapcsolat"}]},{"@type":"WebSite","@id":"https:\/\/manyoki.de\/#website","url":"https:\/\/manyoki.de\/","name":"M\u00e1nyoki \u00c1d\u00e1m deutsch-ungarischer Kulturverein e.V.","description":"Megval\u00f3sult a Magyar Korm\u00e1ny t\u00e1mogat\u00e1s\u00e1val!","publisher":{"@id":"https:\/\/manyoki.de\/#organization"},"potentialAction":[{"@type":"SearchAction","target":{"@type":"EntryPoint","urlTemplate":"https:\/\/manyoki.de\/?s={search_term_string}"},"query-input":{"@type":"PropertyValueSpecification","valueRequired":true,"valueName":"search_term_string"}}],"inLanguage":"de"},{"@type":"Organization","@id":"https:\/\/manyoki.de\/#organization","name":"M\u00e1nyoki \u00c1d\u00e1m deutsch-ungarischer Kulturverein e.V.","url":"https:\/\/manyoki.de\/","logo":{"@type":"ImageObject","inLanguage":"de","@id":"https:\/\/manyoki.de\/#\/schema\/logo\/image\/","url":"","contentUrl":"","caption":"M\u00e1nyoki \u00c1d\u00e1m deutsch-ungarischer Kulturverein e.V."},"image":{"@id":"https:\/\/manyoki.de\/#\/schema\/logo\/image\/"}}]}},"_links":{"self":[{"href":"https:\/\/manyoki.de\/de\/wp-json\/wp\/v2\/pages\/493","targetHints":{"allow":["GET"]}}],"collection":[{"href":"https:\/\/manyoki.de\/de\/wp-json\/wp\/v2\/pages"}],"about":[{"href":"https:\/\/manyoki.de\/de\/wp-json\/wp\/v2\/types\/page"}],"author":[{"embeddable":true,"href":"https:\/\/manyoki.de\/de\/wp-json\/wp\/v2\/users\/1"}],"replies":[{"embeddable":true,"href":"https:\/\/manyoki.de\/de\/wp-json\/wp\/v2\/comments?post=493"}],"version-history":[{"count":73,"href":"https:\/\/manyoki.de\/de\/wp-json\/wp\/v2\/pages\/493\/revisions"}],"predecessor-version":[{"id":1552,"href":"https:\/\/manyoki.de\/de\/wp-json\/wp\/v2\/pages\/493\/revisions\/1552"}],"wp:attachment":[{"href":"https:\/\/manyoki.de\/de\/wp-json\/wp\/v2\/media?parent=493"}],"curies":[{"name":"wp","href":"https:\/\/api.w.org\/{rel}","templated":true}]}}