{"id":1390,"date":"2025-04-02T08:15:11","date_gmt":"2025-04-02T08:15:11","guid":{"rendered":"https:\/\/manyoki.de\/?page_id=1390"},"modified":"2025-09-12T07:17:46","modified_gmt":"2025-09-12T07:17:46","slug":"magyarora-ajanlo","status":"publish","type":"page","link":"https:\/\/manyoki.de\/de\/magyarora-ajanlo\/","title":{"rendered":"aj\u00e1nl\u00f3 Magyar \u00f3ra"},"content":{"rendered":"<div data-elementor-type=\"wp-page\" data-elementor-id=\"1390\" class=\"elementor elementor-1390\" data-elementor-post-type=\"page\">\n\t\t\t\t\t\t<section class=\"elementor-section elementor-top-section elementor-element elementor-element-9ada56b elementor-section-boxed elementor-section-height-default elementor-section-height-default\" data-id=\"9ada56b\" data-element_type=\"section\" data-e-type=\"section\">\n\t\t\t\t\t\t<div class=\"elementor-container elementor-column-gap-default\">\n\t\t\t\t\t<div class=\"elementor-column elementor-col-100 elementor-top-column elementor-element elementor-element-45ec2c9\" data-id=\"45ec2c9\" data-element_type=\"column\" data-e-type=\"column\">\n\t\t\t<div class=\"elementor-widget-wrap elementor-element-populated\">\n\t\t\t\t\t\t<section class=\"elementor-section elementor-inner-section elementor-element elementor-element-b96ef67 elementor-section-boxed elementor-section-height-default elementor-section-height-default\" data-id=\"b96ef67\" data-element_type=\"section\" data-e-type=\"section\">\n\t\t\t\t\t\t<div class=\"elementor-container elementor-column-gap-default\">\n\t\t\t\t\t<div class=\"elementor-column elementor-col-100 elementor-inner-column elementor-element elementor-element-3cfee0d\" data-id=\"3cfee0d\" data-element_type=\"column\" data-e-type=\"column\">\n\t\t\t<div class=\"elementor-widget-wrap elementor-element-populated\">\n\t\t\t\t\t\t<div class=\"elementor-element elementor-element-6917986 elementor-widget elementor-widget-heading\" data-id=\"6917986\" data-element_type=\"widget\" data-e-type=\"widget\" data-widget_type=\"heading.default\">\n\t\t\t\t<div class=\"elementor-widget-container\">\n\t\t\t\t\t<h2 class=\"elementor-heading-title elementor-size-default\">Drezdai magyar nyelv\u0171 oktat\u00e1s<\/h2>\t\t\t\t<\/div>\n\t\t\t\t<\/div>\n\t\t\t\t<div class=\"elementor-element elementor-element-9dc8b06 elementor-widget-divider--view-line elementor-widget elementor-widget-divider\" data-id=\"9dc8b06\" data-element_type=\"widget\" data-e-type=\"widget\" data-widget_type=\"divider.default\">\n\t\t\t\t<div class=\"elementor-widget-container\">\n\t\t\t\t\t\t\t<div class=\"elementor-divider\">\n\t\t\t<span class=\"elementor-divider-separator\">\n\t\t\t\t\t\t<\/span>\n\t\t<\/div>\n\t\t\t\t\t\t<\/div>\n\t\t\t\t<\/div>\n\t\t\t\t<div class=\"elementor-element elementor-element-77589e8 elementor-widget elementor-widget-text-editor\" data-id=\"77589e8\" data-element_type=\"widget\" data-e-type=\"widget\" data-widget_type=\"text-editor.default\">\n\t\t\t\t<div class=\"elementor-widget-container\">\n\t\t\t\t\t\t\t\t\t<p>Kedves \u00e9rdekl\u0151d\u0151!<\/p>\n<p>Az anyanyelvek oktat\u00e1sa (Herkunftssprachlicher Unterricht) a \u201enyelvoktat\u00e1s\u201d \u00e1tfog\u00f3 koncepci\u00f3j\u00e1nak r\u00e9sze. Hozz\u00e1j\u00e1rul a tanul\u00f3k nyelvi orient\u00e1ci\u00f3j\u00e1hoz, az iskol\u00e1ban akt\u00edvan gyakorolt t\u00f6bbnyelv\u0171s\u00e9ghez, \u00e9s a t\u00f6bbnyelv\u0171s\u00e9get mint egy\u00e9ni, t\u00e1rsadalmi \u00e9s gazdas\u00e1gi jelent\u0151s\u00e9ggel b\u00edr\u00f3 er\u0151forr\u00e1st n\u00e9pszer\u0171s\u00edti.<\/p>\n<p>A gyermekek \u00e9s fiatalok t\u00f6bbnyelv\u0171 nevel\u00e9se befoly\u00e1solja a nyelvi \u00e9s szem\u00e9lyis\u00e9gfejl\u0151d\u00e9s\u00fcket, valamint az identit\u00e1suk kialakul\u00e1s\u00e1t. Az \u00f6r\u00f6ks\u00e9gnyelv-oktat\u00e1s az iskolai n\u00e9met- \u00e9s idegennyelv-\u00f3r\u00e1kon t\u00falmutat\u00f3 nyelvtanul\u00e1si \u00e9s nyelvhaszn\u00e1lati lehet\u0151s\u00e9geket k\u00edn\u00e1l, \u00e9s felismeri, hogy a gyermekek \u00e9s fiatalok t\u00f6bbf\u00e9le t\u00e1rsadalmi hovatartoz\u00e1st alak\u00edtanak ki, \u00e9s nem csak egy adott kult\u00far\u00e1t k\u00e9pviselnek.<\/p>\n<p>Az anyanyelvi oktat\u00e1s sor\u00e1n az anyanyelvi kompetenci\u00e1kat c\u00e9lzottan fejlesztik \u00e9s \u00f6sszekapcsolj\u00e1k. Ez fontos el\u0151felt\u00e9tele a t\u00f6bbnyelv\u0171 k\u00f6rnyezetben feln\u00f6v\u0151 di\u00e1kok tanulm\u00e1nyi siker\u00e9nek.<\/p>\n<p>A k\u00edn\u00e1lt nyelvekr\u0151l \u00e9s a sz\u00e1rmaz\u00e1si nyelv oktat\u00e1s\u00e1nak helysz\u00edneir\u0151l a helysz\u00ednek\u00e9rt felel\u0151s migr\u00e1ci\u00f3s\/integr\u00e1ci\u00f3s koordin\u00e1torok adnak t\u00e1j\u00e9koztat\u00e1st.<\/p>\n<p>A 2025-\u00f6s \u00e9v augusztus\u00e1t\u00f3l <a href=\"https:\/\/www.facebook.com\/sallai.melinda\" target=\"_blank\" rel=\"noopener\">N\u00e9methn\u00e9 Sallai Melinda<\/a> vette \u00e1t a staf\u00e9tabotot \u00e9s folytatja a d\u00e9lut\u00e1ni magyar nyelvoktat\u00e1st, melynek a Martin-Andersen-Nex\u00f6 Gimn\u00e1zium ad otthont jelenleg. Az \u00e9rdekl\u0151d\u0151k n\u00e1la jelentkezhetnek.<\/p>\n<p>E-mail: sallaimelinda@gmail.com&nbsp;<\/p>\n<p>R\u00e9szletek az anyanyelvek oktat\u00e1s\u00e1r\u00f3l a Sz\u00e1sz tartom\u00e1ny t\u00e1mogat\u00e1s\u00e1val n\u00e9met nyelven:&nbsp;<a href=\"https:\/\/migration.bildung.sachsen.de\/herkunftssprachlicher-unterricht-4060.html\" target=\"_blank\" rel=\"noopener\">https:\/\/migration.bildung.sachsen.de\/herkunftssprachlicher-unterricht-4060.html<\/a><\/p>\n<p>\u00e9s itt:&nbsp;<a href=\"https:\/\/www.dresden.de\/de\/leben\/gesellschaft\/migration\/orientierungshilfen\/sprache\/herkunftsprache-fuer-kinder-und-jugendliche.php\" style=\"font-family: var( --e-global-typography-text-font-family ), Sans-serif; font-size: var( --e-global-typography-text-font-size );\">https:\/\/www.dresden.de\/de\/leben\/gesellschaft\/migration\/orientierungshilfen\/sprache\/herkunftsprache-fuer-kinder-und-jugendliche.php<\/a><\/p>\n<p><em>K\u00e1kay Katalin \u00e9s K\u00e1kay Attila<\/em><\/p>\t\t\t\t\t\t\t\t<\/div>\n\t\t\t\t<\/div>\n\t\t\t\t\t<\/div>\n\t\t<\/div>\n\t\t\t\t\t<\/div>\n\t\t<\/section>\n\t\t\t\t\t<\/div>\n\t\t<\/div>\n\t\t\t\t\t<\/div>\n\t\t<\/section>\n\t\t\t\t<\/div>","protected":false},"excerpt":{"rendered":"<p>Drezdai magyar nyelv\u0171 oktat\u00e1s Kedves \u00e9rdekl\u0151d\u0151! Az anyanyelvek oktat\u00e1sa (Herkunftssprachlicher Unterricht) a \u201enyelvoktat\u00e1s\u201d \u00e1tfog\u00f3 koncepci\u00f3j\u00e1nak r\u00e9sze. Hozz\u00e1j\u00e1rul a tanul\u00f3k nyelvi orient\u00e1ci\u00f3j\u00e1hoz, az iskol\u00e1ban akt\u00edvan gyakorolt t\u00f6bbnyelv\u0171s\u00e9ghez, \u00e9s a t\u00f6bbnyelv\u0171s\u00e9get mint egy\u00e9ni, t\u00e1rsadalmi \u00e9s gazdas\u00e1gi jelent\u0151s\u00e9ggel b\u00edr\u00f3 er\u0151forr\u00e1st n\u00e9pszer\u0171s\u00edti. A gyermekek \u00e9s fiatalok t\u00f6bbnyelv\u0171 nevel\u00e9se befoly\u00e1solja a nyelvi \u00e9s szem\u00e9lyis\u00e9gfejl\u0151d\u00e9s\u00fcket, valamint az identit\u00e1suk kialakul\u00e1s\u00e1t. Az \u00f6r\u00f6ks\u00e9gnyelv-oktat\u00e1s [&hellip;]<\/p>\n","protected":false},"author":1,"featured_media":0,"parent":0,"menu_order":0,"comment_status":"closed","ping_status":"closed","template":"elementor_header_footer","meta":{"footnotes":""},"class_list":["post-1390","page","type-page","status-publish","hentry"],"yoast_head":"<!-- This site is optimized with the Yoast SEO plugin v27.4 - https:\/\/yoast.com\/product\/yoast-seo-wordpress\/ -->\n<title>aj\u00e1nl\u00f3 Magyar \u00f3ra - M\u00e1nyoki \u00c1d\u00e1m deutsch-ungarischer Kulturverein e.V.<\/title>\n<meta name=\"robots\" content=\"index, follow, max-snippet:-1, max-image-preview:large, max-video-preview:-1\" \/>\n<link rel=\"canonical\" href=\"https:\/\/manyoki.de\/de\/magyarora-ajanlo\/\" \/>\n<meta property=\"og:locale\" content=\"de_DE\" \/>\n<meta property=\"og:type\" content=\"article\" \/>\n<meta property=\"og:title\" content=\"aj\u00e1nl\u00f3 Magyar \u00f3ra - M\u00e1nyoki \u00c1d\u00e1m deutsch-ungarischer Kulturverein e.V.\" \/>\n<meta property=\"og:description\" content=\"Drezdai magyar nyelv\u0171 oktat\u00e1s Kedves \u00e9rdekl\u0151d\u0151! Az anyanyelvek oktat\u00e1sa (Herkunftssprachlicher Unterricht) a \u201enyelvoktat\u00e1s\u201d \u00e1tfog\u00f3 koncepci\u00f3j\u00e1nak r\u00e9sze. Hozz\u00e1j\u00e1rul a tanul\u00f3k nyelvi orient\u00e1ci\u00f3j\u00e1hoz, az iskol\u00e1ban akt\u00edvan gyakorolt t\u00f6bbnyelv\u0171s\u00e9ghez, \u00e9s a t\u00f6bbnyelv\u0171s\u00e9get mint egy\u00e9ni, t\u00e1rsadalmi \u00e9s gazdas\u00e1gi jelent\u0151s\u00e9ggel b\u00edr\u00f3 er\u0151forr\u00e1st n\u00e9pszer\u0171s\u00edti. A gyermekek \u00e9s fiatalok t\u00f6bbnyelv\u0171 nevel\u00e9se befoly\u00e1solja a nyelvi \u00e9s szem\u00e9lyis\u00e9gfejl\u0151d\u00e9s\u00fcket, valamint az identit\u00e1suk kialakul\u00e1s\u00e1t. Az \u00f6r\u00f6ks\u00e9gnyelv-oktat\u00e1s [&hellip;]\" \/>\n<meta property=\"og:url\" content=\"https:\/\/manyoki.de\/de\/magyarora-ajanlo\/\" \/>\n<meta property=\"og:site_name\" content=\"M\u00e1nyoki \u00c1d\u00e1m deutsch-ungarischer Kulturverein e.V.\" \/>\n<meta property=\"article:modified_time\" content=\"2025-09-12T07:17:46+00:00\" \/>\n<meta name=\"twitter:card\" content=\"summary_large_image\" \/>\n<meta name=\"twitter:label1\" content=\"Gesch\u00e4tzte Lesezeit\" \/>\n\t<meta name=\"twitter:data1\" content=\"1\u00a0Minute\" \/>\n<script type=\"application\/ld+json\" class=\"yoast-schema-graph\">{\"@context\":\"https:\\\/\\\/schema.org\",\"@graph\":[{\"@type\":\"WebPage\",\"@id\":\"https:\\\/\\\/manyoki.de\\\/magyarora-ajanlo\\\/\",\"url\":\"https:\\\/\\\/manyoki.de\\\/magyarora-ajanlo\\\/\",\"name\":\"aj\u00e1nl\u00f3 Magyar \u00f3ra - M\u00e1nyoki \u00c1d\u00e1m deutsch-ungarischer Kulturverein e.V.\",\"isPartOf\":{\"@id\":\"https:\\\/\\\/manyoki.de\\\/#website\"},\"datePublished\":\"2025-04-02T08:15:11+00:00\",\"dateModified\":\"2025-09-12T07:17:46+00:00\",\"breadcrumb\":{\"@id\":\"https:\\\/\\\/manyoki.de\\\/magyarora-ajanlo\\\/#breadcrumb\"},\"inLanguage\":\"de\",\"potentialAction\":[{\"@type\":\"ReadAction\",\"target\":[\"https:\\\/\\\/manyoki.de\\\/magyarora-ajanlo\\\/\"]}]},{\"@type\":\"BreadcrumbList\",\"@id\":\"https:\\\/\\\/manyoki.de\\\/magyarora-ajanlo\\\/#breadcrumb\",\"itemListElement\":[{\"@type\":\"ListItem\",\"position\":1,\"name\":\"Home\",\"item\":\"https:\\\/\\\/manyoki.de\\\/\"},{\"@type\":\"ListItem\",\"position\":2,\"name\":\"aj\u00e1nl\u00f3 Magyar \u00f3ra\"}]},{\"@type\":\"WebSite\",\"@id\":\"https:\\\/\\\/manyoki.de\\\/#website\",\"url\":\"https:\\\/\\\/manyoki.de\\\/\",\"name\":\"M\u00e1nyoki \u00c1d\u00e1m deutsch-ungarischer Kulturverein e.V.\",\"description\":\"Megval\u00f3sult a Magyar Korm\u00e1ny t\u00e1mogat\u00e1s\u00e1val!\",\"publisher\":{\"@id\":\"https:\\\/\\\/manyoki.de\\\/#organization\"},\"potentialAction\":[{\"@type\":\"SearchAction\",\"target\":{\"@type\":\"EntryPoint\",\"urlTemplate\":\"https:\\\/\\\/manyoki.de\\\/?s={search_term_string}\"},\"query-input\":{\"@type\":\"PropertyValueSpecification\",\"valueRequired\":true,\"valueName\":\"search_term_string\"}}],\"inLanguage\":\"de\"},{\"@type\":\"Organization\",\"@id\":\"https:\\\/\\\/manyoki.de\\\/#organization\",\"name\":\"M\u00e1nyoki \u00c1d\u00e1m deutsch-ungarischer Kulturverein e.V.\",\"url\":\"https:\\\/\\\/manyoki.de\\\/\",\"logo\":{\"@type\":\"ImageObject\",\"inLanguage\":\"de\",\"@id\":\"https:\\\/\\\/manyoki.de\\\/#\\\/schema\\\/logo\\\/image\\\/\",\"url\":\"\",\"contentUrl\":\"\",\"caption\":\"M\u00e1nyoki \u00c1d\u00e1m deutsch-ungarischer Kulturverein e.V.\"},\"image\":{\"@id\":\"https:\\\/\\\/manyoki.de\\\/#\\\/schema\\\/logo\\\/image\\\/\"}}]}<\/script>\n<!-- \/ Yoast SEO plugin. -->","yoast_head_json":{"title":"aj\u00e1nl\u00f3 Magyar \u00f3ra - M\u00e1nyoki \u00c1d\u00e1m deutsch-ungarischer Kulturverein e.V.","robots":{"index":"index","follow":"follow","max-snippet":"max-snippet:-1","max-image-preview":"max-image-preview:large","max-video-preview":"max-video-preview:-1"},"canonical":"https:\/\/manyoki.de\/de\/magyarora-ajanlo\/","og_locale":"de_DE","og_type":"article","og_title":"aj\u00e1nl\u00f3 Magyar \u00f3ra - M\u00e1nyoki \u00c1d\u00e1m deutsch-ungarischer Kulturverein e.V.","og_description":"Drezdai magyar nyelv\u0171 oktat\u00e1s Kedves \u00e9rdekl\u0151d\u0151! Az anyanyelvek oktat\u00e1sa (Herkunftssprachlicher Unterricht) a \u201enyelvoktat\u00e1s\u201d \u00e1tfog\u00f3 koncepci\u00f3j\u00e1nak r\u00e9sze. Hozz\u00e1j\u00e1rul a tanul\u00f3k nyelvi orient\u00e1ci\u00f3j\u00e1hoz, az iskol\u00e1ban akt\u00edvan gyakorolt t\u00f6bbnyelv\u0171s\u00e9ghez, \u00e9s a t\u00f6bbnyelv\u0171s\u00e9get mint egy\u00e9ni, t\u00e1rsadalmi \u00e9s gazdas\u00e1gi jelent\u0151s\u00e9ggel b\u00edr\u00f3 er\u0151forr\u00e1st n\u00e9pszer\u0171s\u00edti. A gyermekek \u00e9s fiatalok t\u00f6bbnyelv\u0171 nevel\u00e9se befoly\u00e1solja a nyelvi \u00e9s szem\u00e9lyis\u00e9gfejl\u0151d\u00e9s\u00fcket, valamint az identit\u00e1suk kialakul\u00e1s\u00e1t. Az \u00f6r\u00f6ks\u00e9gnyelv-oktat\u00e1s [&hellip;]","og_url":"https:\/\/manyoki.de\/de\/magyarora-ajanlo\/","og_site_name":"M\u00e1nyoki \u00c1d\u00e1m deutsch-ungarischer Kulturverein e.V.","article_modified_time":"2025-09-12T07:17:46+00:00","twitter_card":"summary_large_image","twitter_misc":{"Gesch\u00e4tzte Lesezeit":"1\u00a0Minute"},"schema":{"@context":"https:\/\/schema.org","@graph":[{"@type":"WebPage","@id":"https:\/\/manyoki.de\/magyarora-ajanlo\/","url":"https:\/\/manyoki.de\/magyarora-ajanlo\/","name":"aj\u00e1nl\u00f3 Magyar \u00f3ra - M\u00e1nyoki \u00c1d\u00e1m deutsch-ungarischer Kulturverein e.V.","isPartOf":{"@id":"https:\/\/manyoki.de\/#website"},"datePublished":"2025-04-02T08:15:11+00:00","dateModified":"2025-09-12T07:17:46+00:00","breadcrumb":{"@id":"https:\/\/manyoki.de\/magyarora-ajanlo\/#breadcrumb"},"inLanguage":"de","potentialAction":[{"@type":"ReadAction","target":["https:\/\/manyoki.de\/magyarora-ajanlo\/"]}]},{"@type":"BreadcrumbList","@id":"https:\/\/manyoki.de\/magyarora-ajanlo\/#breadcrumb","itemListElement":[{"@type":"ListItem","position":1,"name":"Home","item":"https:\/\/manyoki.de\/"},{"@type":"ListItem","position":2,"name":"aj\u00e1nl\u00f3 Magyar \u00f3ra"}]},{"@type":"WebSite","@id":"https:\/\/manyoki.de\/#website","url":"https:\/\/manyoki.de\/","name":"M\u00e1nyoki \u00c1d\u00e1m deutsch-ungarischer Kulturverein e.V.","description":"Megval\u00f3sult a Magyar Korm\u00e1ny t\u00e1mogat\u00e1s\u00e1val!","publisher":{"@id":"https:\/\/manyoki.de\/#organization"},"potentialAction":[{"@type":"SearchAction","target":{"@type":"EntryPoint","urlTemplate":"https:\/\/manyoki.de\/?s={search_term_string}"},"query-input":{"@type":"PropertyValueSpecification","valueRequired":true,"valueName":"search_term_string"}}],"inLanguage":"de"},{"@type":"Organization","@id":"https:\/\/manyoki.de\/#organization","name":"M\u00e1nyoki \u00c1d\u00e1m deutsch-ungarischer Kulturverein e.V.","url":"https:\/\/manyoki.de\/","logo":{"@type":"ImageObject","inLanguage":"de","@id":"https:\/\/manyoki.de\/#\/schema\/logo\/image\/","url":"","contentUrl":"","caption":"M\u00e1nyoki \u00c1d\u00e1m deutsch-ungarischer Kulturverein e.V."},"image":{"@id":"https:\/\/manyoki.de\/#\/schema\/logo\/image\/"}}]}},"_links":{"self":[{"href":"https:\/\/manyoki.de\/de\/wp-json\/wp\/v2\/pages\/1390","targetHints":{"allow":["GET"]}}],"collection":[{"href":"https:\/\/manyoki.de\/de\/wp-json\/wp\/v2\/pages"}],"about":[{"href":"https:\/\/manyoki.de\/de\/wp-json\/wp\/v2\/types\/page"}],"author":[{"embeddable":true,"href":"https:\/\/manyoki.de\/de\/wp-json\/wp\/v2\/users\/1"}],"replies":[{"embeddable":true,"href":"https:\/\/manyoki.de\/de\/wp-json\/wp\/v2\/comments?post=1390"}],"version-history":[{"count":22,"href":"https:\/\/manyoki.de\/de\/wp-json\/wp\/v2\/pages\/1390\/revisions"}],"predecessor-version":[{"id":1636,"href":"https:\/\/manyoki.de\/de\/wp-json\/wp\/v2\/pages\/1390\/revisions\/1636"}],"wp:attachment":[{"href":"https:\/\/manyoki.de\/de\/wp-json\/wp\/v2\/media?parent=1390"}],"curies":[{"name":"wp","href":"https:\/\/api.w.org\/{rel}","templated":true}]}}