{"id":1272,"date":"2025-03-14T15:00:20","date_gmt":"2025-03-14T15:00:20","guid":{"rendered":"https:\/\/manyoki.de\/?page_id=1272"},"modified":"2025-03-14T15:03:24","modified_gmt":"2025-03-14T15:03:24","slug":"istentisztelet-ajanlo","status":"publish","type":"page","link":"https:\/\/manyoki.de\/de\/istentisztelet-ajanlo\/","title":{"rendered":"aj\u00e1nl\u00f3 Istentisztelet"},"content":{"rendered":"<div data-elementor-type=\"wp-page\" data-elementor-id=\"1272\" class=\"elementor elementor-1272\" data-elementor-post-type=\"page\">\n\t\t\t\t\t\t<section class=\"elementor-section elementor-top-section elementor-element elementor-element-9ada56b elementor-section-boxed elementor-section-height-default elementor-section-height-default\" data-id=\"9ada56b\" data-element_type=\"section\" data-e-type=\"section\">\n\t\t\t\t\t\t<div class=\"elementor-container elementor-column-gap-default\">\n\t\t\t\t\t<div class=\"elementor-column elementor-col-100 elementor-top-column elementor-element elementor-element-45ec2c9\" data-id=\"45ec2c9\" data-element_type=\"column\" data-e-type=\"column\">\n\t\t\t<div class=\"elementor-widget-wrap elementor-element-populated\">\n\t\t\t\t\t\t<section class=\"elementor-section elementor-inner-section elementor-element elementor-element-b96ef67 elementor-section-boxed elementor-section-height-default elementor-section-height-default\" data-id=\"b96ef67\" data-element_type=\"section\" data-e-type=\"section\">\n\t\t\t\t\t\t<div class=\"elementor-container elementor-column-gap-default\">\n\t\t\t\t\t<div class=\"elementor-column elementor-col-100 elementor-inner-column elementor-element elementor-element-3cfee0d\" data-id=\"3cfee0d\" data-element_type=\"column\" data-e-type=\"column\">\n\t\t\t<div class=\"elementor-widget-wrap elementor-element-populated\">\n\t\t\t\t\t\t<div class=\"elementor-element elementor-element-6917986 elementor-widget elementor-widget-heading\" data-id=\"6917986\" data-element_type=\"widget\" data-e-type=\"widget\" data-widget_type=\"heading.default\">\n\t\t\t\t<div class=\"elementor-widget-container\">\n\t\t\t\t\t<h2 class=\"elementor-heading-title elementor-size-default\">Magyar nyelv\u0171 \u00f6kumenikus istentisztelet<\/h2>\t\t\t\t<\/div>\n\t\t\t\t<\/div>\n\t\t\t\t<div class=\"elementor-element elementor-element-9dc8b06 elementor-widget-divider--view-line elementor-widget elementor-widget-divider\" data-id=\"9dc8b06\" data-element_type=\"widget\" data-e-type=\"widget\" data-widget_type=\"divider.default\">\n\t\t\t\t<div class=\"elementor-widget-container\">\n\t\t\t\t\t\t\t<div class=\"elementor-divider\">\n\t\t\t<span class=\"elementor-divider-separator\">\n\t\t\t\t\t\t<\/span>\n\t\t<\/div>\n\t\t\t\t\t\t<\/div>\n\t\t\t\t<\/div>\n\t\t\t\t<div class=\"elementor-element elementor-element-77589e8 elementor-widget elementor-widget-text-editor\" data-id=\"77589e8\" data-element_type=\"widget\" data-e-type=\"widget\" data-widget_type=\"text-editor.default\">\n\t\t\t\t<div class=\"elementor-widget-container\">\n\t\t\t\t\t\t\t\t\t<p>A Drezdai Magyar Gy\u00fclekezet 2024. j\u00fanius 16-\u00e1n, G\u00e9mes P\u00e1l stuttgarti lelk\u00e9sz igehirdet\u00e9s\u00e9vel alakult meg. Az\u00f3ta minden h\u00f3nap m\u00e1sodik vas\u00e1rnapj\u00e1n, 15:30-kor tal\u00e1lkoznak a magyar nyelv\u0171 kereszt\u00e9nyek, felekezett\u0151l f\u00fcggetlen\u00fcl, hogy egy\u00fctt hallgass\u00e1k Isten ig\u00e9j\u00e9t. Az alkalmakon \u00e1ltal\u00e1ban 15 \u00e9s 30 f\u0151 k\u00f6z\u00f6tti l\u00e9tsz\u00e1mban gy\u0171lnek \u00f6ssze.<\/p><p>A Magyar Evang\u00e9likus Egyh\u00e1z 2025 j\u00fanius\u00e1ig kit\u00fcntetett figyelemmel \u00e9s t\u00e1mogat\u00e1ssal gondozza a fekete v\u00e1rosban \u00e9l\u0151 magyar h\u00edv\u0151ket.<\/p><p>G\u00e9mes P\u00e1lt az igehirdet\u00e9sben Dr. P\u0151cze Istv\u00e1n (Sopron-\u00c1gfalva), Dr. Varga P\u00e1l (Ulm), J\u00e1vori F\u00fcl\u00f6p (Lipcse), Cselovszky Ferenc (Budapest), Baranyayn\u00e9 Rohn Erzs\u00e9bet (K\u0151szeg) \u00e9s Szemerei J\u00e1nos (Gy\u0151r) k\u00f6vett\u00e9k. A lelk\u00e9szek sz\u00e1ll\u00e1s\u00e1t a gy\u00fclekezet tagjainak csal\u00e1djai biztos\u00edtott\u00e1k, ahol nemcsak sz\u00e1ll\u00e1st, hanem vacsor\u00e1t, reggelit \u00e9s eb\u00e9det is k\u00f6z\u00f6sen osztottak meg. Emellett k\u00f6z\u00f6s t\u00far\u00e1kon \u00e9s hossz\u00fa besz\u00e9lget\u00e9seken vettek r\u00e9szt.<\/p><p>Igazi k\u00fcl\u00f6nlegess\u00e9get csemp\u00e9sz az istentiszteleti alkalmakba Orb\u00e1n Katalin csell\u00f3m\u0171v\u00e9sz, aki a gy\u00fclekezet k\u00e1ntora.<\/p><p>A decemberi alkalommal Szemerei J\u00e1nos p\u00fcsp\u00f6k \u00far beiktatta a presbit\u00e9riumot, amelynek tagjai: Bahnisch \u00c1gnes, Dr. Honti Gergely \u00e9s Dr. K\u00e1kay Attila.<\/p><p>Honlapunk (<a href=\"http:\/\/dmgy.org\/\">http:\/\/dmgy.org\/<\/a>) most van alakul\u00f3ban, ahol majd b\u0151vebben is olvashat gy\u00fclekezet\u00fcnkr\u0151l, tev\u00e9kenys\u00e9geinkr\u0151l.<\/p>\t\t\t\t\t\t\t\t<\/div>\n\t\t\t\t<\/div>\n\t\t\t\t\t<\/div>\n\t\t<\/div>\n\t\t\t\t\t<\/div>\n\t\t<\/section>\n\t\t\t\t\t<\/div>\n\t\t<\/div>\n\t\t\t\t\t<\/div>\n\t\t<\/section>\n\t\t\t\t<\/div>","protected":false},"excerpt":{"rendered":"<p>Magyar nyelv\u0171 \u00f6kumenikus istentisztelet A Drezdai Magyar Gy\u00fclekezet 2024. j\u00fanius 16-\u00e1n, G\u00e9mes P\u00e1l stuttgarti lelk\u00e9sz igehirdet\u00e9s\u00e9vel alakult meg. Az\u00f3ta minden h\u00f3nap m\u00e1sodik vas\u00e1rnapj\u00e1n, 15:30-kor tal\u00e1lkoznak a magyar nyelv\u0171 kereszt\u00e9nyek, felekezett\u0151l f\u00fcggetlen\u00fcl, hogy egy\u00fctt hallgass\u00e1k Isten ig\u00e9j\u00e9t. Az alkalmakon \u00e1ltal\u00e1ban 15 \u00e9s 30 f\u0151 k\u00f6z\u00f6tti l\u00e9tsz\u00e1mban gy\u0171lnek \u00f6ssze. A Magyar Evang\u00e9likus Egyh\u00e1z 2025 j\u00fanius\u00e1ig kit\u00fcntetett figyelemmel [&hellip;]<\/p>\n","protected":false},"author":1,"featured_media":0,"parent":0,"menu_order":0,"comment_status":"closed","ping_status":"closed","template":"elementor_header_footer","meta":{"footnotes":""},"class_list":["post-1272","page","type-page","status-publish","hentry"],"yoast_head":"<!-- This site is optimized with the Yoast SEO plugin v27.4 - https:\/\/yoast.com\/product\/yoast-seo-wordpress\/ -->\n<title>aj\u00e1nl\u00f3 Istentisztelet - M\u00e1nyoki \u00c1d\u00e1m deutsch-ungarischer Kulturverein e.V.<\/title>\n<meta name=\"robots\" content=\"index, follow, max-snippet:-1, max-image-preview:large, max-video-preview:-1\" \/>\n<link rel=\"canonical\" href=\"https:\/\/manyoki.de\/de\/istentisztelet-ajanlo\/\" \/>\n<meta property=\"og:locale\" content=\"de_DE\" \/>\n<meta property=\"og:type\" content=\"article\" \/>\n<meta property=\"og:title\" content=\"aj\u00e1nl\u00f3 Istentisztelet - M\u00e1nyoki \u00c1d\u00e1m deutsch-ungarischer Kulturverein e.V.\" \/>\n<meta property=\"og:description\" content=\"Magyar nyelv\u0171 \u00f6kumenikus istentisztelet A Drezdai Magyar Gy\u00fclekezet 2024. j\u00fanius 16-\u00e1n, G\u00e9mes P\u00e1l stuttgarti lelk\u00e9sz igehirdet\u00e9s\u00e9vel alakult meg. Az\u00f3ta minden h\u00f3nap m\u00e1sodik vas\u00e1rnapj\u00e1n, 15:30-kor tal\u00e1lkoznak a magyar nyelv\u0171 kereszt\u00e9nyek, felekezett\u0151l f\u00fcggetlen\u00fcl, hogy egy\u00fctt hallgass\u00e1k Isten ig\u00e9j\u00e9t. Az alkalmakon \u00e1ltal\u00e1ban 15 \u00e9s 30 f\u0151 k\u00f6z\u00f6tti l\u00e9tsz\u00e1mban gy\u0171lnek \u00f6ssze. A Magyar Evang\u00e9likus Egyh\u00e1z 2025 j\u00fanius\u00e1ig kit\u00fcntetett figyelemmel [&hellip;]\" \/>\n<meta property=\"og:url\" content=\"https:\/\/manyoki.de\/de\/istentisztelet-ajanlo\/\" \/>\n<meta property=\"og:site_name\" content=\"M\u00e1nyoki \u00c1d\u00e1m deutsch-ungarischer Kulturverein e.V.\" \/>\n<meta property=\"article:modified_time\" content=\"2025-03-14T15:03:24+00:00\" \/>\n<meta name=\"twitter:card\" content=\"summary_large_image\" \/>\n<meta name=\"twitter:label1\" content=\"Gesch\u00e4tzte Lesezeit\" \/>\n\t<meta name=\"twitter:data1\" content=\"1\u00a0Minute\" \/>\n<script type=\"application\/ld+json\" class=\"yoast-schema-graph\">{\"@context\":\"https:\\\/\\\/schema.org\",\"@graph\":[{\"@type\":\"WebPage\",\"@id\":\"https:\\\/\\\/manyoki.de\\\/istentisztelet-ajanlo\\\/\",\"url\":\"https:\\\/\\\/manyoki.de\\\/istentisztelet-ajanlo\\\/\",\"name\":\"aj\u00e1nl\u00f3 Istentisztelet - M\u00e1nyoki \u00c1d\u00e1m deutsch-ungarischer Kulturverein e.V.\",\"isPartOf\":{\"@id\":\"https:\\\/\\\/manyoki.de\\\/#website\"},\"datePublished\":\"2025-03-14T15:00:20+00:00\",\"dateModified\":\"2025-03-14T15:03:24+00:00\",\"breadcrumb\":{\"@id\":\"https:\\\/\\\/manyoki.de\\\/istentisztelet-ajanlo\\\/#breadcrumb\"},\"inLanguage\":\"de\",\"potentialAction\":[{\"@type\":\"ReadAction\",\"target\":[\"https:\\\/\\\/manyoki.de\\\/istentisztelet-ajanlo\\\/\"]}]},{\"@type\":\"BreadcrumbList\",\"@id\":\"https:\\\/\\\/manyoki.de\\\/istentisztelet-ajanlo\\\/#breadcrumb\",\"itemListElement\":[{\"@type\":\"ListItem\",\"position\":1,\"name\":\"Home\",\"item\":\"https:\\\/\\\/manyoki.de\\\/\"},{\"@type\":\"ListItem\",\"position\":2,\"name\":\"aj\u00e1nl\u00f3 Istentisztelet\"}]},{\"@type\":\"WebSite\",\"@id\":\"https:\\\/\\\/manyoki.de\\\/#website\",\"url\":\"https:\\\/\\\/manyoki.de\\\/\",\"name\":\"M\u00e1nyoki \u00c1d\u00e1m deutsch-ungarischer Kulturverein e.V.\",\"description\":\"Megval\u00f3sult a Magyar Korm\u00e1ny t\u00e1mogat\u00e1s\u00e1val!\",\"publisher\":{\"@id\":\"https:\\\/\\\/manyoki.de\\\/#organization\"},\"potentialAction\":[{\"@type\":\"SearchAction\",\"target\":{\"@type\":\"EntryPoint\",\"urlTemplate\":\"https:\\\/\\\/manyoki.de\\\/?s={search_term_string}\"},\"query-input\":{\"@type\":\"PropertyValueSpecification\",\"valueRequired\":true,\"valueName\":\"search_term_string\"}}],\"inLanguage\":\"de\"},{\"@type\":\"Organization\",\"@id\":\"https:\\\/\\\/manyoki.de\\\/#organization\",\"name\":\"M\u00e1nyoki \u00c1d\u00e1m deutsch-ungarischer Kulturverein e.V.\",\"url\":\"https:\\\/\\\/manyoki.de\\\/\",\"logo\":{\"@type\":\"ImageObject\",\"inLanguage\":\"de\",\"@id\":\"https:\\\/\\\/manyoki.de\\\/#\\\/schema\\\/logo\\\/image\\\/\",\"url\":\"\",\"contentUrl\":\"\",\"caption\":\"M\u00e1nyoki \u00c1d\u00e1m deutsch-ungarischer Kulturverein e.V.\"},\"image\":{\"@id\":\"https:\\\/\\\/manyoki.de\\\/#\\\/schema\\\/logo\\\/image\\\/\"}}]}<\/script>\n<!-- \/ Yoast SEO plugin. -->","yoast_head_json":{"title":"aj\u00e1nl\u00f3 Istentisztelet - M\u00e1nyoki \u00c1d\u00e1m deutsch-ungarischer Kulturverein e.V.","robots":{"index":"index","follow":"follow","max-snippet":"max-snippet:-1","max-image-preview":"max-image-preview:large","max-video-preview":"max-video-preview:-1"},"canonical":"https:\/\/manyoki.de\/de\/istentisztelet-ajanlo\/","og_locale":"de_DE","og_type":"article","og_title":"aj\u00e1nl\u00f3 Istentisztelet - M\u00e1nyoki \u00c1d\u00e1m deutsch-ungarischer Kulturverein e.V.","og_description":"Magyar nyelv\u0171 \u00f6kumenikus istentisztelet A Drezdai Magyar Gy\u00fclekezet 2024. j\u00fanius 16-\u00e1n, G\u00e9mes P\u00e1l stuttgarti lelk\u00e9sz igehirdet\u00e9s\u00e9vel alakult meg. Az\u00f3ta minden h\u00f3nap m\u00e1sodik vas\u00e1rnapj\u00e1n, 15:30-kor tal\u00e1lkoznak a magyar nyelv\u0171 kereszt\u00e9nyek, felekezett\u0151l f\u00fcggetlen\u00fcl, hogy egy\u00fctt hallgass\u00e1k Isten ig\u00e9j\u00e9t. Az alkalmakon \u00e1ltal\u00e1ban 15 \u00e9s 30 f\u0151 k\u00f6z\u00f6tti l\u00e9tsz\u00e1mban gy\u0171lnek \u00f6ssze. A Magyar Evang\u00e9likus Egyh\u00e1z 2025 j\u00fanius\u00e1ig kit\u00fcntetett figyelemmel [&hellip;]","og_url":"https:\/\/manyoki.de\/de\/istentisztelet-ajanlo\/","og_site_name":"M\u00e1nyoki \u00c1d\u00e1m deutsch-ungarischer Kulturverein e.V.","article_modified_time":"2025-03-14T15:03:24+00:00","twitter_card":"summary_large_image","twitter_misc":{"Gesch\u00e4tzte Lesezeit":"1\u00a0Minute"},"schema":{"@context":"https:\/\/schema.org","@graph":[{"@type":"WebPage","@id":"https:\/\/manyoki.de\/istentisztelet-ajanlo\/","url":"https:\/\/manyoki.de\/istentisztelet-ajanlo\/","name":"aj\u00e1nl\u00f3 Istentisztelet - M\u00e1nyoki \u00c1d\u00e1m deutsch-ungarischer Kulturverein e.V.","isPartOf":{"@id":"https:\/\/manyoki.de\/#website"},"datePublished":"2025-03-14T15:00:20+00:00","dateModified":"2025-03-14T15:03:24+00:00","breadcrumb":{"@id":"https:\/\/manyoki.de\/istentisztelet-ajanlo\/#breadcrumb"},"inLanguage":"de","potentialAction":[{"@type":"ReadAction","target":["https:\/\/manyoki.de\/istentisztelet-ajanlo\/"]}]},{"@type":"BreadcrumbList","@id":"https:\/\/manyoki.de\/istentisztelet-ajanlo\/#breadcrumb","itemListElement":[{"@type":"ListItem","position":1,"name":"Home","item":"https:\/\/manyoki.de\/"},{"@type":"ListItem","position":2,"name":"aj\u00e1nl\u00f3 Istentisztelet"}]},{"@type":"WebSite","@id":"https:\/\/manyoki.de\/#website","url":"https:\/\/manyoki.de\/","name":"M\u00e1nyoki \u00c1d\u00e1m deutsch-ungarischer Kulturverein e.V.","description":"Megval\u00f3sult a Magyar Korm\u00e1ny t\u00e1mogat\u00e1s\u00e1val!","publisher":{"@id":"https:\/\/manyoki.de\/#organization"},"potentialAction":[{"@type":"SearchAction","target":{"@type":"EntryPoint","urlTemplate":"https:\/\/manyoki.de\/?s={search_term_string}"},"query-input":{"@type":"PropertyValueSpecification","valueRequired":true,"valueName":"search_term_string"}}],"inLanguage":"de"},{"@type":"Organization","@id":"https:\/\/manyoki.de\/#organization","name":"M\u00e1nyoki \u00c1d\u00e1m deutsch-ungarischer Kulturverein e.V.","url":"https:\/\/manyoki.de\/","logo":{"@type":"ImageObject","inLanguage":"de","@id":"https:\/\/manyoki.de\/#\/schema\/logo\/image\/","url":"","contentUrl":"","caption":"M\u00e1nyoki \u00c1d\u00e1m deutsch-ungarischer Kulturverein e.V."},"image":{"@id":"https:\/\/manyoki.de\/#\/schema\/logo\/image\/"}}]}},"_links":{"self":[{"href":"https:\/\/manyoki.de\/de\/wp-json\/wp\/v2\/pages\/1272","targetHints":{"allow":["GET"]}}],"collection":[{"href":"https:\/\/manyoki.de\/de\/wp-json\/wp\/v2\/pages"}],"about":[{"href":"https:\/\/manyoki.de\/de\/wp-json\/wp\/v2\/types\/page"}],"author":[{"embeddable":true,"href":"https:\/\/manyoki.de\/de\/wp-json\/wp\/v2\/users\/1"}],"replies":[{"embeddable":true,"href":"https:\/\/manyoki.de\/de\/wp-json\/wp\/v2\/comments?post=1272"}],"version-history":[{"count":10,"href":"https:\/\/manyoki.de\/de\/wp-json\/wp\/v2\/pages\/1272\/revisions"}],"predecessor-version":[{"id":1282,"href":"https:\/\/manyoki.de\/de\/wp-json\/wp\/v2\/pages\/1272\/revisions\/1282"}],"wp:attachment":[{"href":"https:\/\/manyoki.de\/de\/wp-json\/wp\/v2\/media?parent=1272"}],"curies":[{"name":"wp","href":"https:\/\/api.w.org\/{rel}","templated":true}]}}