{"id":1267,"date":"2025-03-14T14:52:34","date_gmt":"2025-03-14T14:52:34","guid":{"rendered":"https:\/\/manyoki.de\/?page_id=1267"},"modified":"2025-03-16T06:28:50","modified_gmt":"2025-03-16T06:28:50","slug":"cserkeszet-ajanlo","status":"publish","type":"page","link":"https:\/\/manyoki.de\/de\/cserkeszet-ajanlo\/","title":{"rendered":"aj\u00e1nl\u00f3 Cserk\u00e9szet"},"content":{"rendered":"<div data-elementor-type=\"wp-page\" data-elementor-id=\"1267\" class=\"elementor elementor-1267\" data-elementor-post-type=\"page\">\n\t\t\t\t\t\t<section class=\"elementor-section elementor-top-section elementor-element elementor-element-9ada56b elementor-section-boxed elementor-section-height-default elementor-section-height-default\" data-id=\"9ada56b\" data-element_type=\"section\" data-e-type=\"section\">\n\t\t\t\t\t\t<div class=\"elementor-container elementor-column-gap-default\">\n\t\t\t\t\t<div class=\"elementor-column elementor-col-100 elementor-top-column elementor-element elementor-element-45ec2c9\" data-id=\"45ec2c9\" data-element_type=\"column\" data-e-type=\"column\">\n\t\t\t<div class=\"elementor-widget-wrap elementor-element-populated\">\n\t\t\t\t\t\t<section class=\"elementor-section elementor-inner-section elementor-element elementor-element-b96ef67 elementor-section-boxed elementor-section-height-default elementor-section-height-default\" data-id=\"b96ef67\" data-element_type=\"section\" data-e-type=\"section\">\n\t\t\t\t\t\t<div class=\"elementor-container elementor-column-gap-default\">\n\t\t\t\t\t<div class=\"elementor-column elementor-col-100 elementor-inner-column elementor-element elementor-element-3cfee0d\" data-id=\"3cfee0d\" data-element_type=\"column\" data-e-type=\"column\">\n\t\t\t<div class=\"elementor-widget-wrap elementor-element-populated\">\n\t\t\t\t\t\t<div class=\"elementor-element elementor-element-6917986 elementor-widget elementor-widget-heading\" data-id=\"6917986\" data-element_type=\"widget\" data-e-type=\"widget\" data-widget_type=\"heading.default\">\n\t\t\t\t<div class=\"elementor-widget-container\">\n\t\t\t\t\t<h2 class=\"elementor-heading-title elementor-size-default\">K\u00e1ny\u00e1di S\u00e1ndor cserk\u00e9szcsapat<\/h2>\t\t\t\t<\/div>\n\t\t\t\t<\/div>\n\t\t\t\t<div class=\"elementor-element elementor-element-9dc8b06 elementor-widget-divider--view-line elementor-widget elementor-widget-divider\" data-id=\"9dc8b06\" data-element_type=\"widget\" data-e-type=\"widget\" data-widget_type=\"divider.default\">\n\t\t\t\t<div class=\"elementor-widget-container\">\n\t\t\t\t\t\t\t<div class=\"elementor-divider\">\n\t\t\t<span class=\"elementor-divider-separator\">\n\t\t\t\t\t\t<\/span>\n\t\t<\/div>\n\t\t\t\t\t\t<\/div>\n\t\t\t\t<\/div>\n\t\t\t\t<div class=\"elementor-element elementor-element-77589e8 elementor-widget elementor-widget-text-editor\" data-id=\"77589e8\" data-element_type=\"widget\" data-e-type=\"widget\" data-widget_type=\"text-editor.default\">\n\t\t\t\t<div class=\"elementor-widget-container\">\n\t\t\t\t\t\t\t\t\t<p>A drezdai cserk\u00e9szcsapat a 2018-as \u00e9v v\u00e9g\u00e9n alakult, a Drezd\u00e1ban \u00e9l\u0151 magyar anyanyelv\u0171 sz\u00fcl\u0151k azon igyekezete k\u00f6vetkezt\u00e9ben, hogy gyerekeiknek megk\u00f6nny\u00edtse anyanyelv\u00fck gyakorl\u00e1s\u00e1t, illetve a magyar hagyom\u00e1nyok \u00e9s kult\u00fara megismer\u00e9s\u00e9t \u00e9s meg\u00e9rt\u00e9s\u00e9t. A csapat alap\u00edt\u00f3i sokat kir\u00e1ndultak a k\u00f6zeli hegyekben, \u00edgy az eg\u00e9szs\u00e9ges, term\u00e9szetk\u00f6zeli \u00e9letm\u00f3dot, a term\u00e9szet megbecs\u00fcl\u00e9s\u00e9t szint\u00e9n igyekeztek megtan\u00edtani gyerekeiknek.<\/p><p>B\u0151vebb t\u00e1j\u00e9koz\u00f3d\u00e1st ny\u00fajt a cserk\u00e9szet honlapja: <a href=\"https:\/\/drezda.cserkesz.eu\/\">https:\/\/drezda.cserkesz.eu<\/a><\/p><p>Amennyiben \u00d6nt vagy gyerek\u00e9t \u00e9rdekeln\u00e9 a cserk\u00e9szet, vagy csak szeretne betekint\u00e9st nyerni milyen egy cserk\u00e9szfoglalkoz\u00e1s, sz\u00edvesen l\u00e1tjuk k\u00f6reinkben. Sz\u00e1nd\u00e9k\u00e1t jelezheti a <a href=\"mailto:drezda.cserkesz@gmail.com\">drezda.cserkesz@gmail.com<\/a> email c\u00edmen. <b>Sz\u0151cs Zolt\u00e1n<\/b> cserk\u00e9sztiszt sz\u00edves rendelkez\u00e9s\u00fckre \u00e1ll minden k\u00e9rd\u00e9sben.<\/p>\t\t\t\t\t\t\t\t<\/div>\n\t\t\t\t<\/div>\n\t\t\t\t<div class=\"elementor-element elementor-element-61e77b3 elementor-widget elementor-widget-image\" data-id=\"61e77b3\" data-element_type=\"widget\" data-e-type=\"widget\" data-widget_type=\"image.default\">\n\t\t\t\t<div class=\"elementor-widget-container\">\n\t\t\t\t\t\t\t\t\t\t\t\t\t\t\t<img fetchpriority=\"high\" decoding=\"async\" width=\"800\" height=\"334\" src=\"https:\/\/manyoki.de\/wp-content\/uploads\/2025\/02\/cserkesz-slider2-1024x427.jpg\" class=\"attachment-large size-large wp-image-1196\" alt=\"\" srcset=\"https:\/\/manyoki.de\/wp-content\/uploads\/2025\/02\/cserkesz-slider2-1024x427.jpg 1024w, https:\/\/manyoki.de\/wp-content\/uploads\/2025\/02\/cserkesz-slider2-300x125.jpg 300w, https:\/\/manyoki.de\/wp-content\/uploads\/2025\/02\/cserkesz-slider2-768x320.jpg 768w, https:\/\/manyoki.de\/wp-content\/uploads\/2025\/02\/cserkesz-slider2-1536x640.jpg 1536w, https:\/\/manyoki.de\/wp-content\/uploads\/2025\/02\/cserkesz-slider2.jpg 1920w\" sizes=\"(max-width: 800px) 100vw, 800px\" \/>\t\t\t\t\t\t\t\t\t\t\t\t\t\t\t<\/div>\n\t\t\t\t<\/div>\n\t\t\t\t\t<\/div>\n\t\t<\/div>\n\t\t\t\t\t<\/div>\n\t\t<\/section>\n\t\t\t\t\t<\/div>\n\t\t<\/div>\n\t\t\t\t\t<\/div>\n\t\t<\/section>\n\t\t\t\t<\/div>","protected":false},"excerpt":{"rendered":"<p>K\u00e1ny\u00e1di S\u00e1ndor cserk\u00e9szcsapat A drezdai cserk\u00e9szcsapat a 2018-as \u00e9v v\u00e9g\u00e9n alakult, a Drezd\u00e1ban \u00e9l\u0151 magyar anyanyelv\u0171 sz\u00fcl\u0151k azon igyekezete k\u00f6vetkezt\u00e9ben, hogy gyerekeiknek megk\u00f6nny\u00edtse anyanyelv\u00fck gyakorl\u00e1s\u00e1t, illetve a magyar hagyom\u00e1nyok \u00e9s kult\u00fara megismer\u00e9s\u00e9t \u00e9s meg\u00e9rt\u00e9s\u00e9t. A csapat alap\u00edt\u00f3i sokat kir\u00e1ndultak a k\u00f6zeli hegyekben, \u00edgy az eg\u00e9szs\u00e9ges, term\u00e9szetk\u00f6zeli \u00e9letm\u00f3dot, a term\u00e9szet megbecs\u00fcl\u00e9s\u00e9t szint\u00e9n igyekeztek megtan\u00edtani gyerekeiknek. B\u0151vebb [&hellip;]<\/p>\n","protected":false},"author":1,"featured_media":0,"parent":0,"menu_order":0,"comment_status":"closed","ping_status":"closed","template":"elementor_header_footer","meta":{"footnotes":""},"class_list":["post-1267","page","type-page","status-publish","hentry"],"yoast_head":"<!-- This site is optimized with the Yoast SEO plugin v27.4 - https:\/\/yoast.com\/product\/yoast-seo-wordpress\/ -->\n<title>aj\u00e1nl\u00f3 Cserk\u00e9szet - M\u00e1nyoki \u00c1d\u00e1m deutsch-ungarischer Kulturverein e.V.<\/title>\n<meta name=\"robots\" content=\"index, follow, max-snippet:-1, max-image-preview:large, max-video-preview:-1\" \/>\n<link rel=\"canonical\" href=\"https:\/\/manyoki.de\/de\/cserkeszet-ajanlo\/\" \/>\n<meta property=\"og:locale\" content=\"de_DE\" \/>\n<meta property=\"og:type\" content=\"article\" \/>\n<meta property=\"og:title\" content=\"aj\u00e1nl\u00f3 Cserk\u00e9szet - M\u00e1nyoki \u00c1d\u00e1m deutsch-ungarischer Kulturverein e.V.\" \/>\n<meta property=\"og:description\" content=\"K\u00e1ny\u00e1di S\u00e1ndor cserk\u00e9szcsapat A drezdai cserk\u00e9szcsapat a 2018-as \u00e9v v\u00e9g\u00e9n alakult, a Drezd\u00e1ban \u00e9l\u0151 magyar anyanyelv\u0171 sz\u00fcl\u0151k azon igyekezete k\u00f6vetkezt\u00e9ben, hogy gyerekeiknek megk\u00f6nny\u00edtse anyanyelv\u00fck gyakorl\u00e1s\u00e1t, illetve a magyar hagyom\u00e1nyok \u00e9s kult\u00fara megismer\u00e9s\u00e9t \u00e9s meg\u00e9rt\u00e9s\u00e9t. A csapat alap\u00edt\u00f3i sokat kir\u00e1ndultak a k\u00f6zeli hegyekben, \u00edgy az eg\u00e9szs\u00e9ges, term\u00e9szetk\u00f6zeli \u00e9letm\u00f3dot, a term\u00e9szet megbecs\u00fcl\u00e9s\u00e9t szint\u00e9n igyekeztek megtan\u00edtani gyerekeiknek. B\u0151vebb [&hellip;]\" \/>\n<meta property=\"og:url\" content=\"https:\/\/manyoki.de\/de\/cserkeszet-ajanlo\/\" \/>\n<meta property=\"og:site_name\" content=\"M\u00e1nyoki \u00c1d\u00e1m deutsch-ungarischer Kulturverein e.V.\" \/>\n<meta property=\"article:modified_time\" content=\"2025-03-16T06:28:50+00:00\" \/>\n<meta property=\"og:image\" content=\"https:\/\/manyoki.de\/wp-content\/uploads\/2025\/02\/cserkesz-slider2.jpg\" \/>\n\t<meta property=\"og:image:width\" content=\"1920\" \/>\n\t<meta property=\"og:image:height\" content=\"800\" \/>\n\t<meta property=\"og:image:type\" content=\"image\/jpeg\" \/>\n<meta name=\"twitter:card\" content=\"summary_large_image\" \/>\n<meta name=\"twitter:label1\" content=\"Gesch\u00e4tzte Lesezeit\" \/>\n\t<meta name=\"twitter:data1\" content=\"1\u00a0Minute\" \/>\n<script type=\"application\/ld+json\" class=\"yoast-schema-graph\">{\"@context\":\"https:\\\/\\\/schema.org\",\"@graph\":[{\"@type\":\"WebPage\",\"@id\":\"https:\\\/\\\/manyoki.de\\\/cserkeszet-ajanlo\\\/\",\"url\":\"https:\\\/\\\/manyoki.de\\\/cserkeszet-ajanlo\\\/\",\"name\":\"aj\u00e1nl\u00f3 Cserk\u00e9szet - M\u00e1nyoki \u00c1d\u00e1m deutsch-ungarischer Kulturverein e.V.\",\"isPartOf\":{\"@id\":\"https:\\\/\\\/manyoki.de\\\/#website\"},\"primaryImageOfPage\":{\"@id\":\"https:\\\/\\\/manyoki.de\\\/cserkeszet-ajanlo\\\/#primaryimage\"},\"image\":{\"@id\":\"https:\\\/\\\/manyoki.de\\\/cserkeszet-ajanlo\\\/#primaryimage\"},\"thumbnailUrl\":\"https:\\\/\\\/manyoki.de\\\/wp-content\\\/uploads\\\/2025\\\/02\\\/cserkesz-slider2-1024x427.jpg\",\"datePublished\":\"2025-03-14T14:52:34+00:00\",\"dateModified\":\"2025-03-16T06:28:50+00:00\",\"breadcrumb\":{\"@id\":\"https:\\\/\\\/manyoki.de\\\/cserkeszet-ajanlo\\\/#breadcrumb\"},\"inLanguage\":\"de\",\"potentialAction\":[{\"@type\":\"ReadAction\",\"target\":[\"https:\\\/\\\/manyoki.de\\\/cserkeszet-ajanlo\\\/\"]}]},{\"@type\":\"ImageObject\",\"inLanguage\":\"de\",\"@id\":\"https:\\\/\\\/manyoki.de\\\/cserkeszet-ajanlo\\\/#primaryimage\",\"url\":\"https:\\\/\\\/manyoki.de\\\/wp-content\\\/uploads\\\/2025\\\/02\\\/cserkesz-slider2-1024x427.jpg\",\"contentUrl\":\"https:\\\/\\\/manyoki.de\\\/wp-content\\\/uploads\\\/2025\\\/02\\\/cserkesz-slider2-1024x427.jpg\"},{\"@type\":\"BreadcrumbList\",\"@id\":\"https:\\\/\\\/manyoki.de\\\/cserkeszet-ajanlo\\\/#breadcrumb\",\"itemListElement\":[{\"@type\":\"ListItem\",\"position\":1,\"name\":\"Home\",\"item\":\"https:\\\/\\\/manyoki.de\\\/\"},{\"@type\":\"ListItem\",\"position\":2,\"name\":\"aj\u00e1nl\u00f3 Cserk\u00e9szet\"}]},{\"@type\":\"WebSite\",\"@id\":\"https:\\\/\\\/manyoki.de\\\/#website\",\"url\":\"https:\\\/\\\/manyoki.de\\\/\",\"name\":\"M\u00e1nyoki \u00c1d\u00e1m deutsch-ungarischer Kulturverein e.V.\",\"description\":\"Megval\u00f3sult a Magyar Korm\u00e1ny t\u00e1mogat\u00e1s\u00e1val!\",\"publisher\":{\"@id\":\"https:\\\/\\\/manyoki.de\\\/#organization\"},\"potentialAction\":[{\"@type\":\"SearchAction\",\"target\":{\"@type\":\"EntryPoint\",\"urlTemplate\":\"https:\\\/\\\/manyoki.de\\\/?s={search_term_string}\"},\"query-input\":{\"@type\":\"PropertyValueSpecification\",\"valueRequired\":true,\"valueName\":\"search_term_string\"}}],\"inLanguage\":\"de\"},{\"@type\":\"Organization\",\"@id\":\"https:\\\/\\\/manyoki.de\\\/#organization\",\"name\":\"M\u00e1nyoki \u00c1d\u00e1m deutsch-ungarischer Kulturverein e.V.\",\"url\":\"https:\\\/\\\/manyoki.de\\\/\",\"logo\":{\"@type\":\"ImageObject\",\"inLanguage\":\"de\",\"@id\":\"https:\\\/\\\/manyoki.de\\\/#\\\/schema\\\/logo\\\/image\\\/\",\"url\":\"\",\"contentUrl\":\"\",\"caption\":\"M\u00e1nyoki \u00c1d\u00e1m deutsch-ungarischer Kulturverein e.V.\"},\"image\":{\"@id\":\"https:\\\/\\\/manyoki.de\\\/#\\\/schema\\\/logo\\\/image\\\/\"}}]}<\/script>\n<!-- \/ Yoast SEO plugin. -->","yoast_head_json":{"title":"aj\u00e1nl\u00f3 Cserk\u00e9szet - M\u00e1nyoki \u00c1d\u00e1m deutsch-ungarischer Kulturverein e.V.","robots":{"index":"index","follow":"follow","max-snippet":"max-snippet:-1","max-image-preview":"max-image-preview:large","max-video-preview":"max-video-preview:-1"},"canonical":"https:\/\/manyoki.de\/de\/cserkeszet-ajanlo\/","og_locale":"de_DE","og_type":"article","og_title":"aj\u00e1nl\u00f3 Cserk\u00e9szet - M\u00e1nyoki \u00c1d\u00e1m deutsch-ungarischer Kulturverein e.V.","og_description":"K\u00e1ny\u00e1di S\u00e1ndor cserk\u00e9szcsapat A drezdai cserk\u00e9szcsapat a 2018-as \u00e9v v\u00e9g\u00e9n alakult, a Drezd\u00e1ban \u00e9l\u0151 magyar anyanyelv\u0171 sz\u00fcl\u0151k azon igyekezete k\u00f6vetkezt\u00e9ben, hogy gyerekeiknek megk\u00f6nny\u00edtse anyanyelv\u00fck gyakorl\u00e1s\u00e1t, illetve a magyar hagyom\u00e1nyok \u00e9s kult\u00fara megismer\u00e9s\u00e9t \u00e9s meg\u00e9rt\u00e9s\u00e9t. A csapat alap\u00edt\u00f3i sokat kir\u00e1ndultak a k\u00f6zeli hegyekben, \u00edgy az eg\u00e9szs\u00e9ges, term\u00e9szetk\u00f6zeli \u00e9letm\u00f3dot, a term\u00e9szet megbecs\u00fcl\u00e9s\u00e9t szint\u00e9n igyekeztek megtan\u00edtani gyerekeiknek. B\u0151vebb [&hellip;]","og_url":"https:\/\/manyoki.de\/de\/cserkeszet-ajanlo\/","og_site_name":"M\u00e1nyoki \u00c1d\u00e1m deutsch-ungarischer Kulturverein e.V.","article_modified_time":"2025-03-16T06:28:50+00:00","og_image":[{"width":1920,"height":800,"url":"https:\/\/manyoki.de\/wp-content\/uploads\/2025\/02\/cserkesz-slider2.jpg","type":"image\/jpeg"}],"twitter_card":"summary_large_image","twitter_misc":{"Gesch\u00e4tzte Lesezeit":"1\u00a0Minute"},"schema":{"@context":"https:\/\/schema.org","@graph":[{"@type":"WebPage","@id":"https:\/\/manyoki.de\/cserkeszet-ajanlo\/","url":"https:\/\/manyoki.de\/cserkeszet-ajanlo\/","name":"aj\u00e1nl\u00f3 Cserk\u00e9szet - M\u00e1nyoki \u00c1d\u00e1m deutsch-ungarischer Kulturverein e.V.","isPartOf":{"@id":"https:\/\/manyoki.de\/#website"},"primaryImageOfPage":{"@id":"https:\/\/manyoki.de\/cserkeszet-ajanlo\/#primaryimage"},"image":{"@id":"https:\/\/manyoki.de\/cserkeszet-ajanlo\/#primaryimage"},"thumbnailUrl":"https:\/\/manyoki.de\/wp-content\/uploads\/2025\/02\/cserkesz-slider2-1024x427.jpg","datePublished":"2025-03-14T14:52:34+00:00","dateModified":"2025-03-16T06:28:50+00:00","breadcrumb":{"@id":"https:\/\/manyoki.de\/cserkeszet-ajanlo\/#breadcrumb"},"inLanguage":"de","potentialAction":[{"@type":"ReadAction","target":["https:\/\/manyoki.de\/cserkeszet-ajanlo\/"]}]},{"@type":"ImageObject","inLanguage":"de","@id":"https:\/\/manyoki.de\/cserkeszet-ajanlo\/#primaryimage","url":"https:\/\/manyoki.de\/wp-content\/uploads\/2025\/02\/cserkesz-slider2-1024x427.jpg","contentUrl":"https:\/\/manyoki.de\/wp-content\/uploads\/2025\/02\/cserkesz-slider2-1024x427.jpg"},{"@type":"BreadcrumbList","@id":"https:\/\/manyoki.de\/cserkeszet-ajanlo\/#breadcrumb","itemListElement":[{"@type":"ListItem","position":1,"name":"Home","item":"https:\/\/manyoki.de\/"},{"@type":"ListItem","position":2,"name":"aj\u00e1nl\u00f3 Cserk\u00e9szet"}]},{"@type":"WebSite","@id":"https:\/\/manyoki.de\/#website","url":"https:\/\/manyoki.de\/","name":"M\u00e1nyoki \u00c1d\u00e1m deutsch-ungarischer Kulturverein e.V.","description":"Megval\u00f3sult a Magyar Korm\u00e1ny t\u00e1mogat\u00e1s\u00e1val!","publisher":{"@id":"https:\/\/manyoki.de\/#organization"},"potentialAction":[{"@type":"SearchAction","target":{"@type":"EntryPoint","urlTemplate":"https:\/\/manyoki.de\/?s={search_term_string}"},"query-input":{"@type":"PropertyValueSpecification","valueRequired":true,"valueName":"search_term_string"}}],"inLanguage":"de"},{"@type":"Organization","@id":"https:\/\/manyoki.de\/#organization","name":"M\u00e1nyoki \u00c1d\u00e1m deutsch-ungarischer Kulturverein e.V.","url":"https:\/\/manyoki.de\/","logo":{"@type":"ImageObject","inLanguage":"de","@id":"https:\/\/manyoki.de\/#\/schema\/logo\/image\/","url":"","contentUrl":"","caption":"M\u00e1nyoki \u00c1d\u00e1m deutsch-ungarischer Kulturverein e.V."},"image":{"@id":"https:\/\/manyoki.de\/#\/schema\/logo\/image\/"}}]}},"_links":{"self":[{"href":"https:\/\/manyoki.de\/de\/wp-json\/wp\/v2\/pages\/1267","targetHints":{"allow":["GET"]}}],"collection":[{"href":"https:\/\/manyoki.de\/de\/wp-json\/wp\/v2\/pages"}],"about":[{"href":"https:\/\/manyoki.de\/de\/wp-json\/wp\/v2\/types\/page"}],"author":[{"embeddable":true,"href":"https:\/\/manyoki.de\/de\/wp-json\/wp\/v2\/users\/1"}],"replies":[{"embeddable":true,"href":"https:\/\/manyoki.de\/de\/wp-json\/wp\/v2\/comments?post=1267"}],"version-history":[{"count":11,"href":"https:\/\/manyoki.de\/de\/wp-json\/wp\/v2\/pages\/1267\/revisions"}],"predecessor-version":[{"id":1905,"href":"https:\/\/manyoki.de\/de\/wp-json\/wp\/v2\/pages\/1267\/revisions\/1905"}],"wp:attachment":[{"href":"https:\/\/manyoki.de\/de\/wp-json\/wp\/v2\/media?parent=1267"}],"curies":[{"name":"wp","href":"https:\/\/api.w.org\/{rel}","templated":true}]}}