{"id":1258,"date":"2025-03-14T14:46:26","date_gmt":"2025-03-14T14:46:26","guid":{"rendered":"https:\/\/manyoki.de\/?page_id=1258"},"modified":"2025-08-23T06:14:32","modified_gmt":"2025-08-23T06:14:32","slug":"tanchaz-ajanlo","status":"publish","type":"page","link":"https:\/\/manyoki.de\/de\/tanchaz-ajanlo\/","title":{"rendered":"aj\u00e1nl\u00f3 T\u00e1nch\u00e1z"},"content":{"rendered":"<div data-elementor-type=\"wp-page\" data-elementor-id=\"1258\" class=\"elementor elementor-1258\" data-elementor-post-type=\"page\">\n\t\t\t\t\t\t<section class=\"elementor-section elementor-top-section elementor-element elementor-element-9ada56b elementor-section-boxed elementor-section-height-default elementor-section-height-default\" data-id=\"9ada56b\" data-element_type=\"section\" data-e-type=\"section\">\n\t\t\t\t\t\t<div class=\"elementor-container elementor-column-gap-default\">\n\t\t\t\t\t<div class=\"elementor-column elementor-col-100 elementor-top-column elementor-element elementor-element-45ec2c9\" data-id=\"45ec2c9\" data-element_type=\"column\" data-e-type=\"column\">\n\t\t\t<div class=\"elementor-widget-wrap elementor-element-populated\">\n\t\t\t\t\t\t<section class=\"elementor-section elementor-inner-section elementor-element elementor-element-b96ef67 elementor-section-boxed elementor-section-height-default elementor-section-height-default\" data-id=\"b96ef67\" data-element_type=\"section\" data-e-type=\"section\">\n\t\t\t\t\t\t<div class=\"elementor-container elementor-column-gap-default\">\n\t\t\t\t\t<div class=\"elementor-column elementor-col-100 elementor-inner-column elementor-element elementor-element-3cfee0d\" data-id=\"3cfee0d\" data-element_type=\"column\" data-e-type=\"column\">\n\t\t\t<div class=\"elementor-widget-wrap elementor-element-populated\">\n\t\t\t\t\t\t<div class=\"elementor-element elementor-element-6917986 elementor-widget elementor-widget-heading\" data-id=\"6917986\" data-element_type=\"widget\" data-e-type=\"widget\" data-widget_type=\"heading.default\">\n\t\t\t\t<div class=\"elementor-widget-container\">\n\t\t\t\t\t<h2 class=\"elementor-heading-title elementor-size-default\">Drezdai magyar t\u00e1nch\u00e1z<\/h2>\t\t\t\t<\/div>\n\t\t\t\t<\/div>\n\t\t\t\t<div class=\"elementor-element elementor-element-9dc8b06 elementor-widget-divider--view-line elementor-widget elementor-widget-divider\" data-id=\"9dc8b06\" data-element_type=\"widget\" data-e-type=\"widget\" data-widget_type=\"divider.default\">\n\t\t\t\t<div class=\"elementor-widget-container\">\n\t\t\t\t\t\t\t<div class=\"elementor-divider\">\n\t\t\t<span class=\"elementor-divider-separator\">\n\t\t\t\t\t\t<\/span>\n\t\t<\/div>\n\t\t\t\t\t\t<\/div>\n\t\t\t\t<\/div>\n\t\t\t\t<div class=\"elementor-element elementor-element-77589e8 elementor-widget elementor-widget-text-editor\" data-id=\"77589e8\" data-element_type=\"widget\" data-e-type=\"widget\" data-widget_type=\"text-editor.default\">\n\t\t\t\t<div class=\"elementor-widget-container\">\n\t\t\t\t\t\t\t\t\t<p>Kedves \u00e9rdekl\u0151d\u0151!<\/p><p>2020-ban kezdt\u00fck el a drezdai t\u00e1nch\u00e1z megszervez\u00e9s\u00e9t. Bels\u0151 ind\u00edttat\u00e1sb\u00f3l indult, szerett\u00fck volna az otthoni, erd\u00e9lyi t\u00e1nch\u00e1zak hangulat\u00e1t megteremteni. A kezdeti \u00e9rdekl\u0151d\u00e9st \u00e9s a rendszeresen r\u00e9sztvev\u0151k lelkesed\u00e9s\u00e9t tapasztalva, havonta egyszer tal\u00e1lkozunk a Pegasus Tanzschule-ban s egy\u00fctt ropjuk. \u00dagy gondoljuk, hogy a t\u00e1nc \u00f6sszek\u00f6t, k\u00f6z\u00f6ss\u00e9get teremt, ugyanakkor egyed\u00fcl\u00e1ll\u00f3 kultur\u00e1lis \u00f6r\u00f6ks\u00e9get \u00e9l\u00fcnk meg. Itt, a drezdai t\u00e1nch\u00e1zban, f\u0151leg erd\u00e9lyi t\u00e1ncokat tan\u00edtunk, amiket otthonr\u00f3l hoztunk. A moldvai k\u00f6rt\u00e1ncok siker\u00e9lm\u00e9nyt adnak azoknak is, akik kezd\u0151k, vagy akik egy cs\u00e1rd\u00e1st, leg\u00e9nyest t\u00fal neh\u00e9znek tal\u00e1lnak. \u00d6nfenntart\u00f3ak vagyunk, a teremb\u00e9rt a r\u00e9sztvev\u0151k bel\u00e9p\u0151 d\u00edj\u00e1b\u00f3l fedezz\u00fck. Nyitottak vagyunk m\u00e1s t\u00e1jegys\u00e9gek t\u00e1ncaira is, ez\u00e9rt sz\u00edvesen l\u00e1tunk olyan v\u00e1llalkoz\u00f3 szellem\u0171 szem\u00e9lyeket, aki hajland\u00f3ak ezt \u00f6nk\u00e9ntes alapon tan\u00edtani. Zen\u00e9szeket is sz\u00edvesen l\u00e1tunk, mert r\u00e1juk is nagy sz\u00fcks\u00e9g lenne. K\u00fcl\u00f6nleges alkalmakkor gyerekt\u00e1nch\u00e1zat is szervez\u00fcnk.<\/p><p><em>K\u00e1kay Katalin \u00e9s K\u00e1kay Attila<\/em><\/p>\t\t\t\t\t\t\t\t<\/div>\n\t\t\t\t<\/div>\n\t\t\t\t<div class=\"elementor-element elementor-element-61e77b3 elementor-widget elementor-widget-image\" data-id=\"61e77b3\" data-element_type=\"widget\" data-e-type=\"widget\" data-widget_type=\"image.default\">\n\t\t\t\t<div class=\"elementor-widget-container\">\n\t\t\t\t\t\t\t\t\t\t\t\t\t\t\t<img fetchpriority=\"high\" decoding=\"async\" width=\"800\" height=\"334\" src=\"https:\/\/manyoki.de\/wp-content\/uploads\/2025\/08\/tanchaz_ajanlo-1024x427.png\" class=\"attachment-large size-large wp-image-1583\" alt=\"\" srcset=\"https:\/\/manyoki.de\/wp-content\/uploads\/2025\/08\/tanchaz_ajanlo-1024x427.png 1024w, https:\/\/manyoki.de\/wp-content\/uploads\/2025\/08\/tanchaz_ajanlo-300x125.png 300w, https:\/\/manyoki.de\/wp-content\/uploads\/2025\/08\/tanchaz_ajanlo-768x320.png 768w, https:\/\/manyoki.de\/wp-content\/uploads\/2025\/08\/tanchaz_ajanlo-1536x640.png 1536w, https:\/\/manyoki.de\/wp-content\/uploads\/2025\/08\/tanchaz_ajanlo.png 1921w\" sizes=\"(max-width: 800px) 100vw, 800px\" \/>\t\t\t\t\t\t\t\t\t\t\t\t\t\t\t<\/div>\n\t\t\t\t<\/div>\n\t\t\t\t\t<\/div>\n\t\t<\/div>\n\t\t\t\t\t<\/div>\n\t\t<\/section>\n\t\t\t\t\t<\/div>\n\t\t<\/div>\n\t\t\t\t\t<\/div>\n\t\t<\/section>\n\t\t\t\t<\/div>","protected":false},"excerpt":{"rendered":"<p>Drezdai magyar t\u00e1nch\u00e1z Kedves \u00e9rdekl\u0151d\u0151! 2020-ban kezdt\u00fck el a drezdai t\u00e1nch\u00e1z megszervez\u00e9s\u00e9t. Bels\u0151 ind\u00edttat\u00e1sb\u00f3l indult, szerett\u00fck volna az otthoni, erd\u00e9lyi t\u00e1nch\u00e1zak hangulat\u00e1t megteremteni. A kezdeti \u00e9rdekl\u0151d\u00e9st \u00e9s a rendszeresen r\u00e9sztvev\u0151k lelkesed\u00e9s\u00e9t tapasztalva, havonta egyszer tal\u00e1lkozunk a Pegasus Tanzschule-ban s egy\u00fctt ropjuk. \u00dagy gondoljuk, hogy a t\u00e1nc \u00f6sszek\u00f6t, k\u00f6z\u00f6ss\u00e9get teremt, ugyanakkor egyed\u00fcl\u00e1ll\u00f3 kultur\u00e1lis \u00f6r\u00f6ks\u00e9get \u00e9l\u00fcnk meg. [&hellip;]<\/p>\n","protected":false},"author":1,"featured_media":0,"parent":0,"menu_order":0,"comment_status":"closed","ping_status":"closed","template":"elementor_header_footer","meta":{"footnotes":""},"class_list":["post-1258","page","type-page","status-publish","hentry"],"yoast_head":"<!-- This site is optimized with the Yoast SEO plugin v27.4 - https:\/\/yoast.com\/product\/yoast-seo-wordpress\/ -->\n<title>aj\u00e1nl\u00f3 T\u00e1nch\u00e1z - M\u00e1nyoki \u00c1d\u00e1m deutsch-ungarischer Kulturverein e.V.<\/title>\n<meta name=\"robots\" content=\"index, follow, max-snippet:-1, max-image-preview:large, max-video-preview:-1\" \/>\n<link rel=\"canonical\" href=\"https:\/\/manyoki.de\/de\/tanchaz-ajanlo\/\" \/>\n<meta property=\"og:locale\" content=\"de_DE\" \/>\n<meta property=\"og:type\" content=\"article\" \/>\n<meta property=\"og:title\" content=\"aj\u00e1nl\u00f3 T\u00e1nch\u00e1z - M\u00e1nyoki \u00c1d\u00e1m deutsch-ungarischer Kulturverein e.V.\" \/>\n<meta property=\"og:description\" content=\"Drezdai magyar t\u00e1nch\u00e1z Kedves \u00e9rdekl\u0151d\u0151! 2020-ban kezdt\u00fck el a drezdai t\u00e1nch\u00e1z megszervez\u00e9s\u00e9t. Bels\u0151 ind\u00edttat\u00e1sb\u00f3l indult, szerett\u00fck volna az otthoni, erd\u00e9lyi t\u00e1nch\u00e1zak hangulat\u00e1t megteremteni. A kezdeti \u00e9rdekl\u0151d\u00e9st \u00e9s a rendszeresen r\u00e9sztvev\u0151k lelkesed\u00e9s\u00e9t tapasztalva, havonta egyszer tal\u00e1lkozunk a Pegasus Tanzschule-ban s egy\u00fctt ropjuk. \u00dagy gondoljuk, hogy a t\u00e1nc \u00f6sszek\u00f6t, k\u00f6z\u00f6ss\u00e9get teremt, ugyanakkor egyed\u00fcl\u00e1ll\u00f3 kultur\u00e1lis \u00f6r\u00f6ks\u00e9get \u00e9l\u00fcnk meg. [&hellip;]\" \/>\n<meta property=\"og:url\" content=\"https:\/\/manyoki.de\/de\/tanchaz-ajanlo\/\" \/>\n<meta property=\"og:site_name\" content=\"M\u00e1nyoki \u00c1d\u00e1m deutsch-ungarischer Kulturverein e.V.\" \/>\n<meta property=\"article:modified_time\" content=\"2025-08-23T06:14:32+00:00\" \/>\n<meta name=\"twitter:card\" content=\"summary_large_image\" \/>\n<meta name=\"twitter:label1\" content=\"Gesch\u00e4tzte Lesezeit\" \/>\n\t<meta name=\"twitter:data1\" content=\"1\u00a0Minute\" \/>\n<script type=\"application\/ld+json\" class=\"yoast-schema-graph\">{\"@context\":\"https:\\\/\\\/schema.org\",\"@graph\":[{\"@type\":\"WebPage\",\"@id\":\"https:\\\/\\\/manyoki.de\\\/tanchaz-ajanlo\\\/\",\"url\":\"https:\\\/\\\/manyoki.de\\\/tanchaz-ajanlo\\\/\",\"name\":\"aj\u00e1nl\u00f3 T\u00e1nch\u00e1z - M\u00e1nyoki \u00c1d\u00e1m deutsch-ungarischer Kulturverein e.V.\",\"isPartOf\":{\"@id\":\"https:\\\/\\\/manyoki.de\\\/#website\"},\"primaryImageOfPage\":{\"@id\":\"https:\\\/\\\/manyoki.de\\\/tanchaz-ajanlo\\\/#primaryimage\"},\"image\":{\"@id\":\"https:\\\/\\\/manyoki.de\\\/tanchaz-ajanlo\\\/#primaryimage\"},\"thumbnailUrl\":\"https:\\\/\\\/manyoki.de\\\/wp-content\\\/uploads\\\/2025\\\/08\\\/tanchaz_ajanlo-1024x427.png\",\"datePublished\":\"2025-03-14T14:46:26+00:00\",\"dateModified\":\"2025-08-23T06:14:32+00:00\",\"breadcrumb\":{\"@id\":\"https:\\\/\\\/manyoki.de\\\/tanchaz-ajanlo\\\/#breadcrumb\"},\"inLanguage\":\"de\",\"potentialAction\":[{\"@type\":\"ReadAction\",\"target\":[\"https:\\\/\\\/manyoki.de\\\/tanchaz-ajanlo\\\/\"]}]},{\"@type\":\"ImageObject\",\"inLanguage\":\"de\",\"@id\":\"https:\\\/\\\/manyoki.de\\\/tanchaz-ajanlo\\\/#primaryimage\",\"url\":\"https:\\\/\\\/manyoki.de\\\/wp-content\\\/uploads\\\/2025\\\/08\\\/tanchaz_ajanlo-1024x427.png\",\"contentUrl\":\"https:\\\/\\\/manyoki.de\\\/wp-content\\\/uploads\\\/2025\\\/08\\\/tanchaz_ajanlo-1024x427.png\"},{\"@type\":\"BreadcrumbList\",\"@id\":\"https:\\\/\\\/manyoki.de\\\/tanchaz-ajanlo\\\/#breadcrumb\",\"itemListElement\":[{\"@type\":\"ListItem\",\"position\":1,\"name\":\"Home\",\"item\":\"https:\\\/\\\/manyoki.de\\\/\"},{\"@type\":\"ListItem\",\"position\":2,\"name\":\"aj\u00e1nl\u00f3 T\u00e1nch\u00e1z\"}]},{\"@type\":\"WebSite\",\"@id\":\"https:\\\/\\\/manyoki.de\\\/#website\",\"url\":\"https:\\\/\\\/manyoki.de\\\/\",\"name\":\"M\u00e1nyoki \u00c1d\u00e1m deutsch-ungarischer Kulturverein e.V.\",\"description\":\"Megval\u00f3sult a Magyar Korm\u00e1ny t\u00e1mogat\u00e1s\u00e1val!\",\"publisher\":{\"@id\":\"https:\\\/\\\/manyoki.de\\\/#organization\"},\"potentialAction\":[{\"@type\":\"SearchAction\",\"target\":{\"@type\":\"EntryPoint\",\"urlTemplate\":\"https:\\\/\\\/manyoki.de\\\/?s={search_term_string}\"},\"query-input\":{\"@type\":\"PropertyValueSpecification\",\"valueRequired\":true,\"valueName\":\"search_term_string\"}}],\"inLanguage\":\"de\"},{\"@type\":\"Organization\",\"@id\":\"https:\\\/\\\/manyoki.de\\\/#organization\",\"name\":\"M\u00e1nyoki \u00c1d\u00e1m deutsch-ungarischer Kulturverein e.V.\",\"url\":\"https:\\\/\\\/manyoki.de\\\/\",\"logo\":{\"@type\":\"ImageObject\",\"inLanguage\":\"de\",\"@id\":\"https:\\\/\\\/manyoki.de\\\/#\\\/schema\\\/logo\\\/image\\\/\",\"url\":\"\",\"contentUrl\":\"\",\"caption\":\"M\u00e1nyoki \u00c1d\u00e1m deutsch-ungarischer Kulturverein e.V.\"},\"image\":{\"@id\":\"https:\\\/\\\/manyoki.de\\\/#\\\/schema\\\/logo\\\/image\\\/\"}}]}<\/script>\n<!-- \/ Yoast SEO plugin. -->","yoast_head_json":{"title":"aj\u00e1nl\u00f3 T\u00e1nch\u00e1z - M\u00e1nyoki \u00c1d\u00e1m deutsch-ungarischer Kulturverein e.V.","robots":{"index":"index","follow":"follow","max-snippet":"max-snippet:-1","max-image-preview":"max-image-preview:large","max-video-preview":"max-video-preview:-1"},"canonical":"https:\/\/manyoki.de\/de\/tanchaz-ajanlo\/","og_locale":"de_DE","og_type":"article","og_title":"aj\u00e1nl\u00f3 T\u00e1nch\u00e1z - M\u00e1nyoki \u00c1d\u00e1m deutsch-ungarischer Kulturverein e.V.","og_description":"Drezdai magyar t\u00e1nch\u00e1z Kedves \u00e9rdekl\u0151d\u0151! 2020-ban kezdt\u00fck el a drezdai t\u00e1nch\u00e1z megszervez\u00e9s\u00e9t. Bels\u0151 ind\u00edttat\u00e1sb\u00f3l indult, szerett\u00fck volna az otthoni, erd\u00e9lyi t\u00e1nch\u00e1zak hangulat\u00e1t megteremteni. A kezdeti \u00e9rdekl\u0151d\u00e9st \u00e9s a rendszeresen r\u00e9sztvev\u0151k lelkesed\u00e9s\u00e9t tapasztalva, havonta egyszer tal\u00e1lkozunk a Pegasus Tanzschule-ban s egy\u00fctt ropjuk. \u00dagy gondoljuk, hogy a t\u00e1nc \u00f6sszek\u00f6t, k\u00f6z\u00f6ss\u00e9get teremt, ugyanakkor egyed\u00fcl\u00e1ll\u00f3 kultur\u00e1lis \u00f6r\u00f6ks\u00e9get \u00e9l\u00fcnk meg. [&hellip;]","og_url":"https:\/\/manyoki.de\/de\/tanchaz-ajanlo\/","og_site_name":"M\u00e1nyoki \u00c1d\u00e1m deutsch-ungarischer Kulturverein e.V.","article_modified_time":"2025-08-23T06:14:32+00:00","twitter_card":"summary_large_image","twitter_misc":{"Gesch\u00e4tzte Lesezeit":"1\u00a0Minute"},"schema":{"@context":"https:\/\/schema.org","@graph":[{"@type":"WebPage","@id":"https:\/\/manyoki.de\/tanchaz-ajanlo\/","url":"https:\/\/manyoki.de\/tanchaz-ajanlo\/","name":"aj\u00e1nl\u00f3 T\u00e1nch\u00e1z - M\u00e1nyoki \u00c1d\u00e1m deutsch-ungarischer Kulturverein e.V.","isPartOf":{"@id":"https:\/\/manyoki.de\/#website"},"primaryImageOfPage":{"@id":"https:\/\/manyoki.de\/tanchaz-ajanlo\/#primaryimage"},"image":{"@id":"https:\/\/manyoki.de\/tanchaz-ajanlo\/#primaryimage"},"thumbnailUrl":"https:\/\/manyoki.de\/wp-content\/uploads\/2025\/08\/tanchaz_ajanlo-1024x427.png","datePublished":"2025-03-14T14:46:26+00:00","dateModified":"2025-08-23T06:14:32+00:00","breadcrumb":{"@id":"https:\/\/manyoki.de\/tanchaz-ajanlo\/#breadcrumb"},"inLanguage":"de","potentialAction":[{"@type":"ReadAction","target":["https:\/\/manyoki.de\/tanchaz-ajanlo\/"]}]},{"@type":"ImageObject","inLanguage":"de","@id":"https:\/\/manyoki.de\/tanchaz-ajanlo\/#primaryimage","url":"https:\/\/manyoki.de\/wp-content\/uploads\/2025\/08\/tanchaz_ajanlo-1024x427.png","contentUrl":"https:\/\/manyoki.de\/wp-content\/uploads\/2025\/08\/tanchaz_ajanlo-1024x427.png"},{"@type":"BreadcrumbList","@id":"https:\/\/manyoki.de\/tanchaz-ajanlo\/#breadcrumb","itemListElement":[{"@type":"ListItem","position":1,"name":"Home","item":"https:\/\/manyoki.de\/"},{"@type":"ListItem","position":2,"name":"aj\u00e1nl\u00f3 T\u00e1nch\u00e1z"}]},{"@type":"WebSite","@id":"https:\/\/manyoki.de\/#website","url":"https:\/\/manyoki.de\/","name":"M\u00e1nyoki \u00c1d\u00e1m deutsch-ungarischer Kulturverein e.V.","description":"Megval\u00f3sult a Magyar Korm\u00e1ny t\u00e1mogat\u00e1s\u00e1val!","publisher":{"@id":"https:\/\/manyoki.de\/#organization"},"potentialAction":[{"@type":"SearchAction","target":{"@type":"EntryPoint","urlTemplate":"https:\/\/manyoki.de\/?s={search_term_string}"},"query-input":{"@type":"PropertyValueSpecification","valueRequired":true,"valueName":"search_term_string"}}],"inLanguage":"de"},{"@type":"Organization","@id":"https:\/\/manyoki.de\/#organization","name":"M\u00e1nyoki \u00c1d\u00e1m deutsch-ungarischer Kulturverein e.V.","url":"https:\/\/manyoki.de\/","logo":{"@type":"ImageObject","inLanguage":"de","@id":"https:\/\/manyoki.de\/#\/schema\/logo\/image\/","url":"","contentUrl":"","caption":"M\u00e1nyoki \u00c1d\u00e1m deutsch-ungarischer Kulturverein e.V."},"image":{"@id":"https:\/\/manyoki.de\/#\/schema\/logo\/image\/"}}]}},"_links":{"self":[{"href":"https:\/\/manyoki.de\/de\/wp-json\/wp\/v2\/pages\/1258","targetHints":{"allow":["GET"]}}],"collection":[{"href":"https:\/\/manyoki.de\/de\/wp-json\/wp\/v2\/pages"}],"about":[{"href":"https:\/\/manyoki.de\/de\/wp-json\/wp\/v2\/types\/page"}],"author":[{"embeddable":true,"href":"https:\/\/manyoki.de\/de\/wp-json\/wp\/v2\/users\/1"}],"replies":[{"embeddable":true,"href":"https:\/\/manyoki.de\/de\/wp-json\/wp\/v2\/comments?post=1258"}],"version-history":[{"count":17,"href":"https:\/\/manyoki.de\/de\/wp-json\/wp\/v2\/pages\/1258\/revisions"}],"predecessor-version":[{"id":1586,"href":"https:\/\/manyoki.de\/de\/wp-json\/wp\/v2\/pages\/1258\/revisions\/1586"}],"wp:attachment":[{"href":"https:\/\/manyoki.de\/de\/wp-json\/wp\/v2\/media?parent=1258"}],"curies":[{"name":"wp","href":"https:\/\/api.w.org\/{rel}","templated":true}]}}