{"id":1236,"date":"2025-03-14T10:23:35","date_gmt":"2025-03-14T10:23:35","guid":{"rendered":"https:\/\/manyoki.de\/?page_id=1236"},"modified":"2025-09-20T14:34:03","modified_gmt":"2025-09-20T14:34:03","slug":"palyazat","status":"publish","type":"page","link":"https:\/\/manyoki.de\/de\/palyazat\/","title":{"rendered":"P\u00e1ly\u00e1zati lehet\u0151s\u00e9gek"},"content":{"rendered":"<div data-elementor-type=\"wp-page\" data-elementor-id=\"1236\" class=\"elementor elementor-1236\" data-elementor-post-type=\"page\">\n\t\t\t\t\t\t<section class=\"elementor-section elementor-top-section elementor-element elementor-element-9ada56b elementor-section-boxed elementor-section-height-default elementor-section-height-default\" data-id=\"9ada56b\" data-element_type=\"section\" data-e-type=\"section\">\n\t\t\t\t\t\t<div class=\"elementor-container elementor-column-gap-default\">\n\t\t\t\t\t<div class=\"elementor-column elementor-col-100 elementor-top-column elementor-element elementor-element-45ec2c9\" data-id=\"45ec2c9\" data-element_type=\"column\" data-e-type=\"column\">\n\t\t\t<div class=\"elementor-widget-wrap elementor-element-populated\">\n\t\t\t\t\t\t<section class=\"elementor-section elementor-inner-section elementor-element elementor-element-b96ef67 elementor-section-boxed elementor-section-height-default elementor-section-height-default\" data-id=\"b96ef67\" data-element_type=\"section\" data-e-type=\"section\">\n\t\t\t\t\t\t<div class=\"elementor-container elementor-column-gap-default\">\n\t\t\t\t\t<div class=\"elementor-column elementor-col-100 elementor-inner-column elementor-element elementor-element-3cfee0d\" data-id=\"3cfee0d\" data-element_type=\"column\" data-e-type=\"column\">\n\t\t\t<div class=\"elementor-widget-wrap elementor-element-populated\">\n\t\t\t\t\t\t<div class=\"elementor-element elementor-element-6917986 elementor-widget elementor-widget-heading\" data-id=\"6917986\" data-element_type=\"widget\" data-e-type=\"widget\" data-widget_type=\"heading.default\">\n\t\t\t\t<div class=\"elementor-widget-container\">\n\t\t\t\t\t<h2 class=\"elementor-heading-title elementor-size-default\">P\u00e1ly\u00e1zati lehet\u0151s\u00e9gek<\/h2>\t\t\t\t<\/div>\n\t\t\t\t<\/div>\n\t\t\t\t<div class=\"elementor-element elementor-element-9dc8b06 elementor-widget-divider--view-line elementor-widget elementor-widget-divider\" data-id=\"9dc8b06\" data-element_type=\"widget\" data-e-type=\"widget\" data-widget_type=\"divider.default\">\n\t\t\t\t<div class=\"elementor-widget-container\">\n\t\t\t\t\t\t\t<div class=\"elementor-divider\">\n\t\t\t<span class=\"elementor-divider-separator\">\n\t\t\t\t\t\t<\/span>\n\t\t<\/div>\n\t\t\t\t\t\t<\/div>\n\t\t\t\t<\/div>\n\t\t\t\t<div class=\"elementor-element elementor-element-0b34b4a elementor-widget-divider--view-line elementor-widget elementor-widget-divider\" data-id=\"0b34b4a\" data-element_type=\"widget\" data-e-type=\"widget\" data-widget_type=\"divider.default\">\n\t\t\t\t<div class=\"elementor-widget-container\">\n\t\t\t\t\t\t\t<div class=\"elementor-divider\">\n\t\t\t<span class=\"elementor-divider-separator\">\n\t\t\t\t\t\t<\/span>\n\t\t<\/div>\n\t\t\t\t\t\t<\/div>\n\t\t\t\t<\/div>\n\t\t\t\t<div class=\"elementor-element elementor-element-224405c elementor-widget-divider--view-line elementor-widget elementor-widget-divider\" data-id=\"224405c\" data-element_type=\"widget\" data-e-type=\"widget\" data-widget_type=\"divider.default\">\n\t\t\t\t<div class=\"elementor-widget-container\">\n\t\t\t\t\t\t\t<div class=\"elementor-divider\">\n\t\t\t<span class=\"elementor-divider-separator\">\n\t\t\t\t\t\t<\/span>\n\t\t<\/div>\n\t\t\t\t\t\t<\/div>\n\t\t\t\t<\/div>\n\t\t\t\t\t<\/div>\n\t\t<\/div>\n\t\t\t\t\t<\/div>\n\t\t<\/section>\n\t\t\t\t\t<\/div>\n\t\t<\/div>\n\t\t\t\t\t<\/div>\n\t\t<\/section>\n\t\t\t\t<\/div>","protected":false},"excerpt":{"rendered":"<p>P\u00e1ly\u00e1zati lehet\u0151s\u00e9gek<\/p>","protected":false},"author":1,"featured_media":0,"parent":0,"menu_order":0,"comment_status":"closed","ping_status":"closed","template":"elementor_header_footer","meta":{"footnotes":""},"class_list":["post-1236","page","type-page","status-publish","hentry"],"yoast_head":"<!-- This site is optimized with the Yoast SEO plugin v27.4 - https:\/\/yoast.com\/product\/yoast-seo-wordpress\/ -->\n<title>P\u00e1ly\u00e1zati lehet\u0151s\u00e9gek - M\u00e1nyoki \u00c1d\u00e1m deutsch-ungarischer Kulturverein e.V.<\/title>\n<meta name=\"robots\" content=\"index, follow, max-snippet:-1, max-image-preview:large, max-video-preview:-1\" \/>\n<link rel=\"canonical\" href=\"https:\/\/manyoki.de\/de\/palyazat\/\" \/>\n<meta property=\"og:locale\" content=\"de_DE\" \/>\n<meta property=\"og:type\" content=\"article\" \/>\n<meta property=\"og:title\" content=\"P\u00e1ly\u00e1zati lehet\u0151s\u00e9gek - M\u00e1nyoki \u00c1d\u00e1m deutsch-ungarischer Kulturverein e.V.\" \/>\n<meta property=\"og:description\" content=\"P\u00e1ly\u00e1zati lehet\u0151s\u00e9gek\" \/>\n<meta property=\"og:url\" content=\"https:\/\/manyoki.de\/de\/palyazat\/\" \/>\n<meta property=\"og:site_name\" content=\"M\u00e1nyoki \u00c1d\u00e1m deutsch-ungarischer Kulturverein e.V.\" \/>\n<meta property=\"article:modified_time\" content=\"2025-09-20T14:34:03+00:00\" \/>\n<meta name=\"twitter:card\" content=\"summary_large_image\" \/>\n<meta name=\"twitter:label1\" content=\"Gesch\u00e4tzte Lesezeit\" \/>\n\t<meta name=\"twitter:data1\" content=\"1\u00a0Minute\" \/>\n<script type=\"application\/ld+json\" class=\"yoast-schema-graph\">{\"@context\":\"https:\\\/\\\/schema.org\",\"@graph\":[{\"@type\":\"WebPage\",\"@id\":\"https:\\\/\\\/manyoki.de\\\/palyazat\\\/\",\"url\":\"https:\\\/\\\/manyoki.de\\\/palyazat\\\/\",\"name\":\"P\u00e1ly\u00e1zati lehet\u0151s\u00e9gek - M\u00e1nyoki \u00c1d\u00e1m deutsch-ungarischer Kulturverein e.V.\",\"isPartOf\":{\"@id\":\"https:\\\/\\\/manyoki.de\\\/#website\"},\"datePublished\":\"2025-03-14T10:23:35+00:00\",\"dateModified\":\"2025-09-20T14:34:03+00:00\",\"breadcrumb\":{\"@id\":\"https:\\\/\\\/manyoki.de\\\/palyazat\\\/#breadcrumb\"},\"inLanguage\":\"de\",\"potentialAction\":[{\"@type\":\"ReadAction\",\"target\":[\"https:\\\/\\\/manyoki.de\\\/palyazat\\\/\"]}]},{\"@type\":\"BreadcrumbList\",\"@id\":\"https:\\\/\\\/manyoki.de\\\/palyazat\\\/#breadcrumb\",\"itemListElement\":[{\"@type\":\"ListItem\",\"position\":1,\"name\":\"Home\",\"item\":\"https:\\\/\\\/manyoki.de\\\/\"},{\"@type\":\"ListItem\",\"position\":2,\"name\":\"P\u00e1ly\u00e1zati lehet\u0151s\u00e9gek\"}]},{\"@type\":\"WebSite\",\"@id\":\"https:\\\/\\\/manyoki.de\\\/#website\",\"url\":\"https:\\\/\\\/manyoki.de\\\/\",\"name\":\"M\u00e1nyoki \u00c1d\u00e1m deutsch-ungarischer Kulturverein e.V.\",\"description\":\"Megval\u00f3sult a Magyar Korm\u00e1ny t\u00e1mogat\u00e1s\u00e1val!\",\"publisher\":{\"@id\":\"https:\\\/\\\/manyoki.de\\\/#organization\"},\"potentialAction\":[{\"@type\":\"SearchAction\",\"target\":{\"@type\":\"EntryPoint\",\"urlTemplate\":\"https:\\\/\\\/manyoki.de\\\/?s={search_term_string}\"},\"query-input\":{\"@type\":\"PropertyValueSpecification\",\"valueRequired\":true,\"valueName\":\"search_term_string\"}}],\"inLanguage\":\"de\"},{\"@type\":\"Organization\",\"@id\":\"https:\\\/\\\/manyoki.de\\\/#organization\",\"name\":\"M\u00e1nyoki \u00c1d\u00e1m deutsch-ungarischer Kulturverein e.V.\",\"url\":\"https:\\\/\\\/manyoki.de\\\/\",\"logo\":{\"@type\":\"ImageObject\",\"inLanguage\":\"de\",\"@id\":\"https:\\\/\\\/manyoki.de\\\/#\\\/schema\\\/logo\\\/image\\\/\",\"url\":\"\",\"contentUrl\":\"\",\"caption\":\"M\u00e1nyoki \u00c1d\u00e1m deutsch-ungarischer Kulturverein e.V.\"},\"image\":{\"@id\":\"https:\\\/\\\/manyoki.de\\\/#\\\/schema\\\/logo\\\/image\\\/\"}}]}<\/script>\n<!-- \/ Yoast SEO plugin. -->","yoast_head_json":{"title":"P\u00e1ly\u00e1zati lehet\u0151s\u00e9gek - M\u00e1nyoki \u00c1d\u00e1m deutsch-ungarischer Kulturverein e.V.","robots":{"index":"index","follow":"follow","max-snippet":"max-snippet:-1","max-image-preview":"max-image-preview:large","max-video-preview":"max-video-preview:-1"},"canonical":"https:\/\/manyoki.de\/de\/palyazat\/","og_locale":"de_DE","og_type":"article","og_title":"P\u00e1ly\u00e1zati lehet\u0151s\u00e9gek - M\u00e1nyoki \u00c1d\u00e1m deutsch-ungarischer Kulturverein e.V.","og_description":"P\u00e1ly\u00e1zati lehet\u0151s\u00e9gek","og_url":"https:\/\/manyoki.de\/de\/palyazat\/","og_site_name":"M\u00e1nyoki \u00c1d\u00e1m deutsch-ungarischer Kulturverein e.V.","article_modified_time":"2025-09-20T14:34:03+00:00","twitter_card":"summary_large_image","twitter_misc":{"Gesch\u00e4tzte Lesezeit":"1\u00a0Minute"},"schema":{"@context":"https:\/\/schema.org","@graph":[{"@type":"WebPage","@id":"https:\/\/manyoki.de\/palyazat\/","url":"https:\/\/manyoki.de\/palyazat\/","name":"P\u00e1ly\u00e1zati lehet\u0151s\u00e9gek - M\u00e1nyoki \u00c1d\u00e1m deutsch-ungarischer Kulturverein e.V.","isPartOf":{"@id":"https:\/\/manyoki.de\/#website"},"datePublished":"2025-03-14T10:23:35+00:00","dateModified":"2025-09-20T14:34:03+00:00","breadcrumb":{"@id":"https:\/\/manyoki.de\/palyazat\/#breadcrumb"},"inLanguage":"de","potentialAction":[{"@type":"ReadAction","target":["https:\/\/manyoki.de\/palyazat\/"]}]},{"@type":"BreadcrumbList","@id":"https:\/\/manyoki.de\/palyazat\/#breadcrumb","itemListElement":[{"@type":"ListItem","position":1,"name":"Home","item":"https:\/\/manyoki.de\/"},{"@type":"ListItem","position":2,"name":"P\u00e1ly\u00e1zati lehet\u0151s\u00e9gek"}]},{"@type":"WebSite","@id":"https:\/\/manyoki.de\/#website","url":"https:\/\/manyoki.de\/","name":"M\u00e1nyoki \u00c1d\u00e1m deutsch-ungarischer Kulturverein e.V.","description":"Megval\u00f3sult a Magyar Korm\u00e1ny t\u00e1mogat\u00e1s\u00e1val!","publisher":{"@id":"https:\/\/manyoki.de\/#organization"},"potentialAction":[{"@type":"SearchAction","target":{"@type":"EntryPoint","urlTemplate":"https:\/\/manyoki.de\/?s={search_term_string}"},"query-input":{"@type":"PropertyValueSpecification","valueRequired":true,"valueName":"search_term_string"}}],"inLanguage":"de"},{"@type":"Organization","@id":"https:\/\/manyoki.de\/#organization","name":"M\u00e1nyoki \u00c1d\u00e1m deutsch-ungarischer Kulturverein e.V.","url":"https:\/\/manyoki.de\/","logo":{"@type":"ImageObject","inLanguage":"de","@id":"https:\/\/manyoki.de\/#\/schema\/logo\/image\/","url":"","contentUrl":"","caption":"M\u00e1nyoki \u00c1d\u00e1m deutsch-ungarischer Kulturverein e.V."},"image":{"@id":"https:\/\/manyoki.de\/#\/schema\/logo\/image\/"}}]}},"_links":{"self":[{"href":"https:\/\/manyoki.de\/de\/wp-json\/wp\/v2\/pages\/1236","targetHints":{"allow":["GET"]}}],"collection":[{"href":"https:\/\/manyoki.de\/de\/wp-json\/wp\/v2\/pages"}],"about":[{"href":"https:\/\/manyoki.de\/de\/wp-json\/wp\/v2\/types\/page"}],"author":[{"embeddable":true,"href":"https:\/\/manyoki.de\/de\/wp-json\/wp\/v2\/users\/1"}],"replies":[{"embeddable":true,"href":"https:\/\/manyoki.de\/de\/wp-json\/wp\/v2\/comments?post=1236"}],"version-history":[{"count":30,"href":"https:\/\/manyoki.de\/de\/wp-json\/wp\/v2\/pages\/1236\/revisions"}],"predecessor-version":[{"id":1648,"href":"https:\/\/manyoki.de\/de\/wp-json\/wp\/v2\/pages\/1236\/revisions\/1648"}],"wp:attachment":[{"href":"https:\/\/manyoki.de\/de\/wp-json\/wp\/v2\/media?parent=1236"}],"curies":[{"name":"wp","href":"https:\/\/api.w.org\/{rel}","templated":true}]}}