{"id":1160,"date":"2025-02-22T14:31:25","date_gmt":"2025-02-22T14:31:25","guid":{"rendered":"https:\/\/manyoki.de\/?page_id=1160"},"modified":"2025-06-26T12:49:27","modified_gmt":"2025-06-26T12:49:27","slug":"tamogatas","status":"publish","type":"page","link":"https:\/\/manyoki.de\/de\/tamogatas\/","title":{"rendered":"T\u00e1mogat\u00e1s"},"content":{"rendered":"\t\t<div data-elementor-type=\"wp-page\" data-elementor-id=\"1160\" class=\"elementor elementor-1160\" data-elementor-post-type=\"page\">\n\t\t\t\t\t\t<section class=\"elementor-section elementor-top-section elementor-element elementor-element-a8db552 elementor-section-boxed elementor-section-height-default elementor-section-height-default\" data-id=\"a8db552\" data-element_type=\"section\" data-e-type=\"section\">\n\t\t\t\t\t\t<div class=\"elementor-container elementor-column-gap-default\">\n\t\t\t\t\t<div class=\"elementor-column elementor-col-50 elementor-top-column elementor-element elementor-element-e6a27bd\" data-id=\"e6a27bd\" data-element_type=\"column\" data-e-type=\"column\">\n\t\t\t<div class=\"elementor-widget-wrap elementor-element-populated\">\n\t\t\t\t<div class=\"elementor-element elementor-element-d2685a1 e-flex e-con-boxed e-con e-parent\" data-id=\"d2685a1\" data-element_type=\"container\" data-e-type=\"container\">\n\t\t\t\t\t<div class=\"e-con-inner\">\n\t\t\t\t<div class=\"elementor-element elementor-element-8b695b1 elementor-widget elementor-widget-image\" data-id=\"8b695b1\" data-element_type=\"widget\" data-e-type=\"widget\" data-widget_type=\"image.default\">\n\t\t\t\t<div class=\"elementor-widget-container\">\n\t\t\t\t\t\t\t\t\t\t\t\t\t\t\t<img fetchpriority=\"high\" decoding=\"async\" width=\"488\" height=\"691\" src=\"https:\/\/manyoki.de\/wp-content\/uploads\/2025\/02\/ORSZ_NEMG_Kv_11_Manyoki__pages68-68.png\" class=\"attachment-large size-large wp-image-722\" alt=\"\" srcset=\"https:\/\/manyoki.de\/wp-content\/uploads\/2025\/02\/ORSZ_NEMG_Kv_11_Manyoki__pages68-68.png 488w, https:\/\/manyoki.de\/wp-content\/uploads\/2025\/02\/ORSZ_NEMG_Kv_11_Manyoki__pages68-68-212x300.png 212w\" sizes=\"(max-width: 488px) 100vw, 488px\" \/>\t\t\t\t\t\t\t\t\t\t\t\t\t\t\t<\/div>\n\t\t\t\t<\/div>\n\t\t\t\t<div class=\"elementor-element elementor-element-b4e98c8 elementor-widget elementor-widget-text-editor\" data-id=\"b4e98c8\" data-element_type=\"widget\" data-e-type=\"widget\" data-widget_type=\"text-editor.default\">\n\t\t\t\t<div class=\"elementor-widget-container\">\n\t\t\t\t\t\t\t\t\t<p>\u00d6narck\u00e9p (Selbstbildnis) 1711, Budapest, Magyar Nemzeti Gal\u00e9ria (Ungarische Nationalgalerie) [1]<\/p><p>[1] Enik\u0151 Buz\u00e1si: <i>\u00c1d\u00e1m M\u00e1nyoki (1673\u20131757). Monographie und \u0152uvrekatalog<\/i>. Ungarische Nationalgalerie und Pannon GSM, Budapest 2003, <a href=\"https:\/\/de.wikipedia.org\/wiki\/Spezial:ISBN-Suche\/9637432868\">ISBN 963-7432-86-8<\/a> (<a href=\"https:\/\/library.hungaricana.hu\/hu\/view\/ORSZ_NEMG_Kv_11_Manyoki\/?pg=4&amp;layout=s&amp;query=Adam%2520Manyoki\">library.hungaricana.hu<\/a>).<\/p>\t\t\t\t\t\t\t\t<\/div>\n\t\t\t\t<\/div>\n\t\t\t\t\t<\/div>\n\t\t\t\t<\/div>\n\t\t\t\t\t<\/div>\n\t\t<\/div>\n\t\t\t\t<div class=\"elementor-column elementor-col-50 elementor-top-column elementor-element elementor-element-d74b87b\" data-id=\"d74b87b\" data-element_type=\"column\" data-e-type=\"column\">\n\t\t\t<div class=\"elementor-widget-wrap elementor-element-populated\">\n\t\t\t\t\t\t<div class=\"elementor-element elementor-element-c0ee898 elementor-widget elementor-widget-text-editor\" data-id=\"c0ee898\" data-element_type=\"widget\" data-e-type=\"widget\" data-widget_type=\"text-editor.default\">\n\t\t\t\t<div class=\"elementor-widget-container\">\n\t\t\t\t\t\t\t\t\t<h4>Kedves L\u00e1togat\u00f3!<\/h4><h4 style=\"text-align: left;\">Egyes\u00fclet\u00fcnk kis tagsz\u00e1mmal m\u0171k\u00f6dik, azonban a jelenlegi vezet\u0151s\u00e9g elt\u00f6k\u00e9lt, hogy a Drezd\u00e1ban \u00e9s k\u00f6rny\u00e9k\u00e9n \u00e9l\u0151 magyars\u00e1got megsz\u00f3l\u00edtsa. Amennyiben \u00fagy \u00e9rzi, hogy seg\u00edtene szeretne, csatlakozhat hozz\u00e1nk vagy sz\u00edvesen fogadjuk adakoz\u00e1s\u00e1t, amit sz\u00e1mlasz\u00e1munkra k\u00f6zvetlen\u00fcl utalhat \u201eSpende\u201c (adom\u00e1ny) befizet\u00e9si jogc\u00edmmel.<\/h4><h4>\u00a0<\/h4><h4 style=\"text-align: left;\">Lieber Besucher!<\/h4><h4 style=\"text-align: left;\">Unser Verein hat nur wenige Mitglieder, aber die derzeitige Vorstand ist entschlossen, die ungarische Gemeinschaft in und um Dresden zu erreichen. Wenn Sie das Gef\u00fchl haben, dass Sie helfen m\u00f6chten, k\u00f6nnen Sie uns beitreten oder wir freuen uns \u00fcber Ihre Spende, die Sie direkt auf unser Konto mit dem Verwendungszweck \u201eSpende\u201c \u00fcberweisen k\u00f6nnen.<\/h4><h4>\u00a0<\/h4><h4 style=\"text-align: left;\"><strong>Konto: M\u00e1nyoki \u00c1d\u00e1m deutsch-ungarischer Kulturverein e.V.<\/strong><\/h4><h4 style=\"text-align: left;\"><strong>IBAN<\/strong>: DE 91 8505 0300 0221 1596 30<\/h4><h4 style=\"text-align: left;\"><strong>BIC<\/strong>: OSDDDE81XXX<\/h4><h4 style=\"text-align: left;\"><strong>Steuernummer<\/strong>: 203 \/ 142 \/ 00455<\/h4><h4 style=\"text-align: left;\"><strong>Vereinsregister Dresden<\/strong>: Registernummer VR 11198<\/h4><h2 style=\"text-align: left;\"><strong>T\u00e1mogat\u00f3ink \/ Unsere Unterst\u00fctzer<\/strong><\/h2><h3 style=\"text-align: left;\"><a href=\"https:\/\/www.geotechnik-dresden.de\" target=\"_blank\" rel=\"noopener\">B\u00fcro f\u00fcr Geotechnik Ivanics &amp; Neumann PartGmbB Dresden\u00a0<\/a><\/h3>\t\t\t\t\t\t\t\t<\/div>\n\t\t\t\t<\/div>\n\t\t\t\t\t<\/div>\n\t\t<\/div>\n\t\t\t\t\t<\/div>\n\t\t<\/section>\n\t\t\t\t<\/div>\n\t\t","protected":false},"excerpt":{"rendered":"<p>\u00d6narck\u00e9p (Selbstbildnis) 1711, Budapest, Magyar Nemzeti Gal\u00e9ria (Ungarische Nationalgalerie) [1] [1] Enik\u0151 Buz\u00e1si: \u00c1d\u00e1m M\u00e1nyoki (1673\u20131757). Monographie und \u0152uvrekatalog. Ungarische Nationalgalerie und Pannon GSM, Budapest 2003, ISBN 963-7432-86-8 (library.hungaricana.hu). Kedves L\u00e1togat\u00f3! Egyes\u00fclet\u00fcnk kis tagsz\u00e1mmal m\u0171k\u00f6dik, azonban a jelenlegi vezet\u0151s\u00e9g elt\u00f6k\u00e9lt, hogy a Drezd\u00e1ban \u00e9s k\u00f6rny\u00e9k\u00e9n \u00e9l\u0151 magyars\u00e1got megsz\u00f3l\u00edtsa. Amennyiben \u00fagy \u00e9rzi, hogy seg\u00edtene szeretne, csatlakozhat [&hellip;]<\/p>\n","protected":false},"author":1,"featured_media":0,"parent":0,"menu_order":0,"comment_status":"closed","ping_status":"closed","template":"elementor_header_footer","meta":{"footnotes":""},"class_list":["post-1160","page","type-page","status-publish","hentry"],"yoast_head":"<!-- This site is optimized with the Yoast SEO plugin v27.4 - https:\/\/yoast.com\/product\/yoast-seo-wordpress\/ -->\n<title>T\u00e1mogat\u00e1s - M\u00e1nyoki \u00c1d\u00e1m deutsch-ungarischer Kulturverein e.V.<\/title>\n<meta name=\"robots\" content=\"index, follow, max-snippet:-1, max-image-preview:large, max-video-preview:-1\" \/>\n<link rel=\"canonical\" href=\"https:\/\/manyoki.de\/de\/tamogatas\/\" \/>\n<meta property=\"og:locale\" content=\"de_DE\" \/>\n<meta property=\"og:type\" content=\"article\" \/>\n<meta property=\"og:title\" content=\"T\u00e1mogat\u00e1s - M\u00e1nyoki \u00c1d\u00e1m deutsch-ungarischer Kulturverein e.V.\" \/>\n<meta property=\"og:description\" content=\"\u00d6narck\u00e9p (Selbstbildnis) 1711, Budapest, Magyar Nemzeti Gal\u00e9ria (Ungarische Nationalgalerie) [1] [1] Enik\u0151 Buz\u00e1si: \u00c1d\u00e1m M\u00e1nyoki (1673\u20131757). Monographie und \u0152uvrekatalog. Ungarische Nationalgalerie und Pannon GSM, Budapest 2003, ISBN 963-7432-86-8 (library.hungaricana.hu). Kedves L\u00e1togat\u00f3! Egyes\u00fclet\u00fcnk kis tagsz\u00e1mmal m\u0171k\u00f6dik, azonban a jelenlegi vezet\u0151s\u00e9g elt\u00f6k\u00e9lt, hogy a Drezd\u00e1ban \u00e9s k\u00f6rny\u00e9k\u00e9n \u00e9l\u0151 magyars\u00e1got megsz\u00f3l\u00edtsa. Amennyiben \u00fagy \u00e9rzi, hogy seg\u00edtene szeretne, csatlakozhat [&hellip;]\" \/>\n<meta property=\"og:url\" content=\"https:\/\/manyoki.de\/de\/tamogatas\/\" \/>\n<meta property=\"og:site_name\" content=\"M\u00e1nyoki \u00c1d\u00e1m deutsch-ungarischer Kulturverein e.V.\" \/>\n<meta property=\"article:modified_time\" content=\"2025-06-26T12:49:27+00:00\" \/>\n<meta property=\"og:image\" content=\"https:\/\/manyoki.de\/wp-content\/uploads\/2025\/02\/ORSZ_NEMG_Kv_11_Manyoki__pages68-68.png\" \/>\n\t<meta property=\"og:image:width\" content=\"488\" \/>\n\t<meta property=\"og:image:height\" content=\"691\" \/>\n\t<meta property=\"og:image:type\" content=\"image\/png\" \/>\n<meta name=\"twitter:card\" content=\"summary_large_image\" \/>\n<meta name=\"twitter:label1\" content=\"Gesch\u00e4tzte Lesezeit\" \/>\n\t<meta name=\"twitter:data1\" content=\"1\u00a0Minute\" \/>\n<script type=\"application\/ld+json\" class=\"yoast-schema-graph\">{\"@context\":\"https:\\\/\\\/schema.org\",\"@graph\":[{\"@type\":\"WebPage\",\"@id\":\"https:\\\/\\\/manyoki.de\\\/tamogatas\\\/\",\"url\":\"https:\\\/\\\/manyoki.de\\\/tamogatas\\\/\",\"name\":\"T\u00e1mogat\u00e1s - M\u00e1nyoki \u00c1d\u00e1m deutsch-ungarischer Kulturverein e.V.\",\"isPartOf\":{\"@id\":\"https:\\\/\\\/manyoki.de\\\/#website\"},\"primaryImageOfPage\":{\"@id\":\"https:\\\/\\\/manyoki.de\\\/tamogatas\\\/#primaryimage\"},\"image\":{\"@id\":\"https:\\\/\\\/manyoki.de\\\/tamogatas\\\/#primaryimage\"},\"thumbnailUrl\":\"https:\\\/\\\/manyoki.de\\\/wp-content\\\/uploads\\\/2025\\\/02\\\/ORSZ_NEMG_Kv_11_Manyoki__pages68-68.png\",\"datePublished\":\"2025-02-22T14:31:25+00:00\",\"dateModified\":\"2025-06-26T12:49:27+00:00\",\"breadcrumb\":{\"@id\":\"https:\\\/\\\/manyoki.de\\\/tamogatas\\\/#breadcrumb\"},\"inLanguage\":\"de\",\"potentialAction\":[{\"@type\":\"ReadAction\",\"target\":[\"https:\\\/\\\/manyoki.de\\\/tamogatas\\\/\"]}]},{\"@type\":\"ImageObject\",\"inLanguage\":\"de\",\"@id\":\"https:\\\/\\\/manyoki.de\\\/tamogatas\\\/#primaryimage\",\"url\":\"https:\\\/\\\/manyoki.de\\\/wp-content\\\/uploads\\\/2025\\\/02\\\/ORSZ_NEMG_Kv_11_Manyoki__pages68-68.png\",\"contentUrl\":\"https:\\\/\\\/manyoki.de\\\/wp-content\\\/uploads\\\/2025\\\/02\\\/ORSZ_NEMG_Kv_11_Manyoki__pages68-68.png\"},{\"@type\":\"BreadcrumbList\",\"@id\":\"https:\\\/\\\/manyoki.de\\\/tamogatas\\\/#breadcrumb\",\"itemListElement\":[{\"@type\":\"ListItem\",\"position\":1,\"name\":\"Home\",\"item\":\"https:\\\/\\\/manyoki.de\\\/\"},{\"@type\":\"ListItem\",\"position\":2,\"name\":\"T\u00e1mogat\u00e1s\"}]},{\"@type\":\"WebSite\",\"@id\":\"https:\\\/\\\/manyoki.de\\\/#website\",\"url\":\"https:\\\/\\\/manyoki.de\\\/\",\"name\":\"M\u00e1nyoki \u00c1d\u00e1m deutsch-ungarischer Kulturverein e.V.\",\"description\":\"Megval\u00f3sult a Magyar Korm\u00e1ny t\u00e1mogat\u00e1s\u00e1val!\",\"publisher\":{\"@id\":\"https:\\\/\\\/manyoki.de\\\/#organization\"},\"potentialAction\":[{\"@type\":\"SearchAction\",\"target\":{\"@type\":\"EntryPoint\",\"urlTemplate\":\"https:\\\/\\\/manyoki.de\\\/?s={search_term_string}\"},\"query-input\":{\"@type\":\"PropertyValueSpecification\",\"valueRequired\":true,\"valueName\":\"search_term_string\"}}],\"inLanguage\":\"de\"},{\"@type\":\"Organization\",\"@id\":\"https:\\\/\\\/manyoki.de\\\/#organization\",\"name\":\"M\u00e1nyoki \u00c1d\u00e1m deutsch-ungarischer Kulturverein e.V.\",\"url\":\"https:\\\/\\\/manyoki.de\\\/\",\"logo\":{\"@type\":\"ImageObject\",\"inLanguage\":\"de\",\"@id\":\"https:\\\/\\\/manyoki.de\\\/#\\\/schema\\\/logo\\\/image\\\/\",\"url\":\"\",\"contentUrl\":\"\",\"caption\":\"M\u00e1nyoki \u00c1d\u00e1m deutsch-ungarischer Kulturverein e.V.\"},\"image\":{\"@id\":\"https:\\\/\\\/manyoki.de\\\/#\\\/schema\\\/logo\\\/image\\\/\"}}]}<\/script>\n<!-- \/ Yoast SEO plugin. -->","yoast_head_json":{"title":"T\u00e1mogat\u00e1s - M\u00e1nyoki \u00c1d\u00e1m deutsch-ungarischer Kulturverein e.V.","robots":{"index":"index","follow":"follow","max-snippet":"max-snippet:-1","max-image-preview":"max-image-preview:large","max-video-preview":"max-video-preview:-1"},"canonical":"https:\/\/manyoki.de\/de\/tamogatas\/","og_locale":"de_DE","og_type":"article","og_title":"T\u00e1mogat\u00e1s - M\u00e1nyoki \u00c1d\u00e1m deutsch-ungarischer Kulturverein e.V.","og_description":"\u00d6narck\u00e9p (Selbstbildnis) 1711, Budapest, Magyar Nemzeti Gal\u00e9ria (Ungarische Nationalgalerie) [1] [1] Enik\u0151 Buz\u00e1si: \u00c1d\u00e1m M\u00e1nyoki (1673\u20131757). Monographie und \u0152uvrekatalog. Ungarische Nationalgalerie und Pannon GSM, Budapest 2003, ISBN 963-7432-86-8 (library.hungaricana.hu). Kedves L\u00e1togat\u00f3! Egyes\u00fclet\u00fcnk kis tagsz\u00e1mmal m\u0171k\u00f6dik, azonban a jelenlegi vezet\u0151s\u00e9g elt\u00f6k\u00e9lt, hogy a Drezd\u00e1ban \u00e9s k\u00f6rny\u00e9k\u00e9n \u00e9l\u0151 magyars\u00e1got megsz\u00f3l\u00edtsa. Amennyiben \u00fagy \u00e9rzi, hogy seg\u00edtene szeretne, csatlakozhat [&hellip;]","og_url":"https:\/\/manyoki.de\/de\/tamogatas\/","og_site_name":"M\u00e1nyoki \u00c1d\u00e1m deutsch-ungarischer Kulturverein e.V.","article_modified_time":"2025-06-26T12:49:27+00:00","og_image":[{"width":488,"height":691,"url":"https:\/\/manyoki.de\/wp-content\/uploads\/2025\/02\/ORSZ_NEMG_Kv_11_Manyoki__pages68-68.png","type":"image\/png"}],"twitter_card":"summary_large_image","twitter_misc":{"Gesch\u00e4tzte Lesezeit":"1\u00a0Minute"},"schema":{"@context":"https:\/\/schema.org","@graph":[{"@type":"WebPage","@id":"https:\/\/manyoki.de\/tamogatas\/","url":"https:\/\/manyoki.de\/tamogatas\/","name":"T\u00e1mogat\u00e1s - M\u00e1nyoki \u00c1d\u00e1m deutsch-ungarischer Kulturverein e.V.","isPartOf":{"@id":"https:\/\/manyoki.de\/#website"},"primaryImageOfPage":{"@id":"https:\/\/manyoki.de\/tamogatas\/#primaryimage"},"image":{"@id":"https:\/\/manyoki.de\/tamogatas\/#primaryimage"},"thumbnailUrl":"https:\/\/manyoki.de\/wp-content\/uploads\/2025\/02\/ORSZ_NEMG_Kv_11_Manyoki__pages68-68.png","datePublished":"2025-02-22T14:31:25+00:00","dateModified":"2025-06-26T12:49:27+00:00","breadcrumb":{"@id":"https:\/\/manyoki.de\/tamogatas\/#breadcrumb"},"inLanguage":"de","potentialAction":[{"@type":"ReadAction","target":["https:\/\/manyoki.de\/tamogatas\/"]}]},{"@type":"ImageObject","inLanguage":"de","@id":"https:\/\/manyoki.de\/tamogatas\/#primaryimage","url":"https:\/\/manyoki.de\/wp-content\/uploads\/2025\/02\/ORSZ_NEMG_Kv_11_Manyoki__pages68-68.png","contentUrl":"https:\/\/manyoki.de\/wp-content\/uploads\/2025\/02\/ORSZ_NEMG_Kv_11_Manyoki__pages68-68.png"},{"@type":"BreadcrumbList","@id":"https:\/\/manyoki.de\/tamogatas\/#breadcrumb","itemListElement":[{"@type":"ListItem","position":1,"name":"Home","item":"https:\/\/manyoki.de\/"},{"@type":"ListItem","position":2,"name":"T\u00e1mogat\u00e1s"}]},{"@type":"WebSite","@id":"https:\/\/manyoki.de\/#website","url":"https:\/\/manyoki.de\/","name":"M\u00e1nyoki \u00c1d\u00e1m deutsch-ungarischer Kulturverein e.V.","description":"Megval\u00f3sult a Magyar Korm\u00e1ny t\u00e1mogat\u00e1s\u00e1val!","publisher":{"@id":"https:\/\/manyoki.de\/#organization"},"potentialAction":[{"@type":"SearchAction","target":{"@type":"EntryPoint","urlTemplate":"https:\/\/manyoki.de\/?s={search_term_string}"},"query-input":{"@type":"PropertyValueSpecification","valueRequired":true,"valueName":"search_term_string"}}],"inLanguage":"de"},{"@type":"Organization","@id":"https:\/\/manyoki.de\/#organization","name":"M\u00e1nyoki \u00c1d\u00e1m deutsch-ungarischer Kulturverein e.V.","url":"https:\/\/manyoki.de\/","logo":{"@type":"ImageObject","inLanguage":"de","@id":"https:\/\/manyoki.de\/#\/schema\/logo\/image\/","url":"","contentUrl":"","caption":"M\u00e1nyoki \u00c1d\u00e1m deutsch-ungarischer Kulturverein e.V."},"image":{"@id":"https:\/\/manyoki.de\/#\/schema\/logo\/image\/"}}]}},"_links":{"self":[{"href":"https:\/\/manyoki.de\/de\/wp-json\/wp\/v2\/pages\/1160","targetHints":{"allow":["GET"]}}],"collection":[{"href":"https:\/\/manyoki.de\/de\/wp-json\/wp\/v2\/pages"}],"about":[{"href":"https:\/\/manyoki.de\/de\/wp-json\/wp\/v2\/types\/page"}],"author":[{"embeddable":true,"href":"https:\/\/manyoki.de\/de\/wp-json\/wp\/v2\/users\/1"}],"replies":[{"embeddable":true,"href":"https:\/\/manyoki.de\/de\/wp-json\/wp\/v2\/comments?post=1160"}],"version-history":[{"count":35,"href":"https:\/\/manyoki.de\/de\/wp-json\/wp\/v2\/pages\/1160\/revisions"}],"predecessor-version":[{"id":1538,"href":"https:\/\/manyoki.de\/de\/wp-json\/wp\/v2\/pages\/1160\/revisions\/1538"}],"wp:attachment":[{"href":"https:\/\/manyoki.de\/de\/wp-json\/wp\/v2\/media?parent=1160"}],"curies":[{"name":"wp","href":"https:\/\/api.w.org\/{rel}","templated":true}]}}